{"id":10009,"date":"2025-08-01T11:51:33","date_gmt":"2025-08-01T08:51:33","guid":{"rendered":"https:\/\/blog.codead.com.tr\/axtaris-motorunun-optimallasdirilmasi\/"},"modified":"2026-02-23T11:18:40","modified_gmt":"2026-02-23T08:18:40","slug":"axtaris-motorunun-optimallasdirilmasi","status":"publish","type":"page","link":"https:\/\/blog.codead.com.tr\/az\/axtaris-motorunun-optimallasdirilmasi\/","title":{"rendered":"Axtar\u0131\u015f motorunun optimalla\u015fd\u0131r\u0131lmas\u0131"},"content":{"rendered":"\t\t<div data-elementor-type=\"wp-page\" data-elementor-id=\"10009\" class=\"elementor elementor-10009 elementor-156\" data-elementor-post-type=\"page\">\n\t\t\t\t<div class=\"elementor-element elementor-element-650c54f e-con-full e-flex e-con e-parent\" data-id=\"650c54f\" data-element_type=\"container\" data-e-type=\"container\">\n\t\t<div class=\"elementor-element elementor-element-c2e5ae0 e-con-full e-flex e-con e-child\" data-id=\"c2e5ae0\" data-element_type=\"container\" data-e-type=\"container\" data-settings=\"{&quot;background_background&quot;:&quot;classic&quot;}\">\n\t\t\t\t<div class=\"elementor-element elementor-element-4a7297d elementor-widget elementor-widget-heading\" data-id=\"4a7297d\" data-element_type=\"widget\" data-e-type=\"widget\" data-widget_type=\"heading.default\">\n\t\t\t\t\t<h2 class=\"elementor-heading-title elementor-size-default\">Axtar\u0131\u015f motorunun optimalla\u015fd\u0131r\u0131lmas\u0131<\/h2>\t\t\t\t<\/div>\n\t\t\t\t<\/div>\n\t\t\t\t<\/div>\n\t\t<div class=\"elementor-element elementor-element-99b048a elementor-hidden-desktop e-flex e-con-boxed e-con e-parent\" data-id=\"99b048a\" data-element_type=\"container\" data-e-type=\"container\">\n\t\t\t\t\t<div class=\"e-con-inner\">\n\t\t<div class=\"elementor-element elementor-element-f3cbf98 e-con-full e-flex e-con e-child\" data-id=\"f3cbf98\" data-element_type=\"container\" data-e-type=\"container\">\n\t\t\t\t<div class=\"elementor-element elementor-element-b4bce3b elementor-widget elementor-widget-heading\" data-id=\"b4bce3b\" data-element_type=\"widget\" data-e-type=\"widget\" data-widget_type=\"heading.default\">\n\t\t\t\t\t<h2 class=\"elementor-heading-title elementor-size-default\">R\u0259q\u0259msal d\u00fcnyada g\u00f6r\u00fcnen olmaq u\u011furlu SEO strategiyas\u0131 t\u0259l\u0259b edir<\/h2>\t\t\t\t<\/div>\n\t\t\t\t<div class=\"elementor-element elementor-element-30da5ce elementor-widget elementor-widget-text-editor\" data-id=\"30da5ce\" data-element_type=\"widget\" data-e-type=\"widget\" data-widget_type=\"text-editor.default\">\n\t\t\t\t\t\t\t\t\tAxtar\u0131\u015f motorlar\u0131n\u0131n optimalla\u015fd\u0131r\u0131lmas\u0131 (SEO) Google kimi axtar\u0131\u015f sisteml\u0259rind\u0259 veb sayt\u0131n\u0131z\u0131n y\u00fcks\u0259k m\u00f6vqed\u0259 yerl\u0259\u015fm\u0259sini t\u0259min ed\u0259n vacib prosesdir. CodeAd-da biz brendinizin r\u0259q\u0259msal m\u00fchitd\u0259 f\u0259rql\u0259nm\u0259sini t\u0259min edir v\u0259 h\u0259d\u0259f auditoriyan\u0131za \u00e7atma\u011f\u0131n\u0131z\u0131 asanla\u015fd\u0131r\u0131r\u0131q. \t\t\t\t\t\t\t\t<\/div>\n\t\t<div class=\"elementor-element elementor-element-20582f4 e-con-full e-flex e-con e-child\" data-id=\"20582f4\" data-element_type=\"container\" data-e-type=\"container\" data-settings=\"{&quot;background_background&quot;:&quot;classic&quot;}\">\n\t\t\t\t<\/div>\n\t\t\t\t<\/div>\n\t\t\t\t\t<\/div>\n\t\t\t\t<\/div>\n\t\t<div class=\"elementor-element elementor-element-e2371af elementor-hidden-tablet elementor-hidden-mobile e-flex e-con-boxed e-con e-parent\" data-id=\"e2371af\" data-element_type=\"container\" data-e-type=\"container\">\n\t\t\t\t\t<div class=\"e-con-inner\">\n\t\t<div class=\"elementor-element elementor-element-0b38fe4 e-con-full cool-split e-flex e-con e-child\" data-id=\"0b38fe4\" data-element_type=\"container\" data-e-type=\"container\">\n\t\t\t\t<div class=\"elementor-element elementor-element-17a0f1f elementor-widget elementor-widget-heading\" data-id=\"17a0f1f\" data-element_type=\"widget\" data-e-type=\"widget\" data-widget_type=\"heading.default\">\n\t\t\t\t\t<h2 class=\"elementor-heading-title elementor-size-default\">R\u0259q\u0259msal d\u00fcnyada g\u00f6r\u00fcnen olmaq u\u011furlu SEO strategiyas\u0131 t\u0259l\u0259b edir<\/h2>\t\t\t\t<\/div>\n\t\t\t\t<div class=\"elementor-element elementor-element-fa19a9c elementor-widget elementor-widget-html\" data-id=\"fa19a9c\" data-element_type=\"widget\" data-e-type=\"widget\" data-widget_type=\"html.default\">\n\t\t\t\t\t<script src=\"https:\/\/cdnjs.cloudflare.com\/ajax\/libs\/gsap\/3.12.5\/gsap.min.js\"><\/script><script src=\"https:\/\/unpkg.com\/gsap@3\/dist\/ScrollTrigger.min.js\"><\/script><script src=\"https:\/\/cdn.jsdelivr.net\/npm\/split-type@0.3.4\/umd\/index.min.js\"><\/script><script>gsap.registerPlugin(ScrollTrigger);\r\n\r\nconst split = new SplitType(\".cool-split h2\", {\r\n  types: \"words, chars\",\r\n});\r\n\r\nconst tl = gsap\r\n  .timeline({\r\n    scrollTrigger: {\r\n      trigger: \".about\",\r\n      start: \"top 5%\",\r\n      end: \"+=100%\",\r\n      scrub: 0.5,\r\n    },\r\n  })\r\n  .set(\r\n    split.chars,\r\n    {\r\n      duration: 0.3,\r\n      color: \"black\",\r\n      stagger: 0.1,\r\n    },\r\n    0.1\r\n  );\r\n<\/script>\t\t\t\t<\/div>\n\t\t<div class=\"elementor-element elementor-element-a86ee68 e-con-full e-flex e-con e-child\" data-id=\"a86ee68\" data-element_type=\"container\" data-e-type=\"container\">\n\t\t<div class=\"elementor-element elementor-element-c084cf2 e-con-full e-flex e-con e-child\" data-id=\"c084cf2\" data-element_type=\"container\" data-e-type=\"container\">\n\t\t\t\t<div class=\"elementor-element elementor-element-96675ff elementor-widget elementor-widget-text-editor\" data-id=\"96675ff\" data-element_type=\"widget\" data-e-type=\"widget\" data-widget_type=\"text-editor.default\">\n\t\t\t\t\t\t\t\t\t<p>Axtar\u0131\u015f motorlar\u0131n\u0131n optimalla\u015fd\u0131r\u0131lmas\u0131 (SEO) Google kimi axtar\u0131\u015f sisteml\u0259rind\u0259 veb sayt\u0131n\u0131z\u0131n y\u00fcks\u0259k m\u00f6vqed\u0259 yerl\u0259\u015fm\u0259sini t\u0259min ed\u0259n vacib prosesdir. CodeAd-d\u0259 biz brendinizin r\u0259q\u0259msal m\u00fchitd\u0259 f\u0259rql\u0259nm\u0259sini t\u0259min edir v\u0259 h\u0259d\u0259f auditoriyan\u0131za \u00e7atma\u011f\u0131n\u0131z\u0131 asanla\u015fd\u0131r\u0131r\u0131q. <\/p>\t\t\t\t\t\t\t\t<\/div>\n\t\t\t\t<\/div>\n\t\t\t\t<\/div>\n\t\t\t\t<\/div>\n\t\t<div class=\"elementor-element elementor-element-4a19583 e-con-full e-flex e-con e-child\" data-id=\"4a19583\" data-element_type=\"container\" data-e-type=\"container\">\n\t\t<div class=\"elementor-element elementor-element-a6d85cc e-con-full e-flex e-con e-child\" data-id=\"a6d85cc\" data-element_type=\"container\" data-e-type=\"container\" data-settings=\"{&quot;background_background&quot;:&quot;classic&quot;}\">\n\t\t\t\t<\/div>\n\t\t\t\t<\/div>\n\t\t\t\t\t<\/div>\n\t\t\t\t<\/div>\n\t\t<div class=\"elementor-element elementor-element-fed0c70 e-flex e-con-boxed e-con e-parent\" data-id=\"fed0c70\" data-element_type=\"container\" data-e-type=\"container\" data-settings=\"{&quot;background_background&quot;:&quot;classic&quot;,&quot;shape_divider_top&quot;:&quot;tilt&quot;}\">\n\t\t\t\t\t<div class=\"e-con-inner\">\n\t\t\t\t<div class=\"elementor-shape elementor-shape-top\" aria-hidden=\"true\" data-negative=\"false\">\n\t\t\t<svg xmlns=\"http:\/\/www.w3.org\/2000\/svg\" viewBox=\"0 0 1000 100\" preserveAspectRatio=\"none\">\n\t<path class=\"elementor-shape-fill\" d=\"M0,6V0h1000v100L0,6z\"\/>\n<\/svg>\t\t<\/div>\n\t\t<div class=\"elementor-element elementor-element-2ed26e0 e-con-full e-flex e-con e-child\" data-id=\"2ed26e0\" data-element_type=\"container\" data-e-type=\"container\">\n\t\t\t\t<div class=\"elementor-element elementor-element-5d29ed1 elementor-widget elementor-widget-image\" data-id=\"5d29ed1\" data-element_type=\"widget\" data-e-type=\"widget\" data-widget_type=\"image.default\">\n\t\t\t\t\t\t\t\t\t\t\t\t\t\t\t<img decoding=\"async\" width=\"45\" height=\"45\" src=\"https:\/\/blog.codead.com.tr\/wp-content\/uploads\/ca02-1.webp\" class=\"attachment-full size-full wp-image-10137\" alt=\"\" title=\"\">\t\t\t\t\t\t\t\t\t\t\t\t\t\t\t<\/div>\n\t\t\t\t<div class=\"elementor-element elementor-element-984a59d elementor-widget elementor-widget-heading\" data-id=\"984a59d\" data-element_type=\"widget\" data-e-type=\"widget\" data-widget_type=\"heading.default\">\n\t\t\t\t\t<h2 class=\"elementor-heading-title elementor-size-default\">.texniki seo<\/h2>\t\t\t\t<\/div>\n\t\t\t\t<div class=\"elementor-element elementor-element-b1ef04e elementor-widget elementor-widget-text-editor\" data-id=\"b1ef04e\" data-element_type=\"widget\" data-e-type=\"widget\" data-widget_type=\"text-editor.default\">\n\t\t\t\t\t\t\t\t\tTexniki SEO, SEO-nun \u0259sas s\u00fctunlar\u0131ndan biri olaraq, veb sayt\u0131n\u0131z\u0131n infrastrukturunu axtar\u0131\u015f motorlar\u0131 \u00fc\u00e7\u00fcn optimalla\u015fd\u0131rma\u011f\u0131 \u0259hat\u0259 edir. Sayt\u0131n\u0131z\u0131n texniki performans\u0131n\u0131 s\u00fcr\u0259tli y\u00fckl\u0259nm\u0259 vaxtlar\u0131, mobil uy\u011funluq v\u0259 d\u00fczg\u00fcn strukturla\u015fd\u0131r\u0131lm\u0131\u015f m\u0259lumatlarla art\u0131r\u0131r\u0131q. \t\t\t\t\t\t\t\t<\/div>\n\t\t\t\t<\/div>\n\t\t<div class=\"elementor-element elementor-element-5afce8e e-con-full e-flex e-con e-child\" data-id=\"5afce8e\" data-element_type=\"container\" data-e-type=\"container\">\n\t\t\t\t<div class=\"elementor-element elementor-element-7cd7532 elementor-widget elementor-widget-image\" data-id=\"7cd7532\" data-element_type=\"widget\" data-e-type=\"widget\" data-widget_type=\"image.default\">\n\t\t\t\t\t\t\t\t\t\t\t\t\t\t\t<img decoding=\"async\" width=\"45\" height=\"45\" src=\"https:\/\/blog.codead.com.tr\/wp-content\/uploads\/ca03-1.webp\" class=\"attachment-full size-full wp-image-10138\" alt=\"\" title=\"\">\t\t\t\t\t\t\t\t\t\t\t\t\t\t\t<\/div>\n\t\t\t\t<div class=\"elementor-element elementor-element-c2f199c elementor-widget elementor-widget-heading\" data-id=\"c2f199c\" data-element_type=\"widget\" data-e-type=\"widget\" data-widget_type=\"heading.default\">\n\t\t\t\t\t<h2 class=\"elementor-heading-title elementor-size-default\">.m\u0259zmun seo<\/h2>\t\t\t\t<\/div>\n\t\t\t\t<div class=\"elementor-element elementor-element-a3a9ec3 elementor-widget elementor-widget-text-editor\" data-id=\"a3a9ec3\" data-element_type=\"widget\" data-e-type=\"widget\" data-widget_type=\"text-editor.default\">\n\t\t\t\t\t\t\t\t\tM\u0259zmun SEO-nun \u0259n vacib elementl\u0259rind\u0259n biridir. Axtar\u0131\u015f sisteml\u0259ri istifad\u0259\u00e7il\u0259r \u00fc\u00e7\u00fcn faydal\u0131, m\u0259lumatland\u0131r\u0131c\u0131 v\u0259 y\u00fcks\u0259k keyfiyy\u0259tli m\u0259zmunu \u00fcst\u00fcn tutur. CodeAd-d\u0259 biz brendiniz \u00fc\u00e7\u00fcn effektiv m\u0259zmun strategiyalar\u0131 haz\u0131rlay\u0131r v\u0259 sizi h\u0259d\u0259f auditoriyan\u0131zla \u0259laq\u0259l\u0259ndir\u0259c\u0259k m\u0259zmun yarad\u0131r\u0131q.  \t\t\t\t\t\t\t\t<\/div>\n\t\t\t\t<\/div>\n\t\t<div class=\"elementor-element elementor-element-afcfed9 e-con-full e-flex e-con e-child\" data-id=\"afcfed9\" data-element_type=\"container\" data-e-type=\"container\">\n\t\t\t\t<div class=\"elementor-element elementor-element-582884a elementor-widget elementor-widget-image\" data-id=\"582884a\" data-element_type=\"widget\" data-e-type=\"widget\" data-widget_type=\"image.default\">\n\t\t\t\t\t\t\t\t\t\t\t\t\t\t\t<img decoding=\"async\" width=\"45\" height=\"45\" src=\"https:\/\/blog.codead.com.tr\/wp-content\/uploads\/ca04.webp\" class=\"attachment-full size-full wp-image-10135\" alt=\"\" title=\"\">\t\t\t\t\t\t\t\t\t\t\t\t\t\t\t<\/div>\n\t\t\t\t<div class=\"elementor-element elementor-element-2ddd5db elementor-widget elementor-widget-heading\" data-id=\"2ddd5db\" data-element_type=\"widget\" data-e-type=\"widget\" data-widget_type=\"heading.default\">\n\t\t\t\t\t<h2 class=\"elementor-heading-title elementor-size-default\">.m\u00fc\u0259llim seo<\/h2>\t\t\t\t<\/div>\n\t\t\t\t<div class=\"elementor-element elementor-element-cceebf7 elementor-widget elementor-widget-text-editor\" data-id=\"cceebf7\" data-element_type=\"widget\" data-e-type=\"widget\" data-widget_type=\"text-editor.default\">\n\t\t\t\t\t\t\t\t\t\u018fg\u0259r yerli biznessinizs\u0259, axtar\u0131\u015f sisteml\u0259rind\u0259 yerli axtar\u0131\u015flarda g\u00f6r\u00fcn\u0259n olmaq vacibdir. CodeAd biznesinizin h\u0259d\u0259f auditoriyas\u0131na \u00e7atmas\u0131na k\u00f6m\u0259k etm\u0259k \u00fc\u00e7\u00fcn yerli SEO strategiyalar\u0131ndan istifad\u0259 edir. Biz Google M\u0259nim Biznesim profilinizi optimalla\u015fd\u0131r\u0131r v\u0259 yerli axtar\u0131\u015f n\u0259tic\u0259l\u0259rind\u0259 f\u0259rql\u0259nm\u0259yinizi t\u0259min edirik.  \t\t\t\t\t\t\t\t<\/div>\n\t\t\t\t<\/div>\n\t\t\t\t\t<\/div>\n\t\t\t\t<\/div>\n\t\t<div class=\"elementor-element elementor-element-d07e4f9 e-flex e-con-boxed e-con e-parent\" data-id=\"d07e4f9\" data-element_type=\"container\" data-e-type=\"container\">\n\t\t\t\t\t<div class=\"e-con-inner\">\n\t\t<div class=\"elementor-element elementor-element-5eee5ad e-con-full e-flex e-con e-child\" data-id=\"5eee5ad\" data-element_type=\"container\" data-e-type=\"container\">\n\t\t<div class=\"elementor-element elementor-element-af300a4 e-con-full e-flex e-con e-child\" data-id=\"af300a4\" data-element_type=\"container\" data-e-type=\"container\">\n\t\t\t\t<div class=\"elementor-element elementor-element-b1e23e8 elementor-widget elementor-widget-heading\" data-id=\"b1e23e8\" data-element_type=\"widget\" data-e-type=\"widget\" data-widget_type=\"heading.default\">\n\t\t\t\t\t<h2 class=\"elementor-heading-title elementor-size-default\">R\u0259q\u0259msal d\u00fcnyada g\u00f6r\u00fcnm\u0259yin g\u00fcc\u00fcn\u00fc k\u0259\u015ff edin<\/h2>\t\t\t\t<\/div>\n\t\t\t\t<\/div>\n\t\t\t\t<\/div>\n\t\t<div class=\"elementor-element elementor-element-be5c134 e-con-full e-flex e-con e-child\" data-id=\"be5c134\" data-element_type=\"container\" data-e-type=\"container\" data-settings=\"{&quot;background_background&quot;:&quot;classic&quot;}\">\n\t\t<div class=\"elementor-element elementor-element-16f71a3 e-con-full e-flex e-con e-child\" data-id=\"16f71a3\" data-element_type=\"container\" data-e-type=\"container\">\n\t\t\t\t<div class=\"elementor-element elementor-element-8bfaee4 elementor-widget elementor-widget-text-editor\" data-id=\"8bfaee4\" data-element_type=\"widget\" data-e-type=\"widget\" data-widget_type=\"text-editor.default\">\n\t\t\t\t\t\t\t\t\t<p>R\u0259q\u0259msal d\u00fcnyada r\u0259qab\u0259t g\u00fcnb\u0259g\u00fcn art\u0131r. Axtar\u0131\u015f sisteml\u0259rind\u0259 y\u00fcks\u0259k m\u00f6vqed\u0259 olmaq t\u0259kc\u0259 daha y\u00fcks\u0259k g\u00f6r\u00fcn\u00fcrl\u00fck t\u0259min etmir, h\u0259m d\u0259 etibarl\u0131l\u0131q v\u0259 n\u00fcfuz qazand\u0131r\u0131r. <\/p><p>CodeAd-d\u0259 biz \u0259hat\u0259li SEO h\u0259ll\u0259rimizl\u0259 brendinizi axtar\u0131\u015f sisteml\u0259rinin zirv\u0259sin\u0259 \u00e7\u0131xar\u0131r\u0131q. Texniki SEO, m\u0259zmun strategiyalar\u0131, geri linkl\u0259\u015fdirm\u0259 v\u0259 yerli SEO kimi sah\u0259l\u0259rd\u0259 pe\u015f\u0259kar xidm\u0259tl\u0259rimizl\u0259 h\u0259d\u0259f auditoriyan\u0131za m\u00fcmk\u00fcn olan \u0259n s\u00fcr\u0259tli v\u0259 \u0259n effektiv \u015f\u0259kild\u0259 \u00e7atma\u011f\u0131n\u0131z\u0131 t\u0259min edirik. <\/p><p>H\u0259r bir brendin ehtiyaclar\u0131 f\u0259rqlidir. Buna g\u00f6r\u0259 d\u0259 SEO strategiyalar\u0131m\u0131z\u0131 brendinizin m\u0259qs\u0259dl\u0259rin\u0259, s\u0259naye dinamikas\u0131na v\u0259 r\u0259qab\u0259t m\u00fchitin\u0259 uy\u011funla\u015fd\u0131r\u0131r\u0131q. \u0130lk n\u00f6vb\u0259d\u0259 brendinizin m\u00f6vcud r\u0259q\u0259msal m\u00f6vcudlu\u011funu t\u0259hlil edir v\u0259 \u0259n uy\u011fun strateji h\u0259ll\u0259ri m\u00fc\u0259yy\u0259n edirik.  <\/p><p>Texniki SEO il\u0259 veb sayt\u0131n\u0131z\u0131n infrastrukturunu g\u00fccl\u0259ndirir, m\u0259zmun SEO il\u0259 h\u0259d\u0259f auditoriyan\u0131za uy\u011fun m\u0259zmun yarad\u0131r\u0131q v\u0259 bel\u0259likl\u0259 axtar\u0131\u015f sisteml\u0259ri t\u0259r\u0259find\u0259n asanl\u0131qla tap\u0131lman\u0131z\u0131 t\u0259min edirik.<\/p>\t\t\t\t\t\t\t\t<\/div>\n\t\t\t\t<\/div>\n\t\t<div class=\"elementor-element elementor-element-a011507 e-con-full e-flex e-con e-child\" data-id=\"a011507\" data-element_type=\"container\" data-e-type=\"container\" data-settings=\"{&quot;background_background&quot;:&quot;classic&quot;}\">\n\t\t\t\t<div class=\"elementor-element elementor-element-1205e07 elementor-widget elementor-widget-image\" data-id=\"1205e07\" data-element_type=\"widget\" data-e-type=\"widget\" data-widget_type=\"image.default\">\n\t\t\t\t\t\t\t\t\t\t\t\t\t\t\t<img loading=\"lazy\" decoding=\"async\" width=\"1000\" height=\"560\" src=\"https:\/\/blog.codead.com.tr\/wp-content\/uploads\/codead-v2-growth-arama-motoru-optimizasyonu-003.jpg\" class=\"attachment-full size-full wp-image-10012\" alt=\"\" srcset=\"https:\/\/blog.codead.com.tr\/wp-content\/uploads\/codead-v2-growth-arama-motoru-optimizasyonu-003.jpg 1000w, https:\/\/blog.codead.com.tr\/wp-content\/uploads\/codead-v2-growth-arama-motoru-optimizasyonu-003-300x168.jpg 300w, https:\/\/blog.codead.com.tr\/wp-content\/uploads\/codead-v2-growth-arama-motoru-optimizasyonu-003-768x430.jpg 768w\" sizes=\"(max-width: 1000px) 100vw, 1000px\" title=\"\">\t\t\t\t\t\t\t\t\t\t\t\t\t\t\t<\/div>\n\t\t\t\t<\/div>\n\t\t\t\t<\/div>\n\t\t\t\t\t<\/div>\n\t\t\t\t<\/div>\n\t\t<div class=\"elementor-element elementor-element-9dd8b42 e-con-full elementor-hidden-tablet elementor-hidden-mobile e-flex e-con e-parent\" data-id=\"9dd8b42\" data-element_type=\"container\" data-e-type=\"container\" data-settings=\"{&quot;background_background&quot;:&quot;video&quot;,&quot;background_video_link&quot;:&quot;https:\\\/\\\/blog.codead.com.tr\\\/wp-content\\\/uploads\\\/codead-v2-growth-arama-motoru-optimizasyonu-004.mp4&quot;,&quot;background_play_on_mobile&quot;:&quot;yes&quot;}\">\n\t\t<div class=\"elementor-background-video-container\">\n\t\t\t\t\t\t\t<video class=\"elementor-background-video-hosted\" role=\"presentation\" autoplay muted playsinline loop><\/video>\n\t\t\t\t\t<\/div>\t\t<\/div>\n\t\t<div class=\"elementor-element elementor-element-1048dc9 e-flex e-con-boxed e-con e-parent\" data-id=\"1048dc9\" data-element_type=\"container\" data-e-type=\"container\" data-settings=\"{&quot;background_background&quot;:&quot;classic&quot;}\">\n\t\t\t\t\t<div class=\"e-con-inner\">\n\t\t<div class=\"elementor-element elementor-element-72a81a5 e-con-full e-flex e-con e-child\" data-id=\"72a81a5\" data-element_type=\"container\" data-e-type=\"container\">\n\t\t\t\t<div class=\"elementor-element elementor-element-e15cbd0 elementor-widget elementor-widget-heading\" data-id=\"e15cbd0\" data-element_type=\"widget\" data-e-type=\"widget\" data-widget_type=\"heading.default\">\n\t\t\t\t\t<h2 class=\"elementor-heading-title elementor-size-default\">G\u00f6r\u00fcn\u0259n Olun, \u0130nki\u015faf edin<\/h2>\t\t\t\t<\/div>\n\t\t\t\t<div class=\"elementor-element elementor-element-236e476 elementor-widget__width-initial elementor-widget elementor-widget-text-editor\" data-id=\"236e476\" data-element_type=\"widget\" data-e-type=\"widget\" data-widget_type=\"text-editor.default\">\n\t\t\t\t\t\t\t\t\t<p>Siz yerli biznes olsan\u0131z da, qlobal bazar\u0131 h\u0259d\u0259fl\u0259y\u0259n brend olsan\u0131z da, r\u0259q\u0259msal d\u00fcnyada daha g\u00f6r\u00fcn\u0259n olmaq \u00fc\u00e7\u00fcn yol CodeAd-\u0131n pe\u015f\u0259kar SEO h\u0259ll\u0259rind\u0259n ke\u00e7ir. Biziml\u0259 davaml\u0131 v\u0259 sabit n\u0259tic\u0259l\u0259r \u00fc\u00e7\u00fcn \u0259m\u0259kda\u015fl\u0131q ed\u0259r\u0259k axtar\u0131\u015f sisteml\u0259rind\u0259 daimi yer qazan\u0131n v\u0259 r\u0259qab\u0259td\u0259n bir add\u0131m \u00f6nd\u0259 olun. R\u0259q\u0259msal d\u00fcnyada u\u011fur yaln\u0131z g\u00f6r\u00fcnm\u0259kd\u0259n ibar\u0259t deyil, eyni zamanda d\u00fczg\u00fcn h\u0259d\u0259f auditoriyas\u0131na \u00e7atmaqd\u0131r.  <\/p><p>CodeAd-d\u0259 bizim SEO h\u0259ll\u0259rimiz brendinizin daha \u00e7ox insana \u00e7atmas\u0131na k\u00f6m\u0259k etm\u0259kl\u0259 yana\u015f\u0131, do\u011fru istifad\u0259\u00e7il\u0259rl\u0259 do\u011fru vaxtda \u0259laq\u0259 qurma\u011f\u0131n\u0131z\u0131 da t\u0259min edir. H\u0259d\u0259f auditoriyan\u0131z\u0131n axtard\u0131\u011f\u0131 a\u00e7ar s\u00f6zl\u0259r \u00fczr\u0259 y\u00fcks\u0259k m\u00f6vqel\u0259r\u0259 sahib olmaq v\u0259 onlar\u0131n ehtiyaclar\u0131na \u0259n uy\u011fun h\u0259ll\u0259ri t\u0259qdim etm\u0259k \u00fc\u00e7\u00fcn strategiyalar haz\u0131rlay\u0131r\u0131q. Biziml\u0259 i\u015fl\u0259y\u0259r\u0259k yaln\u0131z axtar\u0131\u015f sisteml\u0259rind\u0259 deyil, h\u0259m d\u0259 sah\u0259nizd\u0259 g\u00fccl\u00fc m\u00f6vqe \u0259ld\u0259 ed\u0259c\u0259ksiniz.  <\/p>\t\t\t\t\t\t\t\t<\/div>\n\t\t\t\t<\/div>\n\t\t<div class=\"elementor-element elementor-element-5b74ed3 e-con-full e-flex e-con e-child\" data-id=\"5b74ed3\" data-element_type=\"container\" data-e-type=\"container\">\n\t\t\t\t<div class=\"elementor-element elementor-element-513fc65 elementor-widget elementor-widget-heading\" data-id=\"513fc65\" data-element_type=\"widget\" data-e-type=\"widget\" data-widget_type=\"heading.default\">\n\t\t\t\t\t<h2 class=\"elementor-heading-title elementor-size-default\">Daha \u00c7ox G\u00f6r\u00fcn\u00fcrl\u00fck, SEO \u0130l\u0259 Daha B\u00f6l\u00fck U\u011fur<\/h2>\t\t\t\t<\/div>\n\t\t\t\t<\/div>\n\t\t\t\t\t<\/div>\n\t\t\t\t<\/div>\n\t\t\t\t<\/div>\n\t\t","protected":false},"excerpt":{"rendered":"<p>Axtar\u0131\u015f motorunun optimalla\u015fd\u0131r\u0131lmas\u0131 R\u0259q\u0259msal d\u00fcnyada g\u00f6r\u00fcnen olmaq u\u011furlu SEO strategiyas\u0131 t\u0259l\u0259b edir Axtar\u0131\u015f motorlar\u0131n\u0131n optimalla\u015fd\u0131r\u0131lmas\u0131 (SEO) Google kimi axtar\u0131\u015f sisteml\u0259rind\u0259 veb sayt\u0131n\u0131z\u0131n y\u00fcks\u0259k m\u00f6vqed\u0259 yerl\u0259\u015fm\u0259sini t\u0259min ed\u0259n vacib prosesdir. CodeAd-da biz brendinizin r\u0259q\u0259msal m\u00fchitd\u0259 f\u0259rql\u0259nm\u0259sini t\u0259min edir v\u0259 h\u0259d\u0259f auditoriyan\u0131za \u00e7atma\u011f\u0131n\u0131z\u0131 asanla\u015fd\u0131r\u0131r\u0131q. R\u0259q\u0259msal d\u00fcnyada g\u00f6r\u00fcnen olmaq u\u011furlu SEO strategiyas\u0131 t\u0259l\u0259b edir Axtar\u0131\u015f motorlar\u0131n\u0131n optimalla\u015fd\u0131r\u0131lmas\u0131 (SEO) [&hellip;]<\/p>\n","protected":false},"author":1,"featured_media":0,"parent":0,"menu_order":0,"comment_status":"closed","ping_status":"closed","template":"elementor_header_footer","meta":{"footnotes":""},"class_list":["post-10009","page","type-page","status-publish","hentry"],"_links":{"self":[{"href":"https:\/\/blog.codead.com.tr\/az\/wp-json\/wp\/v2\/pages\/10009","targetHints":{"allow":["GET"]}}],"collection":[{"href":"https:\/\/blog.codead.com.tr\/az\/wp-json\/wp\/v2\/pages"}],"about":[{"href":"https:\/\/blog.codead.com.tr\/az\/wp-json\/wp\/v2\/types\/page"}],"author":[{"embeddable":true,"href":"https:\/\/blog.codead.com.tr\/az\/wp-json\/wp\/v2\/users\/1"}],"replies":[{"embeddable":true,"href":"https:\/\/blog.codead.com.tr\/az\/wp-json\/wp\/v2\/comments?post=10009"}],"version-history":[{"count":0,"href":"https:\/\/blog.codead.com.tr\/az\/wp-json\/wp\/v2\/pages\/10009\/revisions"}],"wp:attachment":[{"href":"https:\/\/blog.codead.com.tr\/az\/wp-json\/wp\/v2\/media?parent=10009"}],"curies":[{"name":"wp","href":"https:\/\/api.w.org\/{rel}","templated":true}]}}