{"id":10103,"date":"2025-08-01T11:53:30","date_gmt":"2025-08-01T08:53:30","guid":{"rendered":"https:\/\/blog.codead.com.tr\/media-alisi\/"},"modified":"2026-04-06T12:03:11","modified_gmt":"2026-04-06T09:03:11","slug":"media-alisi","status":"publish","type":"page","link":"https:\/\/blog.codead.com.tr\/az\/media-alisi\/","title":{"rendered":"Media Al\u0131\u015f\u0131"},"content":{"rendered":"\t\t<div data-elementor-type=\"wp-page\" data-elementor-id=\"10103\" class=\"elementor elementor-10103 elementor-170\" data-elementor-post-type=\"page\">\n\t\t\t\t<div class=\"elementor-element elementor-element-180bf1a e-con-full e-flex e-con e-parent\" data-id=\"180bf1a\" data-element_type=\"container\" data-e-type=\"container\">\n\t\t<div class=\"elementor-element elementor-element-e2d9912 e-con-full e-flex e-con e-child\" data-id=\"e2d9912\" data-element_type=\"container\" data-e-type=\"container\" data-settings=\"{&quot;background_background&quot;:&quot;classic&quot;}\">\n\t\t\t\t<div class=\"elementor-element elementor-element-883972e elementor-widget elementor-widget-heading\" data-id=\"883972e\" data-element_type=\"widget\" data-e-type=\"widget\" data-widget_type=\"heading.default\">\n\t\t\t\t\t<h2 class=\"elementor-heading-title elementor-size-default\">Media<br>T\u0259chizat\u0131<\/h2>\t\t\t\t<\/div>\n\t\t\t\t<\/div>\n\t\t\t\t<\/div>\n\t\t<div class=\"elementor-element elementor-element-1c1ac9e elementor-hidden-desktop e-flex e-con-boxed e-con e-parent\" data-id=\"1c1ac9e\" data-element_type=\"container\" data-e-type=\"container\">\n\t\t\t\t\t<div class=\"e-con-inner\">\n\t\t<div class=\"elementor-element elementor-element-be627ac e-con-full e-flex e-con e-child\" data-id=\"be627ac\" data-element_type=\"container\" data-e-type=\"container\">\n\t\t\t\t<div class=\"elementor-element elementor-element-694a119 elementor-widget elementor-widget-heading\" data-id=\"694a119\" data-element_type=\"widget\" data-e-type=\"widget\" data-widget_type=\"heading.default\">\n\t\t\t\t\t<h2 class=\"elementor-heading-title elementor-size-default\">Markan\u0131z\u0131n d\u00fczg\u00fcn yerd\u0259 v\u0259 d\u00fczg\u00fcn \u015f\u0259kild\u0259 g\u00f6r\u00fcnm\u0259sini t\u0259min etm\u0259k<\/h2>\t\t\t\t<\/div>\n\t\t\t\t<div class=\"elementor-element elementor-element-eb76d27 elementor-widget elementor-widget-text-editor\" data-id=\"eb76d27\" data-element_type=\"widget\" data-e-type=\"widget\" data-widget_type=\"text-editor.default\">\n\t\t\t\t\t\t\t\t\t<p>\u0130nsanlar ad\u0131n\u0131z\u0131 Google-da yazd\u0131qda m\u00fcsb\u0259t x\u0259b\u0259r m\u0259qal\u0259l\u0259ri il\u0259 qar\u015f\u0131la\u015f\u0131rlar. Bu, sizi h\u0259l\u0259 g\u00f6r\u00fc\u015fm\u0259d\u0259n \u0259vv\u0259l bel\u0259 siz\u0259 etibar etm\u0259l\u0259rin\u0259 s\u0259b\u0259b olur. Bu, PR \u00fc\u00e7\u00fcn faydal\u0131d\u0131r v\u0259 SEO-ya da \u0259h\u0259miyy\u0259tli d\u0259r\u0259c\u0259d\u0259 t\u00f6hf\u0259 verir. \u00c7\u00fcnki h\u0259r d\u0259rc olunan x\u0259b\u0259r m\u0259qal\u0259si v\u0259 tan\u0131t\u0131m yaz\u0131s\u0131 sayt\u0131n\u0131za geri link kimi qay\u0131d\u0131r, domen autoritetinizi art\u0131r\u0131r v\u0259 r\u0259q\u0259msal m\u00f6vcudlu\u011funuzu g\u00fccl\u0259ndirir.   <\/p>\t\t\t\t\t\t\t\t<\/div>\n\t\t<div class=\"elementor-element elementor-element-0b3acb1 e-con-full e-flex e-con e-child\" data-id=\"0b3acb1\" data-element_type=\"container\" data-e-type=\"container\" data-settings=\"{&quot;background_background&quot;:&quot;classic&quot;}\">\n\t\t\t\t<\/div>\n\t\t\t\t<\/div>\n\t\t\t\t\t<\/div>\n\t\t\t\t<\/div>\n\t\t<div class=\"elementor-element elementor-element-10abc40 elementor-hidden-tablet elementor-hidden-mobile e-flex e-con-boxed e-con e-parent\" data-id=\"10abc40\" data-element_type=\"container\" data-e-type=\"container\">\n\t\t\t\t\t<div class=\"e-con-inner\">\n\t\t<div class=\"elementor-element elementor-element-5c6e33a e-con-full cool-split e-flex e-con e-child\" data-id=\"5c6e33a\" data-element_type=\"container\" data-e-type=\"container\">\n\t\t\t\t<div class=\"elementor-element elementor-element-41612e1 elementor-widget elementor-widget-heading\" data-id=\"41612e1\" data-element_type=\"widget\" data-e-type=\"widget\" data-widget_type=\"heading.default\">\n\t\t\t\t\t<h2 class=\"elementor-heading-title elementor-size-default\">Markan\u0131z\u0131n d\u00fczg\u00fcn yerd\u0259 v\u0259 d\u00fczg\u00fcn \u015f\u0259kild\u0259 g\u00f6r\u00fcnm\u0259sini t\u0259min etm\u0259k<\/h2>\t\t\t\t<\/div>\n\t\t\t\t<div class=\"elementor-element elementor-element-eef14fe elementor-widget elementor-widget-html\" data-id=\"eef14fe\" data-element_type=\"widget\" data-e-type=\"widget\" data-widget_type=\"html.default\">\n\t\t\t\t\t<script src=\"https:\/\/cdnjs.cloudflare.com\/ajax\/libs\/gsap\/3.12.5\/gsap.min.js\"><\/script><script src=\"https:\/\/unpkg.com\/gsap@3\/dist\/ScrollTrigger.min.js\"><\/script><script src=\"https:\/\/cdn.jsdelivr.net\/npm\/split-type@0.3.4\/umd\/index.min.js\"><\/script><script>gsap.registerPlugin(ScrollTrigger);\r\n\r\nconst split = new SplitType(\".cool-split h2\", {\r\n  types: \"words, chars\",\r\n});\r\n\r\nconst tl = gsap\r\n  .timeline({\r\n    scrollTrigger: {\r\n      trigger: \".about\",\r\n      start: \"top 5%\",\r\n      end: \"+=100%\",\r\n      scrub: 0.5,\r\n    },\r\n  })\r\n  .set(\r\n    split.chars,\r\n    {\r\n      duration: 0.3,\r\n      color: \"black\",\r\n      stagger: 0.1,\r\n    },\r\n    0.1\r\n  );\r\n<\/script>\t\t\t\t<\/div>\n\t\t<div class=\"elementor-element elementor-element-36133f3 e-con-full e-flex e-con e-child\" data-id=\"36133f3\" data-element_type=\"container\" data-e-type=\"container\">\n\t\t<div class=\"elementor-element elementor-element-8e00c4a e-con-full e-flex e-con e-child\" data-id=\"8e00c4a\" data-element_type=\"container\" data-e-type=\"container\">\n\t\t\t\t<div class=\"elementor-element elementor-element-265e033 elementor-widget elementor-widget-text-editor\" data-id=\"265e033\" data-element_type=\"widget\" data-e-type=\"widget\" data-widget_type=\"text-editor.default\">\n\t\t\t\t\t\t\t\t\t<p>\u0130nsanlar ad\u0131n\u0131z\u0131 Google-da yazd\u0131qda m\u00fcsb\u0259t x\u0259b\u0259r m\u0259qal\u0259l\u0259ri il\u0259 qar\u015f\u0131la\u015f\u0131rlar. Bu, sizi h\u0259l\u0259 g\u00f6r\u00fc\u015fm\u0259d\u0259n \u0259vv\u0259l bel\u0259 siz\u0259 g\u00fcv\u0259nm\u0259l\u0259rin\u0259 s\u0259b\u0259b olur. Bu, PR \u00fc\u00e7\u00fcn faydal\u0131d\u0131r v\u0259 SEO-ya da \u0259h\u0259miyy\u0259tli d\u0259r\u0259c\u0259d\u0259 t\u00f6hf\u0259 verir. \u00c7\u00fcnki h\u0259r d\u0259rc olunan x\u0259b\u0259r m\u0259qal\u0259si v\u0259 tan\u0131t\u0131m yaz\u0131s\u0131 sayt\u0131n\u0131za geri link kimi qay\u0131d\u0131r, domen avtoritetinizi art\u0131r\u0131r v\u0259 r\u0259q\u0259msal m\u00f6vcudlu\u011funuzu g\u00fccl\u0259ndirir.   <\/p>\t\t\t\t\t\t\t\t<\/div>\n\t\t\t\t<\/div>\n\t\t\t\t<\/div>\n\t\t\t\t<\/div>\n\t\t<div class=\"elementor-element elementor-element-f69c42b e-con-full e-flex e-con e-child\" data-id=\"f69c42b\" data-element_type=\"container\" data-e-type=\"container\">\n\t\t<div class=\"elementor-element elementor-element-6169636 e-con-full e-flex e-con e-child\" data-id=\"6169636\" data-element_type=\"container\" data-e-type=\"container\" data-settings=\"{&quot;background_background&quot;:&quot;classic&quot;}\">\n\t\t\t\t<\/div>\n\t\t\t\t<\/div>\n\t\t\t\t\t<\/div>\n\t\t\t\t<\/div>\n\t\t<div class=\"elementor-element elementor-element-8dc156b e-flex e-con-boxed e-con e-parent\" data-id=\"8dc156b\" data-element_type=\"container\" data-e-type=\"container\" data-settings=\"{&quot;background_background&quot;:&quot;classic&quot;,&quot;shape_divider_top&quot;:&quot;tilt&quot;}\">\n\t\t\t\t\t<div class=\"e-con-inner\">\n\t\t\t\t<div class=\"elementor-shape elementor-shape-top\" aria-hidden=\"true\" data-negative=\"false\">\n\t\t\t<svg xmlns=\"http:\/\/www.w3.org\/2000\/svg\" viewBox=\"0 0 1000 100\" preserveAspectRatio=\"none\">\n\t<path class=\"elementor-shape-fill\" d=\"M0,6V0h1000v100L0,6z\"\/>\n<\/svg>\t\t<\/div>\n\t\t<div class=\"elementor-element elementor-element-0141592 e-con-full e-flex e-con e-child\" data-id=\"0141592\" data-element_type=\"container\" data-e-type=\"container\">\n\t\t\t\t<div class=\"elementor-element elementor-element-b3743d9 elementor-widget elementor-widget-text-editor\" data-id=\"b3743d9\" data-element_type=\"widget\" data-e-type=\"widget\" data-widget_type=\"text-editor.default\">\n\t\t\t\t\t\t\t\t\t<p>Bu prosesi planla\u015fd\u0131rark\u0259n brendin b\u00fcdc\u0259sin\u0259, f\u0259aliyy\u0259t sah\u0259sin\u0259 v\u0259 h\u0259d\u0259f auditoriyas\u0131na \u0259sas\u0259n \u0259n uy\u011fun media orqanlar\u0131n\u0131 se\u00e7irik. Milli x\u0259b\u0259r saytlar\u0131ndan qlobal media n\u0259h\u0259ngl\u0259rin\u0259, ixtisasla\u015fm\u0131\u015f bloqlardan s\u0259naye jurnallar\u0131na q\u0259d\u0259r a\u011fl\u0131n\u0131za g\u0259l\u0259n b\u00fct\u00fcn platformalarda m\u0259zmun yerl\u0259\u015fdir\u0259 bil\u0259rik. Forbes-d\u0259 m\u00fcsahib\u0259 ist\u0259rsiniz, yoxsa yerli biznes jurnal\u0131nda tan\u0131t\u0131m m\u0259qal\u0259si? Harada ist\u0259s\u0259niz, orada var\u0131q.   <\/p>\t\t\t\t\t\t\t\t<\/div>\n\t\t\t\t<\/div>\n\t\t\t\t\t<\/div>\n\t\t\t\t<\/div>\n\t\t<div class=\"elementor-element elementor-element-f848474 e-flex e-con-boxed e-con e-parent\" data-id=\"f848474\" data-element_type=\"container\" data-e-type=\"container\" data-settings=\"{&quot;background_background&quot;:&quot;classic&quot;}\">\n\t\t\t\t\t<div class=\"e-con-inner\">\n\t\t<div class=\"elementor-element elementor-element-7c14742 e-con-full e-flex e-con e-child\" data-id=\"7c14742\" data-element_type=\"container\" data-e-type=\"container\">\n\t\t\t\t<div class=\"elementor-element elementor-element-a033e24 elementor-widget elementor-widget-heading\" data-id=\"a033e24\" data-element_type=\"widget\" data-e-type=\"widget\" data-widget_type=\"heading.default\">\n\t\t\t\t\t<h2 class=\"elementor-heading-title elementor-size-default\">Bu m\u0259s\u0259l\u0259nin ba\u015fqa bir t\u0259r\u0259fi d\u0259 var.<\/h2>\t\t\t\t<\/div>\n\t\t\t\t<div class=\"elementor-element elementor-element-7051995 elementor-widget__width-initial elementor-widget elementor-widget-text-editor\" data-id=\"7051995\" data-element_type=\"widget\" data-e-type=\"widget\" data-widget_type=\"text-editor.default\">\n\t\t\t\t\t\t\t\t\t<p>B\u0259z\u0259n b\u0259zi x\u0259b\u0259rl\u0259rin yay\u0131mlanmas\u0131n\u0131 ist\u0259mirsiniz. Biz m\u0259hz bu zaman i\u015f\u0259 d\u00fc\u015f\u00fcr\u00fck. Pis x\u0259b\u0259rl\u0259rin yay\u0131lmas\u0131n\u0131n qar\u015f\u0131s\u0131n\u0131 almaq, yax\u015f\u0131 x\u0259b\u0259rl\u0259rin is\u0259 d\u00fczg\u00fcn yerd\u0259 yay\u0131lmas\u0131n\u0131 t\u0259min etm\u0259k q\u0259d\u0259r vacibdir. Biz bunu da t\u0259min edirik. \u00c7\u00fcnki biz yaln\u0131z hans\u0131 x\u0259b\u0259rl\u0259rin harada v\u0259 n\u0259 vaxt yay\u0131mlanmal\u0131 oldu\u011funu deyil, h\u0259m d\u0259 n\u0259yin yay\u0131mlanmamal\u0131 oldu\u011funu bilirik.    <br><br>Bu i\u015f rastgele de\u011fil, tam olarak bilin\u00e7li \u015fekilde yap\u0131lmas\u0131 gereken bir \u015fey. Biz de zaten bunun i\u00e7in buraday\u0131z. <\/p>\t\t\t\t\t\t\t\t<\/div>\n\t\t\t\t<\/div>\n\t\t\t\t\t<\/div>\n\t\t\t\t<\/div>\n\t\t\t\t<\/div>\n\t\t","protected":false},"excerpt":{"rendered":"<p>MediaT\u0259chizat\u0131 Markan\u0131z\u0131n d\u00fczg\u00fcn yerd\u0259 v\u0259 d\u00fczg\u00fcn \u015f\u0259kild\u0259 g\u00f6r\u00fcnm\u0259sini t\u0259min etm\u0259k \u0130nsanlar ad\u0131n\u0131z\u0131 Google-da yazd\u0131qda m\u00fcsb\u0259t x\u0259b\u0259r m\u0259qal\u0259l\u0259ri il\u0259 qar\u015f\u0131la\u015f\u0131rlar. Bu, sizi h\u0259l\u0259 g\u00f6r\u00fc\u015fm\u0259d\u0259n \u0259vv\u0259l bel\u0259 siz\u0259 etibar etm\u0259l\u0259rin\u0259 s\u0259b\u0259b olur. Bu, PR \u00fc\u00e7\u00fcn faydal\u0131d\u0131r v\u0259 SEO-ya da \u0259h\u0259miyy\u0259tli d\u0259r\u0259c\u0259d\u0259 t\u00f6hf\u0259 verir. \u00c7\u00fcnki h\u0259r d\u0259rc olunan x\u0259b\u0259r m\u0259qal\u0259si v\u0259 tan\u0131t\u0131m yaz\u0131s\u0131 sayt\u0131n\u0131za geri link kimi qay\u0131d\u0131r, [&hellip;]<\/p>\n","protected":false},"author":1,"featured_media":0,"parent":0,"menu_order":0,"comment_status":"closed","ping_status":"closed","template":"elementor_header_footer","meta":{"footnotes":""},"class_list":["post-10103","page","type-page","status-publish","hentry"],"_links":{"self":[{"href":"https:\/\/blog.codead.com.tr\/az\/wp-json\/wp\/v2\/pages\/10103","targetHints":{"allow":["GET"]}}],"collection":[{"href":"https:\/\/blog.codead.com.tr\/az\/wp-json\/wp\/v2\/pages"}],"about":[{"href":"https:\/\/blog.codead.com.tr\/az\/wp-json\/wp\/v2\/types\/page"}],"author":[{"embeddable":true,"href":"https:\/\/blog.codead.com.tr\/az\/wp-json\/wp\/v2\/users\/1"}],"replies":[{"embeddable":true,"href":"https:\/\/blog.codead.com.tr\/az\/wp-json\/wp\/v2\/comments?post=10103"}],"version-history":[{"count":0,"href":"https:\/\/blog.codead.com.tr\/az\/wp-json\/wp\/v2\/pages\/10103\/revisions"}],"wp:attachment":[{"href":"https:\/\/blog.codead.com.tr\/az\/wp-json\/wp\/v2\/media?parent=10103"}],"curies":[{"name":"wp","href":"https:\/\/api.w.org\/{rel}","templated":true}]}}