{"id":10106,"date":"2025-08-01T11:51:23","date_gmt":"2025-08-01T08:51:23","guid":{"rendered":"https:\/\/blog.codead.com.tr\/reklam-m%c9%99sl%c9%99h%c9%99tciliyi\/"},"modified":"2026-04-06T12:06:25","modified_gmt":"2026-04-06T09:06:25","slug":"reklam-m%c9%99sl%c9%99h%c9%99tciliyi","status":"publish","type":"page","link":"https:\/\/blog.codead.com.tr\/az\/reklam-m%c9%99sl%c9%99h%c9%99tciliyi\/","title":{"rendered":"Reklam M\u0259sl\u0259h\u0259t\u00e7iliyi"},"content":{"rendered":"\t\t<div data-elementor-type=\"wp-page\" data-elementor-id=\"10106\" class=\"elementor elementor-10106 elementor-154\" data-elementor-post-type=\"page\">\n\t\t\t\t<div class=\"elementor-element elementor-element-f1e0e05 e-con-full e-flex e-con e-parent\" data-id=\"f1e0e05\" data-element_type=\"container\" data-e-type=\"container\">\n\t\t<div class=\"elementor-element elementor-element-c56f8c1 e-con-full e-flex e-con e-child\" data-id=\"c56f8c1\" data-element_type=\"container\" data-e-type=\"container\" data-settings=\"{&quot;background_background&quot;:&quot;classic&quot;}\">\n\t\t\t\t<div class=\"elementor-element elementor-element-e9c831b elementor-widget elementor-widget-heading\" data-id=\"e9c831b\" data-element_type=\"widget\" data-e-type=\"widget\" data-widget_type=\"heading.default\">\n\t\t\t\t\t<h2 class=\"elementor-heading-title elementor-size-default\">Reklam<br>M\u0259sl\u0259h\u0259t\u00e7ilik<\/h2>\t\t\t\t<\/div>\n\t\t\t\t<\/div>\n\t\t\t\t<\/div>\n\t\t<div class=\"elementor-element elementor-element-33dc626 elementor-hidden-desktop e-flex e-con-boxed e-con e-parent\" data-id=\"33dc626\" data-element_type=\"container\" data-e-type=\"container\">\n\t\t\t\t\t<div class=\"e-con-inner\">\n\t\t<div class=\"elementor-element elementor-element-3f470d0 e-con-full e-flex e-con e-child\" data-id=\"3f470d0\" data-element_type=\"container\" data-e-type=\"container\">\n\t\t\t\t<div class=\"elementor-element elementor-element-9aaee92 elementor-widget elementor-widget-heading\" data-id=\"9aaee92\" data-element_type=\"widget\" data-e-type=\"widget\" data-widget_type=\"heading.default\">\n\t\t\t\t\t<h2 class=\"elementor-heading-title elementor-size-default\">R\u0259q\u0259msal reklamla daha geni\u015f auditoriyaya \u00e7at\u0131n<\/h2>\t\t\t\t<\/div>\n\t\t\t\t<div class=\"elementor-element elementor-element-820f784 elementor-widget elementor-widget-text-editor\" data-id=\"820f784\" data-element_type=\"widget\" data-e-type=\"widget\" data-widget_type=\"text-editor.default\">\n\t\t\t\t\t\t\t\t\tCodeAd-d\u0259 biz Google Ads, Meta (Facebook v\u0259 Instagram) v\u0259 LinkedIn kimi platformalarda strateji reklam idar\u0259\u00e7iliyi t\u0259klif edirik. H\u0259d\u0259f auditoriyan\u0131za uy\u011fun olaraq reklamlar\u0131n\u0131z\u0131 optimalla\u015fd\u0131r\u0131r v\u0259 b\u00fcdc\u0259nizi \u0259n s\u0259m\u0259r\u0259li \u015f\u0259kild\u0259 istifad\u0259 ed\u0259r\u0259k maksimum konversiyaya \u00e7atma\u011f\u0131n\u0131z\u0131 t\u0259min edirik. \t\t\t\t\t\t\t\t<\/div>\n\t\t<div class=\"elementor-element elementor-element-3268b85 e-con-full e-flex e-con e-child\" data-id=\"3268b85\" data-element_type=\"container\" data-e-type=\"container\" data-settings=\"{&quot;background_background&quot;:&quot;classic&quot;}\">\n\t\t\t\t<\/div>\n\t\t\t\t<\/div>\n\t\t\t\t\t<\/div>\n\t\t\t\t<\/div>\n\t\t<div class=\"elementor-element elementor-element-33ac397 elementor-hidden-tablet elementor-hidden-mobile e-flex e-con-boxed e-con e-parent\" data-id=\"33ac397\" data-element_type=\"container\" data-e-type=\"container\">\n\t\t\t\t\t<div class=\"e-con-inner\">\n\t\t<div class=\"elementor-element elementor-element-53a88a5 e-con-full cool-split e-flex e-con e-child\" data-id=\"53a88a5\" data-element_type=\"container\" data-e-type=\"container\">\n\t\t\t\t<div class=\"elementor-element elementor-element-703b6a2 elementor-widget elementor-widget-heading\" data-id=\"703b6a2\" data-element_type=\"widget\" data-e-type=\"widget\" data-widget_type=\"heading.default\">\n\t\t\t\t\t<h2 class=\"elementor-heading-title elementor-size-default\">Dijital reklamc\u0131l\u0131k \u0130le markan\u0131z\u0131 geni\u015f kitlelere ula\u015ft\u0131rIN<\/h2>\t\t\t\t<\/div>\n\t\t\t\t<div class=\"elementor-element elementor-element-89f2975 elementor-widget elementor-widget-html\" data-id=\"89f2975\" data-element_type=\"widget\" data-e-type=\"widget\" data-widget_type=\"html.default\">\n\t\t\t\t\t<script src=\"https:\/\/cdnjs.cloudflare.com\/ajax\/libs\/gsap\/3.12.5\/gsap.min.js\"><\/script><script src=\"https:\/\/unpkg.com\/gsap@3\/dist\/ScrollTrigger.min.js\"><\/script><script src=\"https:\/\/cdn.jsdelivr.net\/npm\/split-type@0.3.4\/umd\/index.min.js\"><\/script><script>gsap.registerPlugin(ScrollTrigger);\r\n\r\nconst split = new SplitType(\".cool-split h2\", {\r\n  types: \"words, chars\",\r\n});\r\n\r\nconst tl = gsap\r\n  .timeline({\r\n    scrollTrigger: {\r\n      trigger: \".about\",\r\n      start: \"top 5%\",\r\n      end: \"+=100%\",\r\n      scrub: 0.5,\r\n    },\r\n  })\r\n  .set(\r\n    split.chars,\r\n    {\r\n      duration: 0.3,\r\n      color: \"black\",\r\n      stagger: 0.1,\r\n    },\r\n    0.1\r\n  );\r\n<\/script>\t\t\t\t<\/div>\n\t\t<div class=\"elementor-element elementor-element-e751b03 e-con-full e-flex e-con e-child\" data-id=\"e751b03\" data-element_type=\"container\" data-e-type=\"container\">\n\t\t<div class=\"elementor-element elementor-element-e774f11 e-con-full e-flex e-con e-child\" data-id=\"e774f11\" data-element_type=\"container\" data-e-type=\"container\">\n\t\t\t\t<div class=\"elementor-element elementor-element-61354ec elementor-widget elementor-widget-text-editor\" data-id=\"61354ec\" data-element_type=\"widget\" data-e-type=\"widget\" data-widget_type=\"text-editor.default\">\n\t\t\t\t\t\t\t\t\t<p>CodeAd-d\u0259 biz Google Ads, Meta (Facebook v\u0259 Instagram) v\u0259 LinkedIn kimi platformalarda strateji reklam idar\u0259\u00e7iliyi t\u0259klif edirik. H\u0259d\u0259f auditoriyan\u0131za uy\u011fun olaraq reklamlar\u0131n\u0131z\u0131 optimalla\u015fd\u0131r\u0131r v\u0259 b\u00fcdc\u0259nizi \u0259n s\u0259m\u0259r\u0259li \u015f\u0259kild\u0259 istifad\u0259 ed\u0259r\u0259k maksimum konversiyaya \u00e7atma\u011f\u0131n\u0131z\u0131 t\u0259min edirik. <\/p>\t\t\t\t\t\t\t\t<\/div>\n\t\t\t\t<\/div>\n\t\t\t\t<\/div>\n\t\t\t\t<\/div>\n\t\t<div class=\"elementor-element elementor-element-538341a e-con-full e-flex e-con e-child\" data-id=\"538341a\" data-element_type=\"container\" data-e-type=\"container\">\n\t\t<div class=\"elementor-element elementor-element-b040050 e-con-full e-flex e-con e-child\" data-id=\"b040050\" data-element_type=\"container\" data-e-type=\"container\" data-settings=\"{&quot;background_background&quot;:&quot;classic&quot;}\">\n\t\t\t\t<\/div>\n\t\t\t\t<\/div>\n\t\t\t\t\t<\/div>\n\t\t\t\t<\/div>\n\t\t<div class=\"elementor-element elementor-element-c061398 e-flex e-con-boxed e-con e-parent\" data-id=\"c061398\" data-element_type=\"container\" data-e-type=\"container\" data-settings=\"{&quot;background_background&quot;:&quot;classic&quot;,&quot;shape_divider_top&quot;:&quot;tilt&quot;}\">\n\t\t\t\t\t<div class=\"e-con-inner\">\n\t\t\t\t<div class=\"elementor-shape elementor-shape-top\" aria-hidden=\"true\" data-negative=\"false\">\n\t\t\t<svg xmlns=\"http:\/\/www.w3.org\/2000\/svg\" viewBox=\"0 0 1000 100\" preserveAspectRatio=\"none\">\n\t<path class=\"elementor-shape-fill\" d=\"M0,6V0h1000v100L0,6z\"\/>\n<\/svg>\t\t<\/div>\n\t\t<div class=\"elementor-element elementor-element-92d15d0 e-con-full e-flex e-con e-child\" data-id=\"92d15d0\" data-element_type=\"container\" data-e-type=\"container\">\n\t\t\t\t<div class=\"elementor-element elementor-element-f060b98 elementor-view-default elementor-widget elementor-widget-icon\" data-id=\"f060b98\" data-element_type=\"widget\" data-e-type=\"widget\" data-widget_type=\"icon.default\">\n\t\t\t\t\t\t\t<div class=\"elementor-icon-wrapper\">\n\t\t\t<div class=\"elementor-icon\">\n\t\t\t<svg aria-hidden=\"true\" class=\"e-font-icon-svg e-fab-google\" viewBox=\"0 0 488 512\" xmlns=\"http:\/\/www.w3.org\/2000\/svg\"><path d=\"M488 261.8C488 403.3 391.1 504 248 504 110.8 504 0 393.2 0 256S110.8 8 248 8c66.8 0 123 24.5 166.3 64.9l-67.5 64.9C258.5 52.6 94.3 116.6 94.3 256c0 86.5 69.1 156.6 153.7 156.6 98.2 0 135-70.4 140.8-106.9H248v-85.3h236.1c2.3 12.7 3.9 24.9 3.9 41.4z\"><\/path><\/svg>\t\t\t<\/div>\n\t\t<\/div>\n\t\t\t\t\t\t<\/div>\n\t\t\t\t<div class=\"elementor-element elementor-element-7aa9f5d elementor-widget elementor-widget-heading\" data-id=\"7aa9f5d\" data-element_type=\"widget\" data-e-type=\"widget\" data-widget_type=\"heading.default\">\n\t\t\t\t\t<h2 class=\"elementor-heading-title elementor-size-default\">.google reklamlar\u0131<\/h2>\t\t\t\t<\/div>\n\t\t\t\t<div class=\"elementor-element elementor-element-086952e elementor-widget elementor-widget-text-editor\" data-id=\"086952e\" data-element_type=\"widget\" data-e-type=\"widget\" data-widget_type=\"text-editor.default\">\n\t\t\t\t\t\t\t\t\tGoogle Ads brendinizi m\u00fc\u015ft\u0259ril\u0259rin m\u0259hz sizi axtard\u0131qlar\u0131 anda onlara t\u0259qdim etm\u0259yin \u0259n effektiv yollar\u0131ndan biridir. CodeAd-d\u0259 biz h\u0259d\u0259f auditoriyan\u0131z\u0131n axtar\u0131\u015f v\u0259rdi\u015fl\u0259rin\u0259 \u0259sas\u0259n Google Ads kampaniyalar\u0131n\u0131z\u0131 optimalla\u015fd\u0131r\u0131r\u0131q. A\u00e7ar s\u00f6z t\u0259dqiqat\u0131, y\u00fcks\u0259k keyfiyy\u0259tli reklam m\u0259tni v\u0259 effektiv h\u0259d\u0259fl\u0259m\u0259 strategiyalar\u0131 vasit\u0259sil\u0259 b\u00fcdc\u0259nizin m\u00fcmk\u00fcn q\u0259d\u0259r s\u0259m\u0259r\u0259li istifad\u0259 olunmas\u0131n\u0131 t\u0259min edirik.  \t\t\t\t\t\t\t\t<\/div>\n\t\t\t\t<\/div>\n\t\t<div class=\"elementor-element elementor-element-71021a0 e-con-full e-flex e-con e-child\" data-id=\"71021a0\" data-element_type=\"container\" data-e-type=\"container\">\n\t\t\t\t<div class=\"elementor-element elementor-element-12fe440 elementor-view-default elementor-widget elementor-widget-icon\" data-id=\"12fe440\" data-element_type=\"widget\" data-e-type=\"widget\" data-widget_type=\"icon.default\">\n\t\t\t\t\t\t\t<div class=\"elementor-icon-wrapper\">\n\t\t\t<div class=\"elementor-icon\">\n\t\t\t<svg aria-hidden=\"true\" class=\"e-font-icon-svg e-fab-facebook-f\" viewBox=\"0 0 320 512\" xmlns=\"http:\/\/www.w3.org\/2000\/svg\"><path d=\"M279.14 288l14.22-92.66h-88.91v-60.13c0-25.35 12.42-50.06 52.24-50.06h40.42V6.26S260.43 0 225.36 0c-73.22 0-121.08 44.38-121.08 124.72v70.62H22.89V288h81.39v224h100.17V288z\"><\/path><\/svg>\t\t\t<\/div>\n\t\t<\/div>\n\t\t\t\t\t\t<\/div>\n\t\t\t\t<div class=\"elementor-element elementor-element-4b0c83f elementor-widget elementor-widget-heading\" data-id=\"4b0c83f\" data-element_type=\"widget\" data-e-type=\"widget\" data-widget_type=\"heading.default\">\n\t\t\t\t\t<h2 class=\"elementor-heading-title elementor-size-default\">.meta<\/h2>\t\t\t\t<\/div>\n\t\t\t\t<div class=\"elementor-element elementor-element-f57f2ef elementor-widget elementor-widget-text-editor\" data-id=\"f57f2ef\" data-element_type=\"widget\" data-e-type=\"widget\" data-widget_type=\"text-editor.default\">\n\t\t\t\t\t\t\t\t\t<p><span style=\"font-weight: 400;\">Facebook v\u0259 Instagram kimi sosial media n\u0259h\u0259ngl\u0259rind\u0259 effektiv reklam kampaniyalar\u0131 yaratmaq brendinizi geni\u015f auditoriya il\u0259 \u0259laq\u0259l\u0259ndirm\u0259yin g\u00fccl\u00fc yoludur. CodeAd-d\u0259 biz Meta platformalar\u0131nda h\u0259d\u0259f auditoriyan\u0131z\u0131n diqq\u0259tini c\u0259lb ed\u0259c\u0259k reklam strategiyalar\u0131 haz\u0131rlay\u0131r v\u0259 do\u011fru insanlara \u00e7atma\u011f\u0131n\u0131z\u0131 t\u0259min edirik. <\/span><\/p>\t\t\t\t\t\t\t\t<\/div>\n\t\t\t\t<\/div>\n\t\t<div class=\"elementor-element elementor-element-3531bd1 e-con-full e-flex e-con e-child\" data-id=\"3531bd1\" data-element_type=\"container\" data-e-type=\"container\">\n\t\t\t\t<div class=\"elementor-element elementor-element-975aff6 elementor-view-default elementor-widget elementor-widget-icon\" data-id=\"975aff6\" data-element_type=\"widget\" data-e-type=\"widget\" data-widget_type=\"icon.default\">\n\t\t\t\t\t\t\t<div class=\"elementor-icon-wrapper\">\n\t\t\t<div class=\"elementor-icon\">\n\t\t\t<svg aria-hidden=\"true\" class=\"e-font-icon-svg e-fab-linkedin-in\" viewBox=\"0 0 448 512\" xmlns=\"http:\/\/www.w3.org\/2000\/svg\"><path d=\"M100.28 448H7.4V148.9h92.88zM53.79 108.1C24.09 108.1 0 83.5 0 53.8a53.79 53.79 0 0 1 107.58 0c0 29.7-24.1 54.3-53.79 54.3zM447.9 448h-92.68V302.4c0-34.7-.7-79.2-48.29-79.2-48.29 0-55.69 37.7-55.69 76.7V448h-92.78V148.9h89.08v40.8h1.3c12.4-23.5 42.69-48.3 87.88-48.3 94 0 111.28 61.9 111.28 142.3V448z\"><\/path><\/svg>\t\t\t<\/div>\n\t\t<\/div>\n\t\t\t\t\t\t<\/div>\n\t\t\t\t<div class=\"elementor-element elementor-element-0773456 elementor-widget elementor-widget-heading\" data-id=\"0773456\" data-element_type=\"widget\" data-e-type=\"widget\" data-widget_type=\"heading.default\">\n\t\t\t\t\t<h2 class=\"elementor-heading-title elementor-size-default\">.linkedin<\/h2>\t\t\t\t<\/div>\n\t\t\t\t<div class=\"elementor-element elementor-element-01ce850 elementor-widget elementor-widget-text-editor\" data-id=\"01ce850\" data-element_type=\"widget\" data-e-type=\"widget\" data-widget_type=\"text-editor.default\">\n\t\t\t\t\t\t\t\t\t<p><span style=\"font-weight: 400;\">LinkedIn pe\u015f\u0259kar auditoriyaya \u00e7atmaq \u00fc\u00e7\u00fcn \u0259n effektiv r\u0259q\u0259msal platformalardan biridir. Biz bu platformada, x\u00fcsusil\u0259 B2B (\u015firk\u0259tl\u0259raras\u0131) h\u0259d\u0259fl\u0259m\u0259 \u00fc\u00e7\u00fcn misilsiz imkanlar t\u0259qdim ed\u0259n reklamlar\u0131n\u0131z\u0131 diqq\u0259tl\u0259 idar\u0259 edirik. CodeAd sektor analizl\u0259rin\u0259, demoqrafik h\u0259d\u0259fl\u0259m\u0259y\u0259 v\u0259 pe\u015f\u0259kar maraqlara \u0259sas\u0259n LinkedIn reklam kampaniyalar\u0131n\u0131z\u0131 optimalla\u015fd\u0131r\u0131r.  <\/span><\/p>\t\t\t\t\t\t\t\t<\/div>\n\t\t\t\t<\/div>\n\t\t\t\t\t<\/div>\n\t\t\t\t<\/div>\n\t\t<div class=\"elementor-element elementor-element-c0999ac e-flex e-con-boxed e-con e-parent\" data-id=\"c0999ac\" data-element_type=\"container\" data-e-type=\"container\">\n\t\t\t\t\t<div class=\"e-con-inner\">\n\t\t<div class=\"elementor-element elementor-element-b6182b4 e-con-full e-flex e-con e-child\" data-id=\"b6182b4\" data-element_type=\"container\" data-e-type=\"container\">\n\t\t<div class=\"elementor-element elementor-element-908f43c e-con-full e-flex e-con e-child\" data-id=\"908f43c\" data-element_type=\"container\" data-e-type=\"container\">\n\t\t\t\t<div class=\"elementor-element elementor-element-193e847 elementor-widget elementor-widget-heading\" data-id=\"193e847\" data-element_type=\"widget\" data-e-type=\"widget\" data-widget_type=\"heading.default\">\n\t\t\t\t\t<h2 class=\"elementor-heading-title elementor-size-default\">Strateji Yana\u015fma v\u0259 Davaml\u0131 Optimalla\u015fd\u0131rma<\/h2>\t\t\t\t<\/div>\n\t\t\t\t<\/div>\n\t\t\t\t<\/div>\n\t\t<div class=\"elementor-element elementor-element-9b757e2 e-con-full e-flex e-con e-child\" data-id=\"9b757e2\" data-element_type=\"container\" data-e-type=\"container\" data-settings=\"{&quot;background_background&quot;:&quot;classic&quot;}\">\n\t\t<div class=\"elementor-element elementor-element-9a12003 e-con-full e-flex e-con e-child\" data-id=\"9a12003\" data-element_type=\"container\" data-e-type=\"container\">\n\t\t\t\t<div class=\"elementor-element elementor-element-52d558a elementor-widget elementor-widget-text-editor\" data-id=\"52d558a\" data-element_type=\"widget\" data-e-type=\"widget\" data-widget_type=\"text-editor.default\">\n\t\t\t\t\t\t\t\t\t<p>U\u011furlu r\u0259q\u0259msal reklam kampaniyas\u0131 d\u0259qiq h\u0259d\u0259fl\u0259m\u0259, strategiya v\u0259 davaml\u0131 t\u0259kmill\u0259\u015fdirm\u0259 prosesl\u0259rini \u0259hat\u0259 edir. CodeAd-d\u0259 biz r\u0259q\u0259msal d\u00fcnyada brendinizi \u0259n yax\u015f\u0131 \u015f\u0259kild\u0259 t\u0259msil ed\u0259n reklam kampaniyalar\u0131n\u0131 yarad\u0131r v\u0259 idar\u0259 edirik. Google Ads, Meta v\u0259 LinkedIn kimi platformalarda h\u0259r bir add\u0131m\u0131 diqq\u0259tl\u0259 planla\u015fd\u0131rmaqla h\u0259d\u0259f auditoriyan\u0131za \u0259n effektiv \u015f\u0259kild\u0259 \u00e7atma\u011f\u0131n\u0131z\u0131 t\u0259min edirik.  <\/p><p>Biz kampaniyalar\u0131n\u0131z\u0131 yaln\u0131z i\u015f\u0259 salm\u0131r\u0131q; reklamlar\u0131n\u0131z\u0131n performans\u0131n\u0131 davaml\u0131 t\u0259hlil ed\u0259r\u0259k optimalla\u015fd\u0131r\u0131r\u0131q. Bu, reklam b\u00fcdc\u0259nizi \u0259n s\u0259m\u0259r\u0259li \u015f\u0259kild\u0259 istifad\u0259 etm\u0259y\u0259, konversiya d\u0259r\u0259c\u0259l\u0259rinizi art\u0131rma\u011fa v\u0259 m\u0259qs\u0259dl\u0259riniz\u0259 daha s\u00fcr\u0259tli \u00e7atma\u011f\u0131n\u0131za k\u00f6m\u0259k edir. <\/p>\t\t\t\t\t\t\t\t<\/div>\n\t\t\t\t<\/div>\n\t\t<div class=\"elementor-element elementor-element-8a4ab28 e-con-full e-flex e-con e-child\" data-id=\"8a4ab28\" data-element_type=\"container\" data-e-type=\"container\" data-settings=\"{&quot;background_background&quot;:&quot;classic&quot;}\">\n\t\t\t\t<div class=\"elementor-element elementor-element-13c32b9 elementor-widget elementor-widget-image\" data-id=\"13c32b9\" data-element_type=\"widget\" data-e-type=\"widget\" data-widget_type=\"image.default\">\n\t\t\t\t\t\t\t\t\t\t\t\t\t\t\t<img fetchpriority=\"high\" decoding=\"async\" width=\"1000\" height=\"667\" src=\"https:\/\/blog.codead.com.tr\/wp-content\/uploads\/codead-v2-growth-reklam-danismanligi-004.jpg\" class=\"attachment-full size-full wp-image-10110\" alt=\"\" srcset=\"https:\/\/blog.codead.com.tr\/wp-content\/uploads\/codead-v2-growth-reklam-danismanligi-004.jpg 1000w, https:\/\/blog.codead.com.tr\/wp-content\/uploads\/codead-v2-growth-reklam-danismanligi-004-300x200.jpg 300w, https:\/\/blog.codead.com.tr\/wp-content\/uploads\/codead-v2-growth-reklam-danismanligi-004-768x512.jpg 768w\" sizes=\"(max-width: 1000px) 100vw, 1000px\" title=\"\">\t\t\t\t\t\t\t\t\t\t\t\t\t\t\t<\/div>\n\t\t\t\t<\/div>\n\t\t\t\t<\/div>\n\t\t\t\t\t<\/div>\n\t\t\t\t<\/div>\n\t\t<div class=\"elementor-element elementor-element-e21a53b e-con-full elementor-hidden-tablet elementor-hidden-mobile e-flex e-con e-parent\" data-id=\"e21a53b\" data-element_type=\"container\" data-e-type=\"container\" data-settings=\"{&quot;background_background&quot;:&quot;video&quot;,&quot;background_video_link&quot;:&quot;https:\\\/\\\/blog.codead.com.tr\\\/wp-content\\\/uploads\\\/codead-v2-growth-reklam-danismanligi-005.mp4&quot;,&quot;background_play_on_mobile&quot;:&quot;yes&quot;}\">\n\t\t<div class=\"elementor-background-video-container\">\n\t\t\t\t\t\t\t<video class=\"elementor-background-video-hosted\" role=\"presentation\" autoplay muted playsinline loop><\/video>\n\t\t\t\t\t<\/div>\t\t<\/div>\n\t\t<div class=\"elementor-element elementor-element-9116c25 e-flex e-con-boxed e-con e-parent\" data-id=\"9116c25\" data-element_type=\"container\" data-e-type=\"container\" data-settings=\"{&quot;background_background&quot;:&quot;classic&quot;}\">\n\t\t\t\t\t<div class=\"e-con-inner\">\n\t\t<div class=\"elementor-element elementor-element-a258190 e-con-full e-flex e-con e-child\" data-id=\"a258190\" data-element_type=\"container\" data-e-type=\"container\">\n\t\t\t\t<div class=\"elementor-element elementor-element-f9a3579 elementor-widget elementor-widget-heading\" data-id=\"f9a3579\" data-element_type=\"widget\" data-e-type=\"widget\" data-widget_type=\"heading.default\">\n\t\t\t\t\t<h2 class=\"elementor-heading-title elementor-size-default\">S\u0259m\u0259r\u0259li N\u0259tic\u0259l\u0259r, Maksimum Konversiya<\/h2>\t\t\t\t<\/div>\n\t\t\t\t<div class=\"elementor-element elementor-element-f991394 elementor-widget__width-initial elementor-widget elementor-widget-text-editor\" data-id=\"f991394\" data-element_type=\"widget\" data-e-type=\"widget\" data-widget_type=\"text-editor.default\">\n\t\t\t\t\t\t\t\t\t<p>R\u0259q\u0259msal reklamda u\u011fur yaln\u0131z g\u00f6r\u00fcnm\u0259kd\u0259n ibar\u0259t deyil, do\u011fru istifad\u0259\u00e7iy\u0259 \u00e7atmaq v\u0259 konversiyalar\u0131 art\u0131rmaqd\u0131r. CodeAd brendinizin reklam performans\u0131n\u0131 h\u0259r platformada davaml\u0131 \u015f\u0259kild\u0259 izl\u0259yir v\u0259 analiz edir, ehtiyaclar\u0131n\u0131za uy\u011fun t\u0259nziml\u0259m\u0259l\u0259r edir. Google Ads-d\u0259ki klikl\u0259m\u0259 d\u0259r\u0259c\u0259l\u0259rind\u0259n Facebook v\u0259 Instagram-dak\u0131 aktivlik d\u0259r\u0259c\u0259l\u0259rin\u0259 q\u0259d\u0259r h\u0259r detal izl\u0259nilir v\u0259 optimalla\u015fd\u0131r\u0131l\u0131r.  <\/p><p>LinkedIn-d\u0259 pe\u015f\u0259kar auditoriyaya \u00e7ataraq biznes d\u00fcnyas\u0131nda etibarl\u0131 n\u00fcfuz qazanma\u011f\u0131n\u0131za k\u00f6m\u0259k edirik. N\u0259tic\u0259d\u0259 reklam b\u00fcdc\u0259nizd\u0259n \u0259n y\u00fcks\u0259k g\u0259liri \u0259ld\u0259 edir v\u0259 r\u0259q\u0259msal reklamda davaml\u0131 v\u0259 sabit u\u011fur qazan\u0131rs\u0131n\u0131z. <\/p>\t\t\t\t\t\t\t\t<\/div>\n\t\t\t\t<\/div>\n\t\t<div class=\"elementor-element elementor-element-89157b1 e-con-full e-flex e-con e-child\" data-id=\"89157b1\" data-element_type=\"container\" data-e-type=\"container\">\n\t\t\t\t<div class=\"elementor-element elementor-element-fd26971 elementor-widget elementor-widget-heading\" data-id=\"fd26971\" data-element_type=\"widget\" data-e-type=\"widget\" data-widget_type=\"heading.default\">\n\t\t\t\t\t<h2 class=\"elementor-heading-title elementor-size-default\">D\u00fczg\u00fcn Strategiya, G\u00fccl\u00fc Reklam<\/h2>\t\t\t\t<\/div>\n\t\t\t\t<\/div>\n\t\t\t\t\t<\/div>\n\t\t\t\t<\/div>\n\t\t\t\t<\/div>\n\t\t","protected":false},"excerpt":{"rendered":"<p>ReklamM\u0259sl\u0259h\u0259t\u00e7ilik R\u0259q\u0259msal reklamla daha geni\u015f auditoriyaya \u00e7at\u0131n CodeAd-d\u0259 biz Google Ads, Meta (Facebook v\u0259 Instagram) v\u0259 LinkedIn kimi platformalarda strateji reklam idar\u0259\u00e7iliyi t\u0259klif edirik. H\u0259d\u0259f auditoriyan\u0131za uy\u011fun olaraq reklamlar\u0131n\u0131z\u0131 optimalla\u015fd\u0131r\u0131r v\u0259 b\u00fcdc\u0259nizi \u0259n s\u0259m\u0259r\u0259li \u015f\u0259kild\u0259 istifad\u0259 ed\u0259r\u0259k maksimum konversiyaya \u00e7atma\u011f\u0131n\u0131z\u0131 t\u0259min edirik. Dijital reklamc\u0131l\u0131k \u0130le markan\u0131z\u0131 geni\u015f kitlelere ula\u015ft\u0131rIN CodeAd-d\u0259 biz Google Ads, Meta (Facebook [&hellip;]<\/p>\n","protected":false},"author":1,"featured_media":0,"parent":0,"menu_order":0,"comment_status":"closed","ping_status":"closed","template":"elementor_header_footer","meta":{"footnotes":""},"class_list":["post-10106","page","type-page","status-publish","hentry"],"_links":{"self":[{"href":"https:\/\/blog.codead.com.tr\/az\/wp-json\/wp\/v2\/pages\/10106","targetHints":{"allow":["GET"]}}],"collection":[{"href":"https:\/\/blog.codead.com.tr\/az\/wp-json\/wp\/v2\/pages"}],"about":[{"href":"https:\/\/blog.codead.com.tr\/az\/wp-json\/wp\/v2\/types\/page"}],"author":[{"embeddable":true,"href":"https:\/\/blog.codead.com.tr\/az\/wp-json\/wp\/v2\/users\/1"}],"replies":[{"embeddable":true,"href":"https:\/\/blog.codead.com.tr\/az\/wp-json\/wp\/v2\/comments?post=10106"}],"version-history":[{"count":0,"href":"https:\/\/blog.codead.com.tr\/az\/wp-json\/wp\/v2\/pages\/10106\/revisions"}],"wp:attachment":[{"href":"https:\/\/blog.codead.com.tr\/az\/wp-json\/wp\/v2\/media?parent=10106"}],"curies":[{"name":"wp","href":"https:\/\/api.w.org\/{rel}","templated":true}]}}