{"id":10168,"date":"2025-08-01T11:53:40","date_gmt":"2025-08-01T08:53:40","guid":{"rendered":"https:\/\/blog.codead.com.tr\/m%c9%99zmun-istehsali\/"},"modified":"2026-04-06T12:01:23","modified_gmt":"2026-04-06T09:01:23","slug":"m%c9%99zmun-istehsali","status":"publish","type":"page","link":"https:\/\/blog.codead.com.tr\/az\/m%c9%99zmun-istehsali\/","title":{"rendered":"M\u0259zmun \u0130stehsal\u0131"},"content":{"rendered":"\t\t<div data-elementor-type=\"wp-page\" data-elementor-id=\"10168\" class=\"elementor elementor-10168 elementor-172\" data-elementor-post-type=\"page\">\n\t\t\t\t<div class=\"elementor-element elementor-element-b07bb20 e-con-full e-flex e-con e-parent\" data-id=\"b07bb20\" data-element_type=\"container\" data-e-type=\"container\">\n\t\t<div class=\"elementor-element elementor-element-5562629 e-con-full e-flex e-con e-child\" data-id=\"5562629\" data-element_type=\"container\" data-e-type=\"container\" data-settings=\"{&quot;background_background&quot;:&quot;classic&quot;}\">\n\t\t\t\t<div class=\"elementor-element elementor-element-e0cf2a0 elementor-widget elementor-widget-heading\" data-id=\"e0cf2a0\" data-element_type=\"widget\" data-e-type=\"widget\" data-widget_type=\"heading.default\">\n\t\t\t\t\t<h2 class=\"elementor-heading-title elementor-size-default\">M\u0259zmun<br>\u0130stehsal\u0131<\/h2>\t\t\t\t<\/div>\n\t\t\t\t<\/div>\n\t\t\t\t<\/div>\n\t\t<div class=\"elementor-element elementor-element-6f4133e elementor-hidden-desktop e-flex e-con-boxed e-con e-parent\" data-id=\"6f4133e\" data-element_type=\"container\" data-e-type=\"container\">\n\t\t\t\t\t<div class=\"e-con-inner\">\n\t\t<div class=\"elementor-element elementor-element-1fabbf6 e-con-full e-flex e-con e-child\" data-id=\"1fabbf6\" data-element_type=\"container\" data-e-type=\"container\">\n\t\t\t\t<div class=\"elementor-element elementor-element-c418756 elementor-widget elementor-widget-heading\" data-id=\"c418756\" data-element_type=\"widget\" data-e-type=\"widget\" data-widget_type=\"heading.default\">\n\t\t\t\t\t<h2 class=\"elementor-heading-title elementor-size-default\">M\u0259zmun yaratmaq bir \u015feydir, m\u0259zmunu idar\u0259 etm\u0259k ba\u015fqa bir \u015feydir.<\/h2>\t\t\t\t<\/div>\n\t\t\t\t<div class=\"elementor-element elementor-element-8df044a elementor-widget elementor-widget-text-editor\" data-id=\"8df044a\" data-element_type=\"widget\" data-e-type=\"widget\" data-widget_type=\"text-editor.default\">\n\t\t\t\t\t\t\t\t\t<p>Biz sad\u0259c\u0259 m\u0259tn yazm\u0131r\u0131q; m\u0259zmunu strategiya il\u0259 \u0259laq\u0259l\u0259ndirib faydal\u0131 edirik.<br>Biz axtar\u0131\u015f motorlar\u0131n\u0131n optimalla\u015fd\u0131rmas\u0131 il\u0259 m\u0259\u015f\u011ful olmuruq.<br>\u018fvv\u0259lc\u0259 kiminl\u0259 dan\u0131\u015fd\u0131\u011f\u0131m\u0131z\u0131 ayd\u0131nla\u015fd\u0131r\u0131r\u0131q.<br>Sonra h\u0259min \u015f\u0259xsin n\u0259 axtard\u0131\u011f\u0131n\u0131, nec\u0259 d\u00fc\u015f\u00fcnd\u00fcy\u00fcn\u00fc v\u0259 hans\u0131 sual\u0131n cavabland\u0131r\u0131lmas\u0131n\u0131 g\u00f6zl\u0259diyini m\u00fc\u0259yy\u0259n edirik.<br>N\u0259tic\u0259:<br>Oxunan, d\u0259y\u0259r yaradan, trafik g\u0259tir\u0259n v\u0259 brendi da\u015f\u0131yan m\u0259zmun.<\/p>\t\t\t\t\t\t\t\t<\/div>\n\t\t<div class=\"elementor-element elementor-element-a2a7bbd e-con-full e-flex e-con e-child\" data-id=\"a2a7bbd\" data-element_type=\"container\" data-e-type=\"container\" data-settings=\"{&quot;background_background&quot;:&quot;classic&quot;}\">\n\t\t\t\t<\/div>\n\t\t\t\t<\/div>\n\t\t\t\t\t<\/div>\n\t\t\t\t<\/div>\n\t\t<div class=\"elementor-element elementor-element-6431d3c elementor-hidden-tablet elementor-hidden-mobile e-flex e-con-boxed e-con e-parent\" data-id=\"6431d3c\" data-element_type=\"container\" data-e-type=\"container\">\n\t\t\t\t\t<div class=\"e-con-inner\">\n\t\t<div class=\"elementor-element elementor-element-ab51024 e-con-full cool-split e-flex e-con e-child\" data-id=\"ab51024\" data-element_type=\"container\" data-e-type=\"container\">\n\t\t\t\t<div class=\"elementor-element elementor-element-65dc455 elementor-widget elementor-widget-heading\" data-id=\"65dc455\" data-element_type=\"widget\" data-e-type=\"widget\" data-widget_type=\"heading.default\">\n\t\t\t\t\t<h2 class=\"elementor-heading-title elementor-size-default\">M\u0259zmun yaratmaq bir \u015feydir, m\u0259zmunu idar\u0259 etm\u0259k ba\u015fqa bir \u015feydir.<\/h2>\t\t\t\t<\/div>\n\t\t\t\t<div class=\"elementor-element elementor-element-11cd3bb elementor-widget elementor-widget-html\" data-id=\"11cd3bb\" data-element_type=\"widget\" data-e-type=\"widget\" data-widget_type=\"html.default\">\n\t\t\t\t\t<script src=\"https:\/\/cdnjs.cloudflare.com\/ajax\/libs\/gsap\/3.12.5\/gsap.min.js\"><\/script><script src=\"https:\/\/unpkg.com\/gsap@3\/dist\/ScrollTrigger.min.js\"><\/script><script src=\"https:\/\/cdn.jsdelivr.net\/npm\/split-type@0.3.4\/umd\/index.min.js\"><\/script><script>gsap.registerPlugin(ScrollTrigger);\r\n\r\nconst split = new SplitType(\".cool-split h2\", {\r\n  types: \"words, chars\",\r\n});\r\n\r\nconst tl = gsap\r\n  .timeline({\r\n    scrollTrigger: {\r\n      trigger: \".about\",\r\n      start: \"top 5%\",\r\n      end: \"+=100%\",\r\n      scrub: 0.5,\r\n    },\r\n  })\r\n  .set(\r\n    split.chars,\r\n    {\r\n      duration: 0.3,\r\n      color: \"black\",\r\n      stagger: 0.1,\r\n    },\r\n    0.1\r\n  );\r\n<\/script>\t\t\t\t<\/div>\n\t\t<div class=\"elementor-element elementor-element-0757f2e e-con-full e-flex e-con e-child\" data-id=\"0757f2e\" data-element_type=\"container\" data-e-type=\"container\">\n\t\t<div class=\"elementor-element elementor-element-5b21949 e-con-full e-flex e-con e-child\" data-id=\"5b21949\" data-element_type=\"container\" data-e-type=\"container\">\n\t\t\t\t<div class=\"elementor-element elementor-element-780e0e4 elementor-widget elementor-widget-text-editor\" data-id=\"780e0e4\" data-element_type=\"widget\" data-e-type=\"widget\" data-widget_type=\"text-editor.default\">\n\t\t\t\t\t\t\t\t\t<p>Biz yaln\u0131z m\u0259tn yazm\u0131r\u0131q; onu strategiya il\u0259 \u0259laq\u0259l\u0259ndir\u0259r\u0259k faydal\u0131 edirik.<br>Biz axtar\u0131\u015f motorlar\u0131n\u0131n optimalla\u015fd\u0131r\u0131lmas\u0131 il\u0259 m\u0259\u015f\u011fuluq.<br>\u018fvv\u0259lc\u0259, kiminl\u0259 dan\u0131\u015fd\u0131\u011f\u0131m\u0131z\u0131 ayd\u0131nla\u015fd\u0131r\u0131r\u0131q.<br>Sonra h\u0259min \u015f\u0259xsin n\u0259 axtard\u0131\u011f\u0131n\u0131, nec\u0259 d\u00fc\u015f\u00fcnd\u00fcy\u00fcn\u00fc v\u0259 hans\u0131 sual\u0131n cavabland\u0131r\u0131lmas\u0131n\u0131 g\u00f6zl\u0259diyini m\u00fc\u0259yy\u0259n edirik.<br>N\u0259tic\u0259:<br>Oxunaql\u0131, d\u0259y\u0259rli, trafik g\u0259tir\u0259n v\u0259 brendi da\u015f\u0131yan m\u0259zmun.<\/p>\t\t\t\t\t\t\t\t<\/div>\n\t\t\t\t<\/div>\n\t\t\t\t<\/div>\n\t\t\t\t<\/div>\n\t\t<div class=\"elementor-element elementor-element-69154c9 e-con-full e-flex e-con e-child\" data-id=\"69154c9\" data-element_type=\"container\" data-e-type=\"container\">\n\t\t<div class=\"elementor-element elementor-element-7a2970d e-con-full e-flex e-con e-child\" data-id=\"7a2970d\" data-element_type=\"container\" data-e-type=\"container\" data-settings=\"{&quot;background_background&quot;:&quot;classic&quot;}\">\n\t\t\t\t<\/div>\n\t\t\t\t<\/div>\n\t\t\t\t\t<\/div>\n\t\t\t\t<\/div>\n\t\t<div class=\"elementor-element elementor-element-337d898 e-con-full elementor-hidden-tablet elementor-hidden-mobile e-flex e-con e-parent\" data-id=\"337d898\" data-element_type=\"container\" data-e-type=\"container\" data-settings=\"{&quot;background_background&quot;:&quot;video&quot;,&quot;background_video_link&quot;:&quot;https:\\\/\\\/blog.codead.com.tr\\\/wp-content\\\/uploads\\\/codead-v2-growth-icerik-uretimi-003.mp4&quot;,&quot;background_play_on_mobile&quot;:&quot;yes&quot;}\">\n\t\t<div class=\"elementor-background-video-container\">\n\t\t\t\t\t\t\t<video class=\"elementor-background-video-hosted\" role=\"presentation\" autoplay muted playsinline loop><\/video>\n\t\t\t\t\t<\/div>\t\t<\/div>\n\t\t<div class=\"elementor-element elementor-element-a726031 e-flex e-con-boxed e-con e-parent\" data-id=\"a726031\" data-element_type=\"container\" data-e-type=\"container\" data-settings=\"{&quot;background_background&quot;:&quot;classic&quot;}\">\n\t\t\t\t\t<div class=\"e-con-inner\">\n\t\t<div class=\"elementor-element elementor-element-02fbc6f e-con-full e-flex e-con e-child\" data-id=\"02fbc6f\" data-element_type=\"container\" data-e-type=\"container\">\n\t\t\t\t<div class=\"elementor-element elementor-element-9e7c9e7 elementor-widget elementor-widget-heading\" data-id=\"9e7c9e7\" data-element_type=\"widget\" data-e-type=\"widget\" data-widget_type=\"heading.default\">\n\t\t\t\t\t<h2 class=\"elementor-heading-title elementor-size-default\">M\u0259zmunumuz sah\u0259l\u0259rind\u0259 ekspert redaktorlar t\u0259r\u0259find\u0259n yaz\u0131l\u0131b.<\/h2>\t\t\t\t<\/div>\n\t\t\t\t<div class=\"elementor-element elementor-element-61e555f elementor-widget__width-initial elementor-widget elementor-widget-text-editor\" data-id=\"61e555f\" data-element_type=\"widget\" data-e-type=\"widget\" data-widget_type=\"text-editor.default\">\n\t\t\t\t\t\t\t\t\t<p>Amma redaktor yaln\u0131z yazm\u0131r. O, SEO m\u00fct\u0259x\u0259ssisi il\u0259 birlikd\u0259 i\u015fl\u0259yir.<br>A\u00e7ar s\u00f6z yerl\u0259\u015fdirilm\u0259si, meta t\u0259svirl\u0259ri, ba\u015fl\u0131q iyerarxiyas\u0131 v\u0259 LSI istifad\u0259si kimi texniki detallar m\u0259zm\u00fcnd\u0259n ayr\u0131 deyil; onlar onun i\u00e7\u0259risin\u0259 yerl\u0259\u015fdirilib.<br>Q\u0131sacas\u0131, biz m\u0259zmun yaratm\u0131r\u0131q; <\/p>\t\t\t\t\t\t\t\t<\/div>\n\t\t\t\t<\/div>\n\t\t<div class=\"elementor-element elementor-element-9ce8c2c e-con-full e-flex e-con e-child\" data-id=\"9ce8c2c\" data-element_type=\"container\" data-e-type=\"container\">\n\t\t\t\t<div class=\"elementor-element elementor-element-606d233 elementor-widget elementor-widget-heading\" data-id=\"606d233\" data-element_type=\"widget\" data-e-type=\"widget\" data-widget_type=\"heading.default\">\n\t\t\t\t\t<h2 class=\"elementor-heading-title elementor-size-default\">Arand\u0131\u011f\u0131, bulundu\u011fu, okundu\u011fu ve i\u015fe yarad\u0131\u011f\u0131 s\u00fcrece de\u011ferlidir<\/h2>\t\t\t\t<\/div>\n\t\t\t\t<\/div>\n\t\t\t\t\t<\/div>\n\t\t\t\t<\/div>\n\t\t\t\t<\/div>\n\t\t","protected":false},"excerpt":{"rendered":"<p>M\u0259zmun\u0130stehsal\u0131 M\u0259zmun yaratmaq bir \u015feydir, m\u0259zmunu idar\u0259 etm\u0259k ba\u015fqa bir \u015feydir. Biz sad\u0259c\u0259 m\u0259tn yazm\u0131r\u0131q; m\u0259zmunu strategiya il\u0259 \u0259laq\u0259l\u0259ndirib faydal\u0131 edirik.Biz axtar\u0131\u015f motorlar\u0131n\u0131n optimalla\u015fd\u0131rmas\u0131 il\u0259 m\u0259\u015f\u011ful olmuruq.\u018fvv\u0259lc\u0259 kiminl\u0259 dan\u0131\u015fd\u0131\u011f\u0131m\u0131z\u0131 ayd\u0131nla\u015fd\u0131r\u0131r\u0131q.Sonra h\u0259min \u015f\u0259xsin n\u0259 axtard\u0131\u011f\u0131n\u0131, nec\u0259 d\u00fc\u015f\u00fcnd\u00fcy\u00fcn\u00fc v\u0259 hans\u0131 sual\u0131n cavabland\u0131r\u0131lmas\u0131n\u0131 g\u00f6zl\u0259diyini m\u00fc\u0259yy\u0259n edirik.N\u0259tic\u0259:Oxunan, d\u0259y\u0259r yaradan, trafik g\u0259tir\u0259n v\u0259 brendi da\u015f\u0131yan m\u0259zmun. M\u0259zmun yaratmaq bir \u015feydir, [&hellip;]<\/p>\n","protected":false},"author":1,"featured_media":0,"parent":0,"menu_order":0,"comment_status":"closed","ping_status":"closed","template":"elementor_header_footer","meta":{"footnotes":""},"class_list":["post-10168","page","type-page","status-publish","hentry"],"_links":{"self":[{"href":"https:\/\/blog.codead.com.tr\/az\/wp-json\/wp\/v2\/pages\/10168","targetHints":{"allow":["GET"]}}],"collection":[{"href":"https:\/\/blog.codead.com.tr\/az\/wp-json\/wp\/v2\/pages"}],"about":[{"href":"https:\/\/blog.codead.com.tr\/az\/wp-json\/wp\/v2\/types\/page"}],"author":[{"embeddable":true,"href":"https:\/\/blog.codead.com.tr\/az\/wp-json\/wp\/v2\/users\/1"}],"replies":[{"embeddable":true,"href":"https:\/\/blog.codead.com.tr\/az\/wp-json\/wp\/v2\/comments?post=10168"}],"version-history":[{"count":0,"href":"https:\/\/blog.codead.com.tr\/az\/wp-json\/wp\/v2\/pages\/10168\/revisions"}],"wp:attachment":[{"href":"https:\/\/blog.codead.com.tr\/az\/wp-json\/wp\/v2\/media?parent=10168"}],"curies":[{"name":"wp","href":"https:\/\/api.w.org\/{rel}","templated":true}]}}