{"id":10219,"date":"2025-08-01T11:52:52","date_gmt":"2025-08-01T08:52:52","guid":{"rendered":"https:\/\/blog.codead.com.tr\/hesabat-xidm%c9%99ti\/"},"modified":"2026-04-06T12:04:14","modified_gmt":"2026-04-06T09:04:14","slug":"hesabat-xidm%c9%99ti","status":"publish","type":"page","link":"https:\/\/blog.codead.com.tr\/az\/hesabat-xidm%c9%99ti\/","title":{"rendered":"Hesabat Xidm\u0259ti"},"content":{"rendered":"\t\t<div data-elementor-type=\"wp-page\" data-elementor-id=\"10219\" class=\"elementor elementor-10219 elementor-168\" data-elementor-post-type=\"page\">\n\t\t\t\t<div class=\"elementor-element elementor-element-733c8a4 e-con-full e-flex e-con e-parent\" data-id=\"733c8a4\" data-element_type=\"container\" data-e-type=\"container\">\n\t\t<div class=\"elementor-element elementor-element-fa0a15d e-con-full e-flex e-con e-child\" data-id=\"fa0a15d\" data-element_type=\"container\" data-e-type=\"container\" data-settings=\"{&quot;background_background&quot;:&quot;classic&quot;}\">\n\t\t\t\t<div class=\"elementor-element elementor-element-32045b7 elementor-widget elementor-widget-heading\" data-id=\"32045b7\" data-element_type=\"widget\" data-e-type=\"widget\" data-widget_type=\"heading.default\">\n\t\t\t\t\t<h2 class=\"elementor-heading-title elementor-size-default\">Hesabat<br>Xidm\u0259ti<\/h2>\t\t\t\t<\/div>\n\t\t\t\t<\/div>\n\t\t\t\t<\/div>\n\t\t<div class=\"elementor-element elementor-element-172173a elementor-hidden-desktop e-flex e-con-boxed e-con e-parent\" data-id=\"172173a\" data-element_type=\"container\" data-e-type=\"container\">\n\t\t\t\t\t<div class=\"e-con-inner\">\n\t\t<div class=\"elementor-element elementor-element-cd9fef4 e-con-full e-flex e-con e-child\" data-id=\"cd9fef4\" data-element_type=\"container\" data-e-type=\"container\">\n\t\t\t\t<div class=\"elementor-element elementor-element-f1e59e5 elementor-widget elementor-widget-heading\" data-id=\"f1e59e5\" data-element_type=\"widget\" data-e-type=\"widget\" data-widget_type=\"heading.default\">\n\t\t\t\t\t<h2 class=\"elementor-heading-title elementor-size-default\">\u018fg\u0259r yeni bazara daxil olursunuzsa v\u0259 ya sah\u0259d\u0259 r\u0259qab\u0259t art\u0131rsa<\/h2>\t\t\t\t<\/div>\n\t\t\t\t<div class=\"elementor-element elementor-element-c1a08df elementor-widget elementor-widget-text-editor\" data-id=\"c1a08df\" data-element_type=\"widget\" data-e-type=\"widget\" data-widget_type=\"text-editor.default\">\n\t\t\t\t\t\t\t\t\tSiz atd\u0131\u011f\u0131n\u0131z add\u0131mlar\u0131 ayd\u0131n \u015f\u0259kild\u0259 g\u00f6rm\u0259k ist\u0259yirsiniz. M\u0259hz bunu bizim hesabat xidm\u0259ti t\u0259min edir. \t\t\t\t\t\t\t\t<\/div>\n\t\t<div class=\"elementor-element elementor-element-5034b8c e-con-full e-flex e-con e-child\" data-id=\"5034b8c\" data-element_type=\"container\" data-e-type=\"container\" data-settings=\"{&quot;background_background&quot;:&quot;classic&quot;}\">\n\t\t\t\t<\/div>\n\t\t\t\t<\/div>\n\t\t\t\t\t<\/div>\n\t\t\t\t<\/div>\n\t\t<div class=\"elementor-element elementor-element-571f26e elementor-hidden-tablet elementor-hidden-mobile e-flex e-con-boxed e-con e-parent\" data-id=\"571f26e\" data-element_type=\"container\" data-e-type=\"container\">\n\t\t\t\t\t<div class=\"e-con-inner\">\n\t\t<div class=\"elementor-element elementor-element-ade0873 e-con-full cool-split e-flex e-con e-child\" data-id=\"ade0873\" data-element_type=\"container\" data-e-type=\"container\">\n\t\t\t\t<div class=\"elementor-element elementor-element-1228b5d elementor-widget elementor-widget-heading\" data-id=\"1228b5d\" data-element_type=\"widget\" data-e-type=\"widget\" data-widget_type=\"heading.default\">\n\t\t\t\t\t<h2 class=\"elementor-heading-title elementor-size-default\">\u018fg\u0259r yeni bazara daxil olursunuzsa v\u0259 ya sah\u0259d\u0259 r\u0259qab\u0259t art\u0131rsa<\/h2>\t\t\t\t<\/div>\n\t\t\t\t<div class=\"elementor-element elementor-element-652acdb elementor-widget elementor-widget-html\" data-id=\"652acdb\" data-element_type=\"widget\" data-e-type=\"widget\" data-widget_type=\"html.default\">\n\t\t\t\t\t<script src=\"https:\/\/cdnjs.cloudflare.com\/ajax\/libs\/gsap\/3.12.5\/gsap.min.js\"><\/script><script src=\"https:\/\/unpkg.com\/gsap@3\/dist\/ScrollTrigger.min.js\"><\/script><script src=\"https:\/\/cdn.jsdelivr.net\/npm\/split-type@0.3.4\/umd\/index.min.js\"><\/script><script>gsap.registerPlugin(ScrollTrigger);\r\n\r\nconst split = new SplitType(\".cool-split h2\", {\r\n  types: \"words, chars\",\r\n});\r\n\r\nconst tl = gsap\r\n  .timeline({\r\n    scrollTrigger: {\r\n      trigger: \".about\",\r\n      start: \"top 5%\",\r\n      end: \"+=100%\",\r\n      scrub: 0.5,\r\n    },\r\n  })\r\n  .set(\r\n    split.chars,\r\n    {\r\n      duration: 0.3,\r\n      color: \"black\",\r\n      stagger: 0.1,\r\n    },\r\n    0.1\r\n  );\r\n<\/script>\t\t\t\t<\/div>\n\t\t<div class=\"elementor-element elementor-element-25bb6ca e-con-full e-flex e-con e-child\" data-id=\"25bb6ca\" data-element_type=\"container\" data-e-type=\"container\">\n\t\t<div class=\"elementor-element elementor-element-f501776 e-con-full e-flex e-con e-child\" data-id=\"f501776\" data-element_type=\"container\" data-e-type=\"container\">\n\t\t\t\t<div class=\"elementor-element elementor-element-05ff6fa elementor-widget elementor-widget-text-editor\" data-id=\"05ff6fa\" data-element_type=\"widget\" data-e-type=\"widget\" data-widget_type=\"text-editor.default\">\n\t\t\t\t\t\t\t\t\t<p>Siz atd\u0131\u011f\u0131n\u0131z add\u0131mlar\u0131 ayd\u0131n \u015f\u0259kild\u0259 g\u00f6rm\u0259k ist\u0259yirsiniz. M\u0259hz bunu bizim hesabat xidm\u0259ti t\u0259min edir. <\/p>\t\t\t\t\t\t\t\t<\/div>\n\t\t\t\t<\/div>\n\t\t\t\t<\/div>\n\t\t\t\t<\/div>\n\t\t<div class=\"elementor-element elementor-element-b662888 e-con-full e-flex e-con e-child\" data-id=\"b662888\" data-element_type=\"container\" data-e-type=\"container\">\n\t\t<div class=\"elementor-element elementor-element-dc8fead e-con-full e-flex e-con e-child\" data-id=\"dc8fead\" data-element_type=\"container\" data-e-type=\"container\" data-settings=\"{&quot;background_background&quot;:&quot;classic&quot;}\">\n\t\t\t\t<\/div>\n\t\t\t\t<\/div>\n\t\t\t\t\t<\/div>\n\t\t\t\t<\/div>\n\t\t<div class=\"elementor-element elementor-element-a239afc e-flex e-con-boxed e-con e-parent\" data-id=\"a239afc\" data-element_type=\"container\" data-e-type=\"container\" data-settings=\"{&quot;background_background&quot;:&quot;classic&quot;,&quot;shape_divider_top&quot;:&quot;tilt&quot;}\">\n\t\t\t\t\t<div class=\"e-con-inner\">\n\t\t\t\t<div class=\"elementor-shape elementor-shape-top\" aria-hidden=\"true\" data-negative=\"false\">\n\t\t\t<svg xmlns=\"http:\/\/www.w3.org\/2000\/svg\" viewBox=\"0 0 1000 100\" preserveAspectRatio=\"none\">\n\t<path class=\"elementor-shape-fill\" d=\"M0,6V0h1000v100L0,6z\"\/>\n<\/svg>\t\t<\/div>\n\t\t<div class=\"elementor-element elementor-element-472c659 e-con-full e-flex e-con e-child\" data-id=\"472c659\" data-element_type=\"container\" data-e-type=\"container\">\n\t\t\t\t<div class=\"elementor-element elementor-element-81fa7ac elementor-widget elementor-widget-image\" data-id=\"81fa7ac\" data-element_type=\"widget\" data-e-type=\"widget\" data-widget_type=\"image.default\">\n\t\t\t\t\t\t\t\t\t\t\t\t\t\t\t<img decoding=\"async\" width=\"45\" height=\"45\" src=\"https:\/\/blog.codead.com.tr\/wp-content\/uploads\/ca02-1.webp\" class=\"attachment-full size-full wp-image-10137\" alt=\"\" title=\"\">\t\t\t\t\t\t\t\t\t\t\t\t\t\t\t<\/div>\n\t\t\t\t<div class=\"elementor-element elementor-element-5a21113 elementor-widget elementor-widget-heading\" data-id=\"5a21113\" data-element_type=\"widget\" data-e-type=\"widget\" data-widget_type=\"heading.default\">\n\t\t\t\t\t<h2 class=\"elementor-heading-title elementor-size-default\">.bazar hesabatlar\u0131<\/h2>\t\t\t\t<\/div>\n\t\t\t\t<div class=\"elementor-element elementor-element-3a7d09c elementor-widget elementor-widget-text-editor\" data-id=\"3a7d09c\" data-element_type=\"widget\" data-e-type=\"widget\" data-widget_type=\"text-editor.default\">\n\t\t\t\t\t\t\t\t\tBiz bazar\u0131n faktiki v\u0259ziyy\u0259tini, \u00f6l\u00e7\u00fcs\u00fcn\u00fc, meyll\u0259rini, riskl\u0259rini v\u0259 imkanlar\u0131n\u0131 ayd\u0131n \u015f\u0259kild\u0259 m\u00fc\u0259yy\u0259n edirik. \u015e\u00fcbh\u0259 \u00fc\u00e7\u00fcn he\u00e7 bir yer qoymuruq. \t\t\t\t\t\t\t\t<\/div>\n\t\t\t\t<\/div>\n\t\t<div class=\"elementor-element elementor-element-a1719d8 e-con-full e-flex e-con e-child\" data-id=\"a1719d8\" data-element_type=\"container\" data-e-type=\"container\">\n\t\t\t\t<div class=\"elementor-element elementor-element-18446b0 elementor-widget elementor-widget-image\" data-id=\"18446b0\" data-element_type=\"widget\" data-e-type=\"widget\" data-widget_type=\"image.default\">\n\t\t\t\t\t\t\t\t\t\t\t\t\t\t\t<img decoding=\"async\" width=\"45\" height=\"45\" src=\"https:\/\/blog.codead.com.tr\/wp-content\/uploads\/ca03-1.webp\" class=\"attachment-full size-full wp-image-10138\" alt=\"\" title=\"\">\t\t\t\t\t\t\t\t\t\t\t\t\t\t\t<\/div>\n\t\t\t\t<div class=\"elementor-element elementor-element-dc7aa6c elementor-widget elementor-widget-heading\" data-id=\"dc7aa6c\" data-element_type=\"widget\" data-e-type=\"widget\" data-widget_type=\"heading.default\">\n\t\t\t\t\t<h2 class=\"elementor-heading-title elementor-size-default\">.r\u0259qib t\u0259hlili hesabatlar\u0131<\/h2>\t\t\t\t<\/div>\n\t\t\t\t<div class=\"elementor-element elementor-element-cfe3fc1 elementor-widget elementor-widget-text-editor\" data-id=\"cfe3fc1\" data-element_type=\"widget\" data-e-type=\"widget\" data-widget_type=\"text-editor.default\">\n\t\t\t\t\t\t\t\t\t Biz r\u0259qibl\u0259rinizin kim oldu\u011funu, n\u0259l\u0259ri d\u00fczg\u00fcn etdiyini v\u0259 harada z\u0259if olduqlar\u0131n\u0131 \u00fcz\u0259 \u00e7\u0131xar\u0131r\u0131q. \u00c7\u00fcnki r\u0259qibinizi tan\u0131madan d\u00fczg\u00fcn add\u0131m\u0131 ata bilm\u0259zsiniz. \t\t\t\t\t\t\t\t<\/div>\n\t\t\t\t<\/div>\n\t\t<div class=\"elementor-element elementor-element-9dd47b1 e-con-full e-flex e-con e-child\" data-id=\"9dd47b1\" data-element_type=\"container\" data-e-type=\"container\">\n\t\t\t\t<div class=\"elementor-element elementor-element-eee8977 elementor-widget elementor-widget-image\" data-id=\"eee8977\" data-element_type=\"widget\" data-e-type=\"widget\" data-widget_type=\"image.default\">\n\t\t\t\t\t\t\t\t\t\t\t\t\t\t\t<img decoding=\"async\" width=\"45\" height=\"45\" src=\"https:\/\/blog.codead.com.tr\/wp-content\/uploads\/ca04.webp\" class=\"attachment-full size-full wp-image-10135\" alt=\"\" title=\"\">\t\t\t\t\t\t\t\t\t\t\t\t\t\t\t<\/div>\n\t\t\t\t<div class=\"elementor-element elementor-element-4228266 elementor-widget elementor-widget-heading\" data-id=\"4228266\" data-element_type=\"widget\" data-e-type=\"widget\" data-widget_type=\"heading.default\">\n\t\t\t\t\t<h2 class=\"elementor-heading-title elementor-size-default\">.ixrac hesabatlar\u0131<\/h2>\t\t\t\t<\/div>\n\t\t\t\t<div class=\"elementor-element elementor-element-64e0b39 elementor-widget elementor-widget-text-editor\" data-id=\"64e0b39\" data-element_type=\"widget\" data-e-type=\"widget\" data-widget_type=\"text-editor.default\">\n\t\t\t\t\t\t\t\t\t Yeni \u00f6lk\u0259l\u0259r\u0259 geni\u015fl\u0259nm\u0259k ist\u0259diyiniz zaman biz sizin yolunuzu i\u015f\u0131qland\u0131rmaq \u00fc\u00e7\u00fcn hans\u0131 \u00f6lk\u0259d\u0259 n\u0259 satmaq, nec\u0259 satmaq v\u0259 n\u0259 q\u0259d\u0259r potensial\u0131n oldu\u011funu da daxil olmaqla b\u00fct\u00fcn detallar\u0131 t\u0259hlil edirik.\t\t\t\t\t\t\t\t<\/div>\n\t\t\t\t<\/div>\n\t\t\t\t\t<\/div>\n\t\t\t\t<\/div>\n\t\t<div class=\"elementor-element elementor-element-a665c3d e-flex e-con-boxed e-con e-parent\" data-id=\"a665c3d\" data-element_type=\"container\" data-e-type=\"container\" data-settings=\"{&quot;background_background&quot;:&quot;classic&quot;}\">\n\t\t\t\t\t<div class=\"e-con-inner\">\n\t\t<div class=\"elementor-element elementor-element-5afb887 e-con-full e-flex e-con e-child\" data-id=\"5afb887\" data-element_type=\"container\" data-e-type=\"container\">\n\t\t\t\t<div class=\"elementor-element elementor-element-490b196 elementor-widget elementor-widget-heading\" data-id=\"490b196\" data-element_type=\"widget\" data-e-type=\"widget\" data-widget_type=\"heading.default\">\n\t\t\t\t\t<h2 class=\"elementor-heading-title elementor-size-default\">Biz m\u0259hz bunu edirik.<\/h2>\t\t\t\t<\/div>\n\t\t\t\t<div class=\"elementor-element elementor-element-d6fe318 elementor-widget__width-initial elementor-widget elementor-widget-text-editor\" data-id=\"d6fe318\" data-element_type=\"widget\" data-e-type=\"widget\" data-widget_type=\"text-editor.default\">\n\t\t\t\t\t\t\t\t\t<p>Bazar\u0131n nec\u0259 i\u015fl\u0259diyini bilm\u0259d\u0259n v\u0259 r\u0259qab\u0259ti anlamadan yola \u00e7\u0131xmaq qaranl\u0131qda add\u0131mlamaq kimidir.<\/p><p>Hesabatlar\u0131m\u0131z bu qaranl\u0131\u011f\u0131 aradan qald\u0131r\u0131r v\u0259 g\u0259l\u0259c\u0259yi g\u00f6rm\u0259y\u0259 imkan verir.<br>\u018fg\u0259r q\u0259rarlar\u0131n\u0131z\u0131 m\u0259lumatlara \u0259sasland\u0131rsan\u0131z, s\u0259hvl\u0259r etm\u0259 ehtimal\u0131n\u0131z azal\u0131r.<\/p><p>Bizim i\u015fimiz tam olarak budur.<br>Sana gerekli verileri sunmak ve do\u011fru kararlar alman\u0131 sa\u011flamak.<\/p>\t\t\t\t\t\t\t\t<\/div>\n\t\t\t\t<\/div>\n\t\t<div class=\"elementor-element elementor-element-2444af7 e-con-full e-flex e-con e-child\" data-id=\"2444af7\" data-element_type=\"container\" data-e-type=\"container\">\n\t\t\t\t<div class=\"elementor-element elementor-element-623f792 elementor-widget elementor-widget-heading\" data-id=\"623f792\" data-element_type=\"widget\" data-e-type=\"widget\" data-widget_type=\"heading.default\">\n\t\t\t\t\t<h2 class=\"elementor-heading-title elementor-size-default\">\u00c7\u00fcnk\u00fc hi\u00e7bir marka k\u00f6rlemesine hareket ederek b\u00fcy\u00fcyemez.<\/h2>\t\t\t\t<\/div>\n\t\t\t\t<\/div>\n\t\t\t\t\t<\/div>\n\t\t\t\t<\/div>\n\t\t\t\t<\/div>\n\t\t","protected":false},"excerpt":{"rendered":"<p>HesabatXidm\u0259ti \u018fg\u0259r yeni bazara daxil olursunuzsa v\u0259 ya sah\u0259d\u0259 r\u0259qab\u0259t art\u0131rsa Siz atd\u0131\u011f\u0131n\u0131z add\u0131mlar\u0131 ayd\u0131n \u015f\u0259kild\u0259 g\u00f6rm\u0259k ist\u0259yirsiniz. M\u0259hz bunu bizim hesabat xidm\u0259ti t\u0259min edir. \u018fg\u0259r yeni bazara daxil olursunuzsa v\u0259 ya sah\u0259d\u0259 r\u0259qab\u0259t art\u0131rsa Siz atd\u0131\u011f\u0131n\u0131z add\u0131mlar\u0131 ayd\u0131n \u015f\u0259kild\u0259 g\u00f6rm\u0259k ist\u0259yirsiniz. M\u0259hz bunu bizim hesabat xidm\u0259ti t\u0259min edir. .bazar hesabatlar\u0131 Biz bazar\u0131n faktiki v\u0259ziyy\u0259tini, [&hellip;]<\/p>\n","protected":false},"author":1,"featured_media":0,"parent":0,"menu_order":0,"comment_status":"closed","ping_status":"closed","template":"elementor_header_footer","meta":{"footnotes":""},"class_list":["post-10219","page","type-page","status-publish","hentry"],"_links":{"self":[{"href":"https:\/\/blog.codead.com.tr\/az\/wp-json\/wp\/v2\/pages\/10219","targetHints":{"allow":["GET"]}}],"collection":[{"href":"https:\/\/blog.codead.com.tr\/az\/wp-json\/wp\/v2\/pages"}],"about":[{"href":"https:\/\/blog.codead.com.tr\/az\/wp-json\/wp\/v2\/types\/page"}],"author":[{"embeddable":true,"href":"https:\/\/blog.codead.com.tr\/az\/wp-json\/wp\/v2\/users\/1"}],"replies":[{"embeddable":true,"href":"https:\/\/blog.codead.com.tr\/az\/wp-json\/wp\/v2\/comments?post=10219"}],"version-history":[{"count":0,"href":"https:\/\/blog.codead.com.tr\/az\/wp-json\/wp\/v2\/pages\/10219\/revisions"}],"wp:attachment":[{"href":"https:\/\/blog.codead.com.tr\/az\/wp-json\/wp\/v2\/media?parent=10219"}],"curies":[{"name":"wp","href":"https:\/\/api.w.org\/{rel}","templated":true}]}}