{"id":10222,"date":"2025-08-01T11:52:27","date_gmt":"2025-08-01T08:52:27","guid":{"rendered":"https:\/\/blog.codead.com.tr\/sosial-media-m%c9%99sl%c9%99h%c9%99tciliyi\/"},"modified":"2026-04-06T12:07:15","modified_gmt":"2026-04-06T09:07:15","slug":"sosial-media-m%c9%99sl%c9%99h%c9%99tciliyi","status":"publish","type":"page","link":"https:\/\/blog.codead.com.tr\/az\/sosial-media-m%c9%99sl%c9%99h%c9%99tciliyi\/","title":{"rendered":"Sosial Media M\u0259sl\u0259h\u0259t\u00e7iliyi"},"content":{"rendered":"\t\t<div data-elementor-type=\"wp-page\" data-elementor-id=\"10222\" class=\"elementor elementor-10222 elementor-164\" data-elementor-post-type=\"page\">\n\t\t\t\t<div class=\"elementor-element elementor-element-fa849c5 e-con-full e-flex e-con e-parent\" data-id=\"fa849c5\" data-element_type=\"container\" data-e-type=\"container\">\n\t\t<div class=\"elementor-element elementor-element-40c3c88 e-con-full e-flex e-con e-child\" data-id=\"40c3c88\" data-element_type=\"container\" data-e-type=\"container\" data-settings=\"{&quot;background_background&quot;:&quot;classic&quot;}\">\n\t\t\t\t<div class=\"elementor-element elementor-element-0a92c76 elementor-widget elementor-widget-heading\" data-id=\"0a92c76\" data-element_type=\"widget\" data-e-type=\"widget\" data-widget_type=\"heading.default\">\n\t\t\t\t\t<h2 class=\"elementor-heading-title elementor-size-default\">Sosial Media<br>M\u0259sl\u0259h\u0259t\u00e7iliyi<\/h2>\t\t\t\t<\/div>\n\t\t\t\t<\/div>\n\t\t\t\t<\/div>\n\t\t<div class=\"elementor-element elementor-element-399c5a1 elementor-hidden-desktop e-flex e-con-boxed e-con e-parent\" data-id=\"399c5a1\" data-element_type=\"container\" data-e-type=\"container\">\n\t\t\t\t\t<div class=\"e-con-inner\">\n\t\t<div class=\"elementor-element elementor-element-ad085bb e-con-full e-flex e-con e-child\" data-id=\"ad085bb\" data-element_type=\"container\" data-e-type=\"container\">\n\t\t\t\t<div class=\"elementor-element elementor-element-4fb37bb elementor-widget elementor-widget-heading\" data-id=\"4fb37bb\" data-element_type=\"widget\" data-e-type=\"widget\" data-widget_type=\"heading.default\">\n\t\t\t\t\t<h2 class=\"elementor-heading-title elementor-size-default\">Brendinizin r\u0259q\u0259msal d\u00fcnyada g\u00fccl\u00fc m\u00f6vcudlu\u011funu t\u0259min etm\u0259k<\/h2>\t\t\t\t<\/div>\n\t\t\t\t<div class=\"elementor-element elementor-element-b4d366a elementor-widget elementor-widget-text-editor\" data-id=\"b4d366a\" data-element_type=\"widget\" data-e-type=\"widget\" data-widget_type=\"text-editor.default\">\n\t\t\t\t\t\t\t\t\tEtkili bir sosyal medya stratejisinden ge\u00e7er. Sosyal medya platformlar\u0131, do\u011fru kullan\u0131ld\u0131\u011f\u0131nda hedef kitlenize ula\u015fmak, marka bilinirli\u011fi olu\u015fturmak ve sat\u0131\u015flar\u0131n\u0131z\u0131 art\u0131rmak i\u00e7in inan\u0131lmaz f\u0131rsatlar sunar. CodeAd olarak, markan\u0131z\u0131n dijital varl\u0131\u011f\u0131n\u0131 g\u00fc\u00e7lendiren stratejilerle sosyal medya y\u00f6netiminizi profesyonel bir \u015fekilde \u00fcstleniyoruz.  \t\t\t\t\t\t\t\t<\/div>\n\t\t<div class=\"elementor-element elementor-element-ee7cea2 e-con-full e-flex e-con e-child\" data-id=\"ee7cea2\" data-element_type=\"container\" data-e-type=\"container\" data-settings=\"{&quot;background_background&quot;:&quot;classic&quot;}\">\n\t\t\t\t<\/div>\n\t\t\t\t<\/div>\n\t\t\t\t\t<\/div>\n\t\t\t\t<\/div>\n\t\t<div class=\"elementor-element elementor-element-265dc39 elementor-hidden-tablet elementor-hidden-mobile e-flex e-con-boxed e-con e-parent\" data-id=\"265dc39\" data-element_type=\"container\" data-e-type=\"container\">\n\t\t\t\t\t<div class=\"e-con-inner\">\n\t\t<div class=\"elementor-element elementor-element-00a69ed e-con-full cool-split e-flex e-con e-child\" data-id=\"00a69ed\" data-element_type=\"container\" data-e-type=\"container\">\n\t\t\t\t<div class=\"elementor-element elementor-element-54c8e4e elementor-widget elementor-widget-heading\" data-id=\"54c8e4e\" data-element_type=\"widget\" data-e-type=\"widget\" data-widget_type=\"heading.default\">\n\t\t\t\t\t<h2 class=\"elementor-heading-title elementor-size-default\">Dijital d\u00fcnyada markan\u0131z\u0131n g\u00fc\u00e7l\u00fc bir \u015fekilde var olmas\u0131<\/h2>\t\t\t\t<\/div>\n\t\t\t\t<div class=\"elementor-element elementor-element-aaa90df elementor-widget elementor-widget-html\" data-id=\"aaa90df\" data-element_type=\"widget\" data-e-type=\"widget\" data-widget_type=\"html.default\">\n\t\t\t\t\t<script src=\"https:\/\/cdnjs.cloudflare.com\/ajax\/libs\/gsap\/3.12.5\/gsap.min.js\"><\/script><script src=\"https:\/\/unpkg.com\/gsap@3\/dist\/ScrollTrigger.min.js\"><\/script><script src=\"https:\/\/cdn.jsdelivr.net\/npm\/split-type@0.3.4\/umd\/index.min.js\"><\/script><script>gsap.registerPlugin(ScrollTrigger);\r\n\r\nconst split = new SplitType(\".cool-split h2\", {\r\n  types: \"words, chars\",\r\n});\r\n\r\nconst tl = gsap\r\n  .timeline({\r\n    scrollTrigger: {\r\n      trigger: \".about\",\r\n      start: \"top 5%\",\r\n      end: \"+=100%\",\r\n      scrub: 0.5,\r\n    },\r\n  })\r\n  .set(\r\n    split.chars,\r\n    {\r\n      duration: 0.3,\r\n      color: \"black\",\r\n      stagger: 0.1,\r\n    },\r\n    0.1\r\n  );\r\n<\/script>\t\t\t\t<\/div>\n\t\t<div class=\"elementor-element elementor-element-c884006 e-con-full e-flex e-con e-child\" data-id=\"c884006\" data-element_type=\"container\" data-e-type=\"container\">\n\t\t<div class=\"elementor-element elementor-element-654f9a0 e-con-full e-flex e-con e-child\" data-id=\"654f9a0\" data-element_type=\"container\" data-e-type=\"container\">\n\t\t\t\t<div class=\"elementor-element elementor-element-dfbd68e elementor-widget elementor-widget-text-editor\" data-id=\"dfbd68e\" data-element_type=\"widget\" data-e-type=\"widget\" data-widget_type=\"text-editor.default\">\n\t\t\t\t\t\t\t\t\t<p>H\u0259r \u015fey effektiv sosial media strategiyas\u0131na ba\u011fl\u0131d\u0131r. D\u00fczg\u00fcn istifad\u0259 edildikd\u0259, sosial media platformalar\u0131 h\u0259d\u0259f auditoriyan\u0131za \u00e7atmaq, brend \u015f\u00fcurunu art\u0131rmaq v\u0259 sat\u0131\u015flar\u0131n\u0131z\u0131 y\u00fcks\u0259ltm\u0259k \u00fc\u00e7\u00fcn inan\u0131lmaz imkanlar t\u0259qdim edir. CodeAd-d\u0259 biz brendinizin r\u0259q\u0259msal m\u00f6vcudlu\u011funu g\u00fccl\u0259ndirm\u0259k \u00fc\u00e7\u00fcn haz\u0131rlanm\u0131\u015f strategiyalarla sosial media hesablar\u0131n\u0131z\u0131 pe\u015f\u0259kar \u015f\u0259kild\u0259 idar\u0259 edirik.  <\/p>\t\t\t\t\t\t\t\t<\/div>\n\t\t\t\t<\/div>\n\t\t\t\t<\/div>\n\t\t\t\t<\/div>\n\t\t<div class=\"elementor-element elementor-element-1451295 e-con-full e-flex e-con e-child\" data-id=\"1451295\" data-element_type=\"container\" data-e-type=\"container\">\n\t\t<div class=\"elementor-element elementor-element-6fabb14 e-con-full e-flex e-con e-child\" data-id=\"6fabb14\" data-element_type=\"container\" data-e-type=\"container\" data-settings=\"{&quot;background_background&quot;:&quot;classic&quot;}\">\n\t\t\t\t<\/div>\n\t\t\t\t<\/div>\n\t\t\t\t\t<\/div>\n\t\t\t\t<\/div>\n\t\t<div class=\"elementor-element elementor-element-bcd6af9 e-flex e-con-boxed e-con e-parent\" data-id=\"bcd6af9\" data-element_type=\"container\" data-e-type=\"container\" data-settings=\"{&quot;background_background&quot;:&quot;classic&quot;,&quot;shape_divider_top&quot;:&quot;tilt&quot;}\">\n\t\t\t\t\t<div class=\"e-con-inner\">\n\t\t\t\t<div class=\"elementor-shape elementor-shape-top\" aria-hidden=\"true\" data-negative=\"false\">\n\t\t\t<svg xmlns=\"http:\/\/www.w3.org\/2000\/svg\" viewBox=\"0 0 1000 100\" preserveAspectRatio=\"none\">\n\t<path class=\"elementor-shape-fill\" d=\"M0,6V0h1000v100L0,6z\"\/>\n<\/svg>\t\t<\/div>\n\t\t<div class=\"elementor-element elementor-element-b6af6f0 e-con-full e-flex e-con e-child\" data-id=\"b6af6f0\" data-element_type=\"container\" data-e-type=\"container\">\n\t\t\t\t<div class=\"elementor-element elementor-element-0397fa1 elementor-widget elementor-widget-image\" data-id=\"0397fa1\" data-element_type=\"widget\" data-e-type=\"widget\" data-widget_type=\"image.default\">\n\t\t\t\t\t\t\t\t\t\t\t\t\t\t\t<img decoding=\"async\" width=\"45\" height=\"45\" src=\"https:\/\/blog.codead.com.tr\/wp-content\/uploads\/ca02-1.webp\" class=\"attachment-full size-full wp-image-10137\" alt=\"\" title=\"\">\t\t\t\t\t\t\t\t\t\t\t\t\t\t\t<\/div>\n\t\t\t\t<div class=\"elementor-element elementor-element-a24bee2 elementor-widget elementor-widget-heading\" data-id=\"a24bee2\" data-element_type=\"widget\" data-e-type=\"widget\" data-widget_type=\"heading.default\">\n\t\t\t\t\t<h2 class=\"elementor-heading-title elementor-size-default\">.sosial media strategiyas\u0131<\/h2>\t\t\t\t<\/div>\n\t\t\t\t<div class=\"elementor-element elementor-element-520159e elementor-widget elementor-widget-text-editor\" data-id=\"520159e\" data-element_type=\"widget\" data-e-type=\"widget\" data-widget_type=\"text-editor.default\">\n\t\t\t\t\t\t\t\t\tU\u011fur yax\u015f\u0131 planla\u015fd\u0131r\u0131lm\u0131\u015f strategiyan\u0131n n\u0259tic\u0259sidir. Sosial media m\u0259sl\u0259h\u0259t\u00e7iliyimiz brendinizin h\u0259d\u0259f auditoriyas\u0131na, s\u0259nayed\u0259ki m\u00f6vqeyin\u0259 v\u0259 uzunm\u00fcdd\u0259tli m\u0259qs\u0259dl\u0259rin\u0259 uy\u011fun strategiya haz\u0131rlamaqla ba\u015flay\u0131r. Hans\u0131 platformalarda olmal\u0131 oldu\u011funuzu, hans\u0131 \u00fcslubdan istifad\u0259 etm\u0259li oldu\u011funuzu v\u0259 hans\u0131 n\u00f6v m\u0259zmunun c\u0259lb etm\u0259ni art\u0131raca\u011f\u0131n\u0131 m\u00fc\u0259yy\u0259n edir, brendinizi \u0259n yax\u015f\u0131 \u015f\u0259kild\u0259 t\u0259msil ed\u0259n yol x\u0259rit\u0259si haz\u0131rlay\u0131r\u0131q.  \t\t\t\t\t\t\t\t<\/div>\n\t\t\t\t<\/div>\n\t\t<div class=\"elementor-element elementor-element-dffc665 e-con-full e-flex e-con e-child\" data-id=\"dffc665\" data-element_type=\"container\" data-e-type=\"container\">\n\t\t\t\t<div class=\"elementor-element elementor-element-3fabdd6 elementor-widget elementor-widget-image\" data-id=\"3fabdd6\" data-element_type=\"widget\" data-e-type=\"widget\" data-widget_type=\"image.default\">\n\t\t\t\t\t\t\t\t\t\t\t\t\t\t\t<img decoding=\"async\" width=\"45\" height=\"45\" src=\"https:\/\/blog.codead.com.tr\/wp-content\/uploads\/ca03-1.webp\" class=\"attachment-full size-full wp-image-10138\" alt=\"\" title=\"\">\t\t\t\t\t\t\t\t\t\t\t\t\t\t\t<\/div>\n\t\t\t\t<div class=\"elementor-element elementor-element-99617af elementor-widget elementor-widget-heading\" data-id=\"99617af\" data-element_type=\"widget\" data-e-type=\"widget\" data-widget_type=\"heading.default\">\n\t\t\t\t\t<h2 class=\"elementor-heading-title elementor-size-default\">.m\u0259zmun idar\u0259etm\u0259si<\/h2>\t\t\t\t<\/div>\n\t\t\t\t<div class=\"elementor-element elementor-element-23133b0 elementor-widget elementor-widget-text-editor\" data-id=\"23133b0\" data-element_type=\"widget\" data-e-type=\"widget\" data-widget_type=\"text-editor.default\">\n\t\t\t\t\t\t\t\t\tSosial mediada c\u0259lb olunma\u011f\u0131n \u0259n vacib yollar\u0131ndan biri davaml\u0131 v\u0259 c\u0259lbedici m\u0259zmun yaratmaqd\u0131r. CodeAd brend kimliyinizi \u0259ks etdir\u0259n v\u0259 h\u0259d\u0259f auditoriyan\u0131z\u0131n mara\u011f\u0131n\u0131 c\u0259lb ed\u0259n m\u0259zmun yarad\u0131r. G\u00f6rsel, yaz\u0131l\u0131 v\u0259 ya video m\u0259zmun olmas\u0131ndan as\u0131l\u0131 olmayaraq, h\u0259r bir payla\u015f\u0131m\u0131n brend mesaj\u0131n\u0131z\u0131 g\u00fccl\u00fc \u015f\u0259kild\u0259 \u00e7atd\u0131rmas\u0131n\u0131 t\u0259min edirik. Sosial mediada f\u0259rql\u0259nm\u0259k \u00fc\u00e7\u00fcn i\u015ftirak d\u0259r\u0259c\u0259nizi art\u0131racaq v\u0259 istifad\u0259\u00e7il\u0259ri h\u0259r\u0259k\u0259t\u0259 ke\u00e7m\u0259y\u0259 t\u0259\u015fviq ed\u0259c\u0259k m\u0259zmun yarad\u0131n.   \t\t\t\t\t\t\t\t<\/div>\n\t\t\t\t<\/div>\n\t\t<div class=\"elementor-element elementor-element-75b0379 e-con-full e-flex e-con e-child\" data-id=\"75b0379\" data-element_type=\"container\" data-e-type=\"container\">\n\t\t\t\t<div class=\"elementor-element elementor-element-9edab39 elementor-widget elementor-widget-image\" data-id=\"9edab39\" data-element_type=\"widget\" data-e-type=\"widget\" data-widget_type=\"image.default\">\n\t\t\t\t\t\t\t\t\t\t\t\t\t\t\t<img decoding=\"async\" width=\"45\" height=\"45\" src=\"https:\/\/blog.codead.com.tr\/wp-content\/uploads\/ca04.webp\" class=\"attachment-full size-full wp-image-10135\" alt=\"\" title=\"\">\t\t\t\t\t\t\t\t\t\t\t\t\t\t\t<\/div>\n\t\t\t\t<div class=\"elementor-element elementor-element-244f7f9 elementor-widget elementor-widget-heading\" data-id=\"244f7f9\" data-element_type=\"widget\" data-e-type=\"widget\" data-widget_type=\"heading.default\">\n\t\t\t\t\t<h2 class=\"elementor-heading-title elementor-size-default\">.h\u0259d\u0259f auditoriyan\u0131n t\u0259hlili<\/h2>\t\t\t\t<\/div>\n\t\t\t\t<div class=\"elementor-element elementor-element-6c4db7a elementor-widget elementor-widget-text-editor\" data-id=\"6c4db7a\" data-element_type=\"widget\" data-e-type=\"widget\" data-widget_type=\"text-editor.default\">\n\t\t\t\t\t\t\t\t\tH\u0259r bir brendin h\u0259d\u0259f auditoriyas\u0131 f\u0259rqlidir. Sosial media m\u0259sl\u0259h\u0259t\u00e7iliyimizin vacib hiss\u0259si brendiniz \u00fc\u00e7\u00fcn d\u00fczg\u00fcn h\u0259d\u0259f auditoriyas\u0131n\u0131 m\u00fc\u0259yy\u0259n etm\u0259k v\u0259 onlara \u0259n effektiv \u015f\u0259kild\u0259 \u00e7atma\u011f\u0131n\u0131z\u0131 t\u0259min etm\u0259kdir. H\u0259d\u0259f auditoriyan\u0131zla g\u00fccl\u00fc \u0259laq\u0259 qurma\u011f\u0131n\u0131za k\u00f6m\u0259k etm\u0259k \u00fc\u00e7\u00fcn hans\u0131 ya\u015f qrupuna, hans\u0131 maraqlara v\u0259 ya hans\u0131 co\u011frafi \u0259raziy\u0259 diqq\u0259t yetirm\u0259li oldu\u011funuzu analiz edirik.  \t\t\t\t\t\t\t\t<\/div>\n\t\t\t\t<\/div>\n\t\t\t\t\t<\/div>\n\t\t\t\t<\/div>\n\t\t<div class=\"elementor-element elementor-element-edc5543 e-flex e-con-boxed e-con e-parent\" data-id=\"edc5543\" data-element_type=\"container\" data-e-type=\"container\">\n\t\t\t\t\t<div class=\"e-con-inner\">\n\t\t<div class=\"elementor-element elementor-element-dc9c2d1 e-con-full e-flex e-con e-child\" data-id=\"dc9c2d1\" data-element_type=\"container\" data-e-type=\"container\">\n\t\t<div class=\"elementor-element elementor-element-631e70a e-con-full e-flex e-con e-child\" data-id=\"631e70a\" data-element_type=\"container\" data-e-type=\"container\">\n\t\t\t\t<div class=\"elementor-element elementor-element-1173295 elementor-widget elementor-widget-heading\" data-id=\"1173295\" data-element_type=\"widget\" data-e-type=\"widget\" data-widget_type=\"heading.default\">\n\t\t\t\t\t<h2 class=\"elementor-heading-title elementor-size-default\">Reklam\u0131n \u0130dar\u0259 Edilm\u0259si<\/h2>\t\t\t\t<\/div>\n\t\t\t\t<\/div>\n\t\t\t\t<\/div>\n\t\t<div class=\"elementor-element elementor-element-e1be4d2 e-con-full e-flex e-con e-child\" data-id=\"e1be4d2\" data-element_type=\"container\" data-e-type=\"container\" data-settings=\"{&quot;background_background&quot;:&quot;classic&quot;}\">\n\t\t<div class=\"elementor-element elementor-element-ce2b1a7 e-con-full e-flex e-con e-child\" data-id=\"ce2b1a7\" data-element_type=\"container\" data-e-type=\"container\">\n\t\t\t\t<div class=\"elementor-element elementor-element-6b56608 elementor-widget elementor-widget-text-editor\" data-id=\"6b56608\" data-element_type=\"widget\" data-e-type=\"widget\" data-widget_type=\"text-editor.default\">\n\t\t\t\t\t\t\t\t\t<p>Sosial media reklamlar\u0131 d\u00fczg\u00fcn strategiya v\u0259 h\u0259d\u0259fl\u0259m\u0259 il\u0259 brendiniz \u00fc\u00e7\u00fcn y\u00fcks\u0259k konversiyalar t\u0259min ed\u0259 bil\u0259r. CodeAd-d\u0259 biz h\u0259r bir platforman\u0131n dinamikas\u0131ndan v\u0259 h\u0259d\u0259fl\u0259m\u0259 al\u0259tl\u0259rind\u0259n \u0259n s\u0259m\u0259r\u0259li \u015f\u0259kild\u0259 istifad\u0259 ed\u0259r\u0259k brendinizin mesaj\u0131n\u0131 do\u011fru insanlara \u00e7atd\u0131r\u0131r\u0131q. Facebook, Instagram v\u0259 LinkedIn kimi sosial media platformalar\u0131nda auditoriyan\u0131za y\u00f6n\u0259lmi\u015f effektiv reklam kampaniyalar\u0131 yarad\u0131r v\u0259 idar\u0259 edirik.  <\/p><p>Reklam strategiyalar\u0131m\u0131z\u0131 haz\u0131rlayark\u0259n h\u0259d\u0259f auditoriyan\u0131 \u0259trafl\u0131 t\u0259hlil edir v\u0259 hans\u0131 m\u0259zmunun daha \u00e7ox \u0259laq\u0259 ald\u0131\u011f\u0131n\u0131 \u00f6l\u00e7\u0259r\u0259k davaml\u0131 optimalla\u015fd\u0131r\u0131r\u0131q. B\u00fcdc\u0259nizi \u0259n s\u0259m\u0259r\u0259li istifad\u0259 etm\u0259k \u00fc\u00e7\u00fcn A\/B testl\u0259ri ke\u00e7irir v\u0259 performans\u0131 art\u0131rmaq m\u0259qs\u0259dil\u0259 h\u0259r add\u0131m\u0131 diqq\u0259tl\u0259 planla\u015fd\u0131r\u0131r\u0131q. Bu, brendinizin tan\u0131nmas\u0131n\u0131 art\u0131rma\u011fa v\u0259 sat\u0131\u015flar il\u0259 konversiya d\u0259r\u0259c\u0259l\u0259rinizi maksimalla\u015fd\u0131rma\u011fa imkan verir. <\/p>\t\t\t\t\t\t\t\t<\/div>\n\t\t\t\t<\/div>\n\t\t<div class=\"elementor-element elementor-element-bd48963 e-con-full e-flex e-con e-child\" data-id=\"bd48963\" data-element_type=\"container\" data-e-type=\"container\" data-settings=\"{&quot;background_background&quot;:&quot;classic&quot;}\">\n\t\t\t\t<div class=\"elementor-element elementor-element-6289776 elementor-widget elementor-widget-image\" data-id=\"6289776\" data-element_type=\"widget\" data-e-type=\"widget\" data-widget_type=\"image.default\">\n\t\t\t\t\t\t\t\t\t\t\t\t\t\t\t<img loading=\"lazy\" decoding=\"async\" width=\"1000\" height=\"667\" src=\"https:\/\/blog.codead.com.tr\/wp-content\/uploads\/codead-v2-growth-sosyal-medya-danismanligi-003.jpg\" class=\"attachment-full size-full wp-image-10225\" alt=\"\" srcset=\"https:\/\/blog.codead.com.tr\/wp-content\/uploads\/codead-v2-growth-sosyal-medya-danismanligi-003.jpg 1000w, https:\/\/blog.codead.com.tr\/wp-content\/uploads\/codead-v2-growth-sosyal-medya-danismanligi-003-300x200.jpg 300w, https:\/\/blog.codead.com.tr\/wp-content\/uploads\/codead-v2-growth-sosyal-medya-danismanligi-003-768x512.jpg 768w\" sizes=\"(max-width: 1000px) 100vw, 1000px\" title=\"\">\t\t\t\t\t\t\t\t\t\t\t\t\t\t\t<\/div>\n\t\t\t\t<\/div>\n\t\t\t\t<\/div>\n\t\t\t\t\t<\/div>\n\t\t\t\t<\/div>\n\t\t<div class=\"elementor-element elementor-element-79fd5c7 e-con-full elementor-hidden-tablet elementor-hidden-mobile e-flex e-con e-parent\" data-id=\"79fd5c7\" data-element_type=\"container\" data-e-type=\"container\" data-settings=\"{&quot;background_background&quot;:&quot;video&quot;,&quot;background_video_link&quot;:&quot;https:\\\/\\\/blog.codead.com.tr\\\/wp-content\\\/uploads\\\/codead-v2-growth-sosyal-medya-danismanligi-004.mp4&quot;,&quot;background_play_on_mobile&quot;:&quot;yes&quot;}\">\n\t\t<div class=\"elementor-background-video-container\">\n\t\t\t\t\t\t\t<video class=\"elementor-background-video-hosted\" role=\"presentation\" autoplay muted playsinline loop><\/video>\n\t\t\t\t\t<\/div>\t\t<\/div>\n\t\t<div class=\"elementor-element elementor-element-5f35c50 e-flex e-con-boxed e-con e-parent\" data-id=\"5f35c50\" data-element_type=\"container\" data-e-type=\"container\" data-settings=\"{&quot;background_background&quot;:&quot;classic&quot;}\">\n\t\t\t\t\t<div class=\"e-con-inner\">\n\t\t<div class=\"elementor-element elementor-element-6b4b1b7 e-con-full e-flex e-con e-child\" data-id=\"6b4b1b7\" data-element_type=\"container\" data-e-type=\"container\">\n\t\t\t\t<div class=\"elementor-element elementor-element-4854d75 elementor-widget elementor-widget-heading\" data-id=\"4854d75\" data-element_type=\"widget\" data-e-type=\"widget\" data-widget_type=\"heading.default\">\n\t\t\t\t\t<h2 class=\"elementor-heading-title elementor-size-default\">Sosial Mediada Davaml\u0131 U\u011fur<\/h2>\t\t\t\t<\/div>\n\t\t\t\t<div class=\"elementor-element elementor-element-cecc03d elementor-widget__width-initial elementor-widget elementor-widget-text-editor\" data-id=\"cecc03d\" data-element_type=\"widget\" data-e-type=\"widget\" data-widget_type=\"text-editor.default\">\n\t\t\t\t\t\t\t\t\t<p>Sosial mediada davaml\u0131 u\u011fur yax\u015f\u0131 strategiya v\u0259 fasil\u0259siz inki\u015fafla m\u00fcmk\u00fcnd\u00fcr. Sad\u0259c\u0259 m\u0259zmun payla\u015fmaq kifay\u0259t deyil; d\u00fczg\u00fcn vaxtda d\u00fczg\u00fcn auditoriyaya \u00e7atmal\u0131 v\u0259 n\u0259tic\u0259l\u0259ri davaml\u0131 t\u0259hlil etm\u0259lisiniz. CodeAd-\u0131n sosial media m\u0259sl\u0259h\u0259t\u00e7iliyi xidm\u0259tl\u0259ri r\u0259q\u0259msal d\u00fcnyada brendinizi inamla t\u0259msil ed\u0259rk\u0259n b\u00f6y\u00fcm\u0259 h\u0259d\u0259fl\u0259riniz\u0259 \u00e7atma\u011f\u0131n\u0131za k\u00f6m\u0259k edir. U\u011fur d\u00fczg\u00fcn strategiya v\u0259 fasil\u0259siz inki\u015fafla g\u0259lir.   <\/p><p>Biz h\u0259r add\u0131mda sizinl\u0259yik: sosial media aktivliyinizi art\u0131rmaq, brend \u015f\u00fcurunuzu g\u00fccl\u0259ndirm\u0259k v\u0259 r\u0259qibl\u0259rinizd\u0259n bir add\u0131m \u00f6nd\u0259 olmaq \u00fc\u00e7\u00fcn. Biziml\u0259 i\u015fl\u0259y\u0259r\u0259k yaln\u0131z sosial media platformalar\u0131nda m\u00f6vcud olmaqla kifay\u0259tl\u0259nm\u0259yin, eyni zamanda effektiv v\u0259 uzunm\u00fcdd\u0259tli n\u0259tic\u0259l\u0259r \u0259ld\u0259 etm\u0259yi h\u0259d\u0259fl\u0259yin. M\u0259qs\u0259dl\u0259riniz\u0259 uy\u011fun haz\u0131rlanm\u0131\u015f strategiyalarla brendinizin r\u0259q\u0259msal d\u00fcnyada daimi yer tutmas\u0131n\u0131 t\u0259min edin.  <\/p>\t\t\t\t\t\t\t\t<\/div>\n\t\t\t\t<\/div>\n\t\t<div class=\"elementor-element elementor-element-d714a6a e-con-full e-flex e-con e-child\" data-id=\"d714a6a\" data-element_type=\"container\" data-e-type=\"container\">\n\t\t\t\t<div class=\"elementor-element elementor-element-1b5dfa0 elementor-widget elementor-widget-heading\" data-id=\"1b5dfa0\" data-element_type=\"widget\" data-e-type=\"widget\" data-widget_type=\"heading.default\">\n\t\t\t\t\t<h2 class=\"elementor-heading-title elementor-size-default\">Sosial Mediada Sad\u0259c\u0259 M\u00f6vcud Olma<\/h2>\t\t\t\t<\/div>\n\t\t\t\t<\/div>\n\t\t\t\t\t<\/div>\n\t\t\t\t<\/div>\n\t\t\t\t<\/div>\n\t\t","protected":false},"excerpt":{"rendered":"<p>Sosial MediaM\u0259sl\u0259h\u0259t\u00e7iliyi Brendinizin r\u0259q\u0259msal d\u00fcnyada g\u00fccl\u00fc m\u00f6vcudlu\u011funu t\u0259min etm\u0259k Etkili bir sosyal medya stratejisinden ge\u00e7er. Sosyal medya platformlar\u0131, do\u011fru kullan\u0131ld\u0131\u011f\u0131nda hedef kitlenize ula\u015fmak, marka bilinirli\u011fi olu\u015fturmak ve sat\u0131\u015flar\u0131n\u0131z\u0131 art\u0131rmak i\u00e7in inan\u0131lmaz f\u0131rsatlar sunar. CodeAd olarak, markan\u0131z\u0131n dijital varl\u0131\u011f\u0131n\u0131 g\u00fc\u00e7lendiren stratejilerle sosyal medya y\u00f6netiminizi profesyonel bir \u015fekilde \u00fcstleniyoruz. Dijital d\u00fcnyada markan\u0131z\u0131n g\u00fc\u00e7l\u00fc bir \u015fekilde var olmas\u0131 [&hellip;]<\/p>\n","protected":false},"author":1,"featured_media":0,"parent":0,"menu_order":0,"comment_status":"closed","ping_status":"closed","template":"elementor_header_footer","meta":{"footnotes":""},"class_list":["post-10222","page","type-page","status-publish","hentry"],"_links":{"self":[{"href":"https:\/\/blog.codead.com.tr\/az\/wp-json\/wp\/v2\/pages\/10222","targetHints":{"allow":["GET"]}}],"collection":[{"href":"https:\/\/blog.codead.com.tr\/az\/wp-json\/wp\/v2\/pages"}],"about":[{"href":"https:\/\/blog.codead.com.tr\/az\/wp-json\/wp\/v2\/types\/page"}],"author":[{"embeddable":true,"href":"https:\/\/blog.codead.com.tr\/az\/wp-json\/wp\/v2\/users\/1"}],"replies":[{"embeddable":true,"href":"https:\/\/blog.codead.com.tr\/az\/wp-json\/wp\/v2\/comments?post=10222"}],"version-history":[{"count":0,"href":"https:\/\/blog.codead.com.tr\/az\/wp-json\/wp\/v2\/pages\/10222\/revisions"}],"wp:attachment":[{"href":"https:\/\/blog.codead.com.tr\/az\/wp-json\/wp\/v2\/media?parent=10222"}],"curies":[{"name":"wp","href":"https:\/\/api.w.org\/{rel}","templated":true}]}}