{"id":10253,"date":"2025-08-01T11:52:15","date_gmt":"2025-08-01T08:52:15","guid":{"rendered":"https:\/\/blog.codead.com.tr\/proqram-t%c9%99minati-veb-v%c9%99-t%c9%99tbiq\/"},"modified":"2026-04-06T12:09:18","modified_gmt":"2026-04-06T09:09:18","slug":"proqram-t%c9%99minati-veb-v%c9%99-t%c9%99tbiq","status":"publish","type":"page","link":"https:\/\/blog.codead.com.tr\/az\/proqram-t%c9%99minati-veb-v%c9%99-t%c9%99tbiq\/","title":{"rendered":"Proqram t\u0259minat\u0131 &#8211; Veb v\u0259 T\u0259tbiq"},"content":{"rendered":"\t\t<div data-elementor-type=\"wp-page\" data-elementor-id=\"10253\" class=\"elementor elementor-10253 elementor-162\" data-elementor-post-type=\"page\">\n\t\t\t\t<div class=\"elementor-element elementor-element-0baa388 e-con-full e-flex e-con e-parent\" data-id=\"0baa388\" data-element_type=\"container\" data-e-type=\"container\">\n\t\t<div class=\"elementor-element elementor-element-1669fb1 e-con-full e-flex e-con e-child\" data-id=\"1669fb1\" data-element_type=\"container\" data-e-type=\"container\" data-settings=\"{&quot;background_background&quot;:&quot;classic&quot;}\">\n\t\t\t\t<div class=\"elementor-element elementor-element-bd86974 elementor-widget elementor-widget-heading\" data-id=\"bd86974\" data-element_type=\"widget\" data-e-type=\"widget\" data-widget_type=\"heading.default\">\n\t\t\t\t\t<h2 class=\"elementor-heading-title elementor-size-default\">Proqram T\u0259minat\u0131<br>Veb - T\u0259tbiq<\/h2>\t\t\t\t<\/div>\n\t\t\t\t<\/div>\n\t\t\t\t<\/div>\n\t\t<div class=\"elementor-element elementor-element-125bcf3 elementor-hidden-desktop e-flex e-con-boxed e-con e-parent\" data-id=\"125bcf3\" data-element_type=\"container\" data-e-type=\"container\">\n\t\t\t\t\t<div class=\"e-con-inner\">\n\t\t<div class=\"elementor-element elementor-element-41fc9cc e-con-full e-flex e-con e-child\" data-id=\"41fc9cc\" data-element_type=\"container\" data-e-type=\"container\">\n\t\t\t\t<div class=\"elementor-element elementor-element-b754ebc elementor-widget elementor-widget-heading\" data-id=\"b754ebc\" data-element_type=\"widget\" data-e-type=\"widget\" data-widget_type=\"heading.default\">\n\t\t\t\t\t<h2 class=\"elementor-heading-title elementor-size-default\">R\u0259q\u0259msal d\u00fcnyada r\u0259qab\u0259t \u00fcst\u00fcnl\u00fcy\u00fcn\u00fcz\u00fc nec\u0259 art\u0131rmaq olar<\/h2>\t\t\t\t<\/div>\n\t\t\t\t<div class=\"elementor-element elementor-element-e46f5a2 elementor-widget elementor-widget-text-editor\" data-id=\"e46f5a2\" data-element_type=\"widget\" data-e-type=\"widget\" data-widget_type=\"text-editor.default\">\n\t\t\t\t\t\t\t\t\tH\u0259r \u015fey istifad\u0259\u00e7i dostu v\u0259 funksional proqram t\u0259minat\u0131 il\u0259 ba\u011fl\u0131d\u0131r. CodeAd-d\u0259 biz brendinizin ehtiyaclar\u0131na uy\u011fun y\u00fcks\u0259k performansl\u0131 veb v\u0259 mobil t\u0259tbiql\u0259r haz\u0131rlay\u0131r\u0131q. Siz\u0259 h\u0259d\u0259f auditoriyan\u0131za \u0259n effektiv \u015f\u0259kild\u0259 \u00e7atma\u011f\u0131n\u0131za k\u00f6m\u0259k ed\u0259c\u0259k m\u00fcasir v\u0259 innovativ proqram t\u0259minat\u0131 h\u0259ll\u0259ri t\u0259klif edirik. H\u0259r bir layih\u0259d\u0259 biz biznesiniz\u0259 d\u0259y\u0259r qatan davaml\u0131 v\u0259 miqyaslana bil\u0259n proqram t\u0259minat\u0131 yaradaraq r\u0259q\u0259msal d\u00fcnyada g\u00fccl\u00fc m\u00f6vqe qazanma\u011f\u0131n\u0131za k\u00f6m\u0259k edirik.   \t\t\t\t\t\t\t\t<\/div>\n\t\t<div class=\"elementor-element elementor-element-140ae68 e-con-full e-flex e-con e-child\" data-id=\"140ae68\" data-element_type=\"container\" data-e-type=\"container\" data-settings=\"{&quot;background_background&quot;:&quot;classic&quot;}\">\n\t\t\t\t<\/div>\n\t\t\t\t<\/div>\n\t\t\t\t\t<\/div>\n\t\t\t\t<\/div>\n\t\t<div class=\"elementor-element elementor-element-66f1ad6 elementor-hidden-tablet elementor-hidden-mobile e-flex e-con-boxed e-con e-parent\" data-id=\"66f1ad6\" data-element_type=\"container\" data-e-type=\"container\">\n\t\t\t\t\t<div class=\"e-con-inner\">\n\t\t<div class=\"elementor-element elementor-element-16c2793 e-con-full cool-split e-flex e-con e-child\" data-id=\"16c2793\" data-element_type=\"container\" data-e-type=\"container\">\n\t\t\t\t<div class=\"elementor-element elementor-element-37fa5e8 elementor-widget elementor-widget-heading\" data-id=\"37fa5e8\" data-element_type=\"widget\" data-e-type=\"widget\" data-widget_type=\"heading.default\">\n\t\t\t\t\t<h2 class=\"elementor-heading-title elementor-size-default\">R\u0259q\u0259msal d\u00fcnyada r\u0259qab\u0259t \u00fcst\u00fcnl\u00fcy\u00fcn\u00fcz\u00fc nec\u0259 art\u0131rmaq olar<\/h2>\t\t\t\t<\/div>\n\t\t\t\t<div class=\"elementor-element elementor-element-30e3b42 elementor-widget elementor-widget-html\" data-id=\"30e3b42\" data-element_type=\"widget\" data-e-type=\"widget\" data-widget_type=\"html.default\">\n\t\t\t\t\t<script src=\"https:\/\/cdnjs.cloudflare.com\/ajax\/libs\/gsap\/3.12.5\/gsap.min.js\"><\/script><script src=\"https:\/\/unpkg.com\/gsap@3\/dist\/ScrollTrigger.min.js\"><\/script><script src=\"https:\/\/cdn.jsdelivr.net\/npm\/split-type@0.3.4\/umd\/index.min.js\"><\/script><script>gsap.registerPlugin(ScrollTrigger);\r\n\r\nconst split = new SplitType(\".cool-split h2\", {\r\n  types: \"words, chars\",\r\n});\r\n\r\nconst tl = gsap\r\n  .timeline({\r\n    scrollTrigger: {\r\n      trigger: \".about\",\r\n      start: \"top 5%\",\r\n      end: \"+=100%\",\r\n      scrub: 0.5,\r\n    },\r\n  })\r\n  .set(\r\n    split.chars,\r\n    {\r\n      duration: 0.3,\r\n      color: \"black\",\r\n      stagger: 0.1,\r\n    },\r\n    0.1\r\n  );\r\n<\/script>\t\t\t\t<\/div>\n\t\t<div class=\"elementor-element elementor-element-ae80a55 e-con-full e-flex e-con e-child\" data-id=\"ae80a55\" data-element_type=\"container\" data-e-type=\"container\">\n\t\t<div class=\"elementor-element elementor-element-109c5f1 e-con-full e-flex e-con e-child\" data-id=\"109c5f1\" data-element_type=\"container\" data-e-type=\"container\">\n\t\t\t\t<div class=\"elementor-element elementor-element-feed328 elementor-widget elementor-widget-text-editor\" data-id=\"feed328\" data-element_type=\"widget\" data-e-type=\"widget\" data-widget_type=\"text-editor.default\">\n\t\t\t\t\t\t\t\t\t<p>kullan\u0131c\u0131 dostu ve i\u015flevsel yaz\u0131l\u0131mlardan ge\u00e7er. CodeAd olarak, markan\u0131z\u0131n ihtiya\u00e7lar\u0131na uygun, performans\u0131 y\u00fcksek web ve mobil uygulamalar geli\u015ftiriyoruz. Hedef kitlenize en etkili \u015fekilde ula\u015fman\u0131z\u0131 sa\u011flayacak, modern ve yenilik\u00e7i yaz\u0131l\u0131m \u00e7\u00f6z\u00fcmleri sunuyoruz. Her projede, i\u015finize de\u011fer katacak, s\u00fcrd\u00fcr\u00fclebilir ve \u00f6l\u00e7eklenebilir yaz\u0131l\u0131mlar \u00fcreterek dijital d\u00fcnyada g\u00fc\u00e7l\u00fc bir varl\u0131k olu\u015fturman\u0131za yard\u0131mc\u0131 oluyoruz.   <\/p>\t\t\t\t\t\t\t\t<\/div>\n\t\t\t\t<\/div>\n\t\t\t\t<\/div>\n\t\t\t\t<\/div>\n\t\t<div class=\"elementor-element elementor-element-b7884cb e-con-full e-flex e-con e-child\" data-id=\"b7884cb\" data-element_type=\"container\" data-e-type=\"container\">\n\t\t<div class=\"elementor-element elementor-element-8557d34 e-con-full e-flex e-con e-child\" data-id=\"8557d34\" data-element_type=\"container\" data-e-type=\"container\" data-settings=\"{&quot;background_background&quot;:&quot;classic&quot;}\">\n\t\t\t\t<\/div>\n\t\t\t\t<\/div>\n\t\t\t\t\t<\/div>\n\t\t\t\t<\/div>\n\t\t<div class=\"elementor-element elementor-element-14775c1 e-flex e-con-boxed e-con e-parent\" data-id=\"14775c1\" data-element_type=\"container\" data-e-type=\"container\" data-settings=\"{&quot;background_background&quot;:&quot;classic&quot;,&quot;shape_divider_top&quot;:&quot;tilt&quot;}\">\n\t\t\t\t\t<div class=\"e-con-inner\">\n\t\t\t\t<div class=\"elementor-shape elementor-shape-top\" aria-hidden=\"true\" data-negative=\"false\">\n\t\t\t<svg xmlns=\"http:\/\/www.w3.org\/2000\/svg\" viewBox=\"0 0 1000 100\" preserveAspectRatio=\"none\">\n\t<path class=\"elementor-shape-fill\" d=\"M0,6V0h1000v100L0,6z\"\/>\n<\/svg>\t\t<\/div>\n\t\t<div class=\"elementor-element elementor-element-7d83a01 e-con-full e-flex e-con e-child\" data-id=\"7d83a01\" data-element_type=\"container\" data-e-type=\"container\">\n\t\t\t\t<div class=\"elementor-element elementor-element-fcbe5db elementor-view-default elementor-widget elementor-widget-icon\" data-id=\"fcbe5db\" data-element_type=\"widget\" data-e-type=\"widget\" data-widget_type=\"icon.default\">\n\t\t\t\t\t\t\t<div class=\"elementor-icon-wrapper\">\n\t\t\t<div class=\"elementor-icon\">\n\t\t\t<svg aria-hidden=\"true\" class=\"e-font-icon-svg e-fas-link\" viewBox=\"0 0 512 512\" xmlns=\"http:\/\/www.w3.org\/2000\/svg\"><path d=\"M326.612 185.391c59.747 59.809 58.927 155.698.36 214.59-.11.12-.24.25-.36.37l-67.2 67.2c-59.27 59.27-155.699 59.262-214.96 0-59.27-59.26-59.27-155.7 0-214.96l37.106-37.106c9.84-9.84 26.786-3.3 27.294 10.606.648 17.722 3.826 35.527 9.69 52.721 1.986 5.822.567 12.262-3.783 16.612l-13.087 13.087c-28.026 28.026-28.905 73.66-1.155 101.96 28.024 28.579 74.086 28.749 102.325.51l67.2-67.19c28.191-28.191 28.073-73.757 0-101.83-3.701-3.694-7.429-6.564-10.341-8.569a16.037 16.037 0 0 1-6.947-12.606c-.396-10.567 3.348-21.456 11.698-29.806l21.054-21.055c5.521-5.521 14.182-6.199 20.584-1.731a152.482 152.482 0 0 1 20.522 17.197zM467.547 44.449c-59.261-59.262-155.69-59.27-214.96 0l-67.2 67.2c-.12.12-.25.25-.36.37-58.566 58.892-59.387 154.781.36 214.59a152.454 152.454 0 0 0 20.521 17.196c6.402 4.468 15.064 3.789 20.584-1.731l21.054-21.055c8.35-8.35 12.094-19.239 11.698-29.806a16.037 16.037 0 0 0-6.947-12.606c-2.912-2.005-6.64-4.875-10.341-8.569-28.073-28.073-28.191-73.639 0-101.83l67.2-67.19c28.239-28.239 74.3-28.069 102.325.51 27.75 28.3 26.872 73.934-1.155 101.96l-13.087 13.087c-4.35 4.35-5.769 10.79-3.783 16.612 5.864 17.194 9.042 34.999 9.69 52.721.509 13.906 17.454 20.446 27.294 10.606l37.106-37.106c59.271-59.259 59.271-155.699.001-214.959z\"><\/path><\/svg>\t\t\t<\/div>\n\t\t<\/div>\n\t\t\t\t\t\t<\/div>\n\t\t\t\t<div class=\"elementor-element elementor-element-f711c02 elementor-widget elementor-widget-heading\" data-id=\"f711c02\" data-element_type=\"widget\" data-e-type=\"widget\" data-widget_type=\"heading.default\">\n\t\t\t\t\t<h2 class=\"elementor-heading-title elementor-size-default\">.veb proqram t\u0259minat\u0131<\/h2>\t\t\t\t<\/div>\n\t\t\t\t<div class=\"elementor-element elementor-element-2554329 elementor-widget elementor-widget-text-editor\" data-id=\"2554329\" data-element_type=\"widget\" data-e-type=\"widget\" data-widget_type=\"text-editor.default\">\n\t\t\t\t\t\t\t\t\tSizin veb sayt\u0131n\u0131z r\u0259q\u0259msal d\u00fcnyada brendinizin \u00fcz\u00fcd\u00fcr. S\u00fcr\u0259tli, etibarl\u0131 v\u0259 istifad\u0259\u00e7i dostu veb saytla h\u0259d\u0259f auditoriyan\u0131z\u0131 t\u0259\u0259ss\u00fcratland\u0131r\u0131b uzunm\u00fcdd\u0259tli t\u0259\u0259ss\u00fcrat buraxa bil\u0259rsiniz. CodeAd-d\u0259 biz ehtiyaclar\u0131n\u0131za uy\u011fun x\u00fcsusi veb proqram t\u0259minat\u0131 haz\u0131rlay\u0131r\u0131q. H\u0259r bir layih\u0259ni \u0259trafl\u0131 t\u0259hlil edir v\u0259 funksionall\u0131\u011f\u0131 maksimuma \u00e7atd\u0131ran h\u0259ll\u0259r t\u0259klif edirik. Performans, s\u00fcr\u0259t v\u0259 SEO uy\u011funlu\u011funu prioritet tutaraq, veb sayt\u0131n\u0131z\u0131n axtar\u0131\u015f sisteml\u0259rind\u0259 y\u00fcks\u0259k m\u00f6vqel\u0259rd\u0259 yer almas\u0131n\u0131 v\u0259 istifad\u0259\u00e7il\u0259riniz\u0259 problemsiz t\u0259cr\u00fcb\u0259 t\u0259qdim etm\u0259sini t\u0259min edirik.    \t\t\t\t\t\t\t\t<\/div>\n\t\t\t\t<\/div>\n\t\t<div class=\"elementor-element elementor-element-9cd36c9 e-con-full e-flex e-con e-child\" data-id=\"9cd36c9\" data-element_type=\"container\" data-e-type=\"container\">\n\t\t\t\t<div class=\"elementor-element elementor-element-3f533ea elementor-view-default elementor-widget elementor-widget-icon\" data-id=\"3f533ea\" data-element_type=\"widget\" data-e-type=\"widget\" data-widget_type=\"icon.default\">\n\t\t\t\t\t\t\t<div class=\"elementor-icon-wrapper\">\n\t\t\t<div class=\"elementor-icon\">\n\t\t\t<svg aria-hidden=\"true\" class=\"e-font-icon-svg e-fas-mobile-alt\" viewBox=\"0 0 320 512\" xmlns=\"http:\/\/www.w3.org\/2000\/svg\"><path d=\"M272 0H48C21.5 0 0 21.5 0 48v416c0 26.5 21.5 48 48 48h224c26.5 0 48-21.5 48-48V48c0-26.5-21.5-48-48-48zM160 480c-17.7 0-32-14.3-32-32s14.3-32 32-32 32 14.3 32 32-14.3 32-32 32zm112-108c0 6.6-5.4 12-12 12H60c-6.6 0-12-5.4-12-12V60c0-6.6 5.4-12 12-12h200c6.6 0 12 5.4 12 12v312z\"><\/path><\/svg>\t\t\t<\/div>\n\t\t<\/div>\n\t\t\t\t\t\t<\/div>\n\t\t\t\t<div class=\"elementor-element elementor-element-c0cf2e1 elementor-widget elementor-widget-heading\" data-id=\"c0cf2e1\" data-element_type=\"widget\" data-e-type=\"widget\" data-widget_type=\"heading.default\">\n\t\t\t\t\t<h2 class=\"elementor-heading-title elementor-size-default\">.mobil t\u0259tbiq<\/h2>\t\t\t\t<\/div>\n\t\t\t\t<div class=\"elementor-element elementor-element-639a69e elementor-widget elementor-widget-text-editor\" data-id=\"639a69e\" data-element_type=\"widget\" data-e-type=\"widget\" data-widget_type=\"text-editor.default\">\n\t\t\t\t\t\t\t\t\tMobil cihazlar indi istifad\u0259\u00e7il\u0259rin h\u0259yat\u0131n\u0131n \u0259v\u0259zolunmaz hiss\u0259sidir. Do\u011fru mobil t\u0259tbiq strategiyas\u0131 il\u0259 brendinizi h\u0259r zaman \u0259l\u00e7atan etm\u0259k m\u00fcmk\u00fcnd\u00fcr. CodeAd biznesiniz \u00fc\u00e7\u00fcn istifad\u0259\u00e7i dostu, y\u00fcks\u0259k performansl\u0131 mobil t\u0259tbiql\u0259r haz\u0131rlay\u0131r. iOS v\u0259 Android platformalar\u0131nda i\u015fl\u0259y\u0259n t\u0259tbiql\u0259rl\u0259 brendinizi cibind\u0259 da\u015f\u0131maq ist\u0259y\u0259n m\u00fc\u015ft\u0259ril\u0259riniz\u0259 m\u00fck\u0259mm\u0259l t\u0259cr\u00fcb\u0259 t\u0259qdim edin. Biz mobil t\u0259tbiqinizin dizayn\u0131ndan haz\u0131rlanmas\u0131na q\u0259d\u0259r h\u0259r m\u0259rh\u0259l\u0259d\u0259 pe\u015f\u0259kar h\u0259ll\u0259r t\u0259qdim etm\u0259kl\u0259 biznesinizi bir add\u0131m ir\u0259li apar\u0131r\u0131q.    \t\t\t\t\t\t\t\t<\/div>\n\t\t\t\t<\/div>\n\t\t<div class=\"elementor-element elementor-element-28e8631 e-con-full e-flex e-con e-child\" data-id=\"28e8631\" data-element_type=\"container\" data-e-type=\"container\">\n\t\t\t\t<div class=\"elementor-element elementor-element-5c3d0f8 elementor-view-default elementor-widget elementor-widget-icon\" data-id=\"5c3d0f8\" data-element_type=\"widget\" data-e-type=\"widget\" data-widget_type=\"icon.default\">\n\t\t\t\t\t\t\t<div class=\"elementor-icon-wrapper\">\n\t\t\t<div class=\"elementor-icon\">\n\t\t\t<svg aria-hidden=\"true\" class=\"e-font-icon-svg e-fab-microsoft\" viewBox=\"0 0 448 512\" xmlns=\"http:\/\/www.w3.org\/2000\/svg\"><path d=\"M0 32h214.6v214.6H0V32zm233.4 0H448v214.6H233.4V32zM0 265.4h214.6V480H0V265.4zm233.4 0H448V480H233.4V265.4z\"><\/path><\/svg>\t\t\t<\/div>\n\t\t<\/div>\n\t\t\t\t\t\t<\/div>\n\t\t\t\t<div class=\"elementor-element elementor-element-77eecc9 elementor-widget elementor-widget-heading\" data-id=\"77eecc9\" data-element_type=\"widget\" data-e-type=\"widget\" data-widget_type=\"heading.default\">\n\t\t\t\t\t<h2 class=\"elementor-heading-title elementor-size-default\">.f\u0259rdi proqram t\u0259minat\u0131<\/h2>\t\t\t\t<\/div>\n\t\t\t\t<div class=\"elementor-element elementor-element-b4fb79a elementor-widget elementor-widget-text-editor\" data-id=\"b4fb79a\" data-element_type=\"widget\" data-e-type=\"widget\" data-widget_type=\"text-editor.default\">\n\t\t\t\t\t\t\t\t\tH\u0259r bir biznesin \u00f6z\u00fcn\u0259m\u0259xsus t\u0259l\u0259bl\u0259ri var. Standart h\u0259ll\u0259r \u0259v\u0259zin\u0259, CodeAd-d\u0259 biz h\u0259r bir layih\u0259 \u00fc\u00e7\u00fcn f\u0259rdi proqram t\u0259minat\u0131 h\u0259ll\u0259ri haz\u0131rlay\u0131r\u0131q. Veb sayt\u0131n\u0131z v\u0259 ya mobil t\u0259tbiqiniz n\u0259 q\u0259d\u0259r b\u00f6y\u00fcs\u0259 d\u0259, biz miqyas\u0131 geni\u015fl\u0259n\u0259 bil\u0259n v\u0259 davaml\u0131 proqram t\u0259minat\u0131m\u0131zla biznesinizin inki\u015faf\u0131n\u0131 d\u0259st\u0259kl\u0259yirik. Proqram t\u0259minat\u0131n\u0131z\u0131 brendinizin g\u0259l\u0259c\u0259k ehtiyaclar\u0131na uy\u011funla\u015fd\u0131r\u0131r, h\u0259r add\u0131mda siz\u0259 f\u0259rdi h\u0259ll\u0259r t\u0259klif edirik.   \t\t\t\t\t\t\t\t<\/div>\n\t\t\t\t<\/div>\n\t\t\t\t\t<\/div>\n\t\t\t\t<\/div>\n\t\t<div class=\"elementor-element elementor-element-f2f8d62 e-flex e-con-boxed e-con e-parent\" data-id=\"f2f8d62\" data-element_type=\"container\" data-e-type=\"container\">\n\t\t\t\t\t<div class=\"e-con-inner\">\n\t\t<div class=\"elementor-element elementor-element-1c7c0ad e-con-full e-flex e-con e-child\" data-id=\"1c7c0ad\" data-element_type=\"container\" data-e-type=\"container\">\n\t\t<div class=\"elementor-element elementor-element-79982d2 e-con-full e-flex e-con e-child\" data-id=\"79982d2\" data-element_type=\"container\" data-e-type=\"container\">\n\t\t\t\t<div class=\"elementor-element elementor-element-ecbcc11 elementor-widget elementor-widget-heading\" data-id=\"ecbcc11\" data-element_type=\"widget\" data-e-type=\"widget\" data-widget_type=\"heading.default\">\n\t\t\t\t\t<h2 class=\"elementor-heading-title elementor-size-default\">Davaml\u0131 D\u0259st\u0259k v\u0259 Texniki Xidm\u0259t<\/h2>\t\t\t\t<\/div>\n\t\t\t\t<\/div>\n\t\t\t\t<\/div>\n\t\t<div class=\"elementor-element elementor-element-3a23095 e-con-full e-flex e-con e-child\" data-id=\"3a23095\" data-element_type=\"container\" data-e-type=\"container\" data-settings=\"{&quot;background_background&quot;:&quot;classic&quot;}\">\n\t\t<div class=\"elementor-element elementor-element-9a7c7a9 e-con-full e-flex e-con e-child\" data-id=\"9a7c7a9\" data-element_type=\"container\" data-e-type=\"container\">\n\t\t\t\t<div class=\"elementor-element elementor-element-198f297 elementor-widget elementor-widget-text-editor\" data-id=\"198f297\" data-element_type=\"widget\" data-e-type=\"widget\" data-widget_type=\"text-editor.default\">\n\t\t\t\t\t\t\t\t\t<p>Proqram t\u0259minat\u0131 layih\u0259l\u0259ri yaln\u0131z haz\u0131rlanan v\u0259 t\u0259hvil veril\u0259n m\u0259hsullar deyil; onlar davaml\u0131 texniki xidm\u0259t v\u0259 d\u0259st\u0259k t\u0259l\u0259b ed\u0259n canl\u0131 sisteml\u0259rdir. CodeAd-d\u0259 biz veb sayt\u0131n\u0131z\u0131n v\u0259 ya mobil t\u0259tbiqinizin h\u0259mi\u015f\u0259 \u0259n yax\u015f\u0131 s\u0259viyy\u0259d\u0259 i\u015fl\u0259m\u0259sini t\u0259min etm\u0259k \u00fc\u00e7\u00fcn buraday\u0131q. Texniki probleml\u0259 qar\u015f\u0131la\u015fsan\u0131z v\u0259 ya performans\u0131n yax\u015f\u0131la\u015fd\u0131r\u0131lmas\u0131na ehtiyac duysan\u0131z, pe\u015f\u0259kar d\u0259st\u0259k komandam\u0131z i\u015finizin h\u0259mi\u015f\u0259 problemsiz davam etm\u0259sini t\u0259min edir.  <\/p><p>D\u0259st\u0259k v\u0259 texniki xidm\u0259tl\u0259rimizin bir hiss\u0259si olaraq biz m\u00fcnt\u0259z\u0259m yenil\u0259m\u0259l\u0259r, t\u0259hl\u00fck\u0259sizlik t\u0259dbirl\u0259ri v\u0259 performans analizl\u0259ri t\u0259qdim edirik. Proqram t\u0259minat\u0131n\u0131z\u0131n texnoloji inki\u015faflarla ayaqla\u015fmas\u0131n\u0131 v\u0259 m\u00fcmk\u00fcn t\u0259hl\u00fck\u0259sizlik bo\u015fluqlar\u0131ndan qorunmas\u0131n\u0131 t\u0259min etm\u0259k \u00fc\u00e7\u00fcn proaktiv yana\u015fma t\u0259tbiq edirik. Bu, veb sayt\u0131n\u0131z\u0131n v\u0259 mobil t\u0259tbiqinizin h\u0259r zaman s\u00fcr\u0259tli, etibarl\u0131 v\u0259 g\u00fcnc\u0259l qalmas\u0131n\u0131 t\u0259min edir. Biz h\u0259r zaman yan\u0131n\u0131zday\u0131q ki, i\u015finizi problemsiz v\u0259 s\u0259m\u0259r\u0259li \u015f\u0259kild\u0259 idar\u0259 ed\u0259siniz.   <\/p>\t\t\t\t\t\t\t\t<\/div>\n\t\t\t\t<\/div>\n\t\t<div class=\"elementor-element elementor-element-3b00617 e-con-full e-flex e-con e-child\" data-id=\"3b00617\" data-element_type=\"container\" data-e-type=\"container\" data-settings=\"{&quot;background_background&quot;:&quot;classic&quot;}\">\n\t\t\t\t<div class=\"elementor-element elementor-element-19cb3e7 elementor-widget elementor-widget-image\" data-id=\"19cb3e7\" data-element_type=\"widget\" data-e-type=\"widget\" data-widget_type=\"image.default\">\n\t\t\t\t\t\t\t\t\t\t\t\t\t\t\t<img fetchpriority=\"high\" decoding=\"async\" width=\"960\" height=\"1500\" src=\"https:\/\/blog.codead.com.tr\/wp-content\/uploads\/codead-v2-growth-yazilim-web-app-003.jpg\" class=\"attachment-full size-full wp-image-10013\" alt=\"\" srcset=\"https:\/\/blog.codead.com.tr\/wp-content\/uploads\/codead-v2-growth-yazilim-web-app-003.jpg 960w, https:\/\/blog.codead.com.tr\/wp-content\/uploads\/codead-v2-growth-yazilim-web-app-003-192x300.jpg 192w, https:\/\/blog.codead.com.tr\/wp-content\/uploads\/codead-v2-growth-yazilim-web-app-003-655x1024.jpg 655w, https:\/\/blog.codead.com.tr\/wp-content\/uploads\/codead-v2-growth-yazilim-web-app-003-768x1200.jpg 768w\" sizes=\"(max-width: 960px) 100vw, 960px\" title=\"\">\t\t\t\t\t\t\t\t\t\t\t\t\t\t\t<\/div>\n\t\t\t\t<\/div>\n\t\t\t\t<\/div>\n\t\t\t\t\t<\/div>\n\t\t\t\t<\/div>\n\t\t<div class=\"elementor-element elementor-element-d97fbe0 e-con-full elementor-hidden-tablet elementor-hidden-mobile e-flex e-con e-parent\" data-id=\"d97fbe0\" data-element_type=\"container\" data-e-type=\"container\" data-settings=\"{&quot;background_background&quot;:&quot;video&quot;,&quot;background_video_link&quot;:&quot;https:\\\/\\\/blog.codead.com.tr\\\/wp-content\\\/uploads\\\/codead-v2-growth-yazilim-web-app-004.mp4&quot;,&quot;background_play_on_mobile&quot;:&quot;yes&quot;}\">\n\t\t<div class=\"elementor-background-video-container\">\n\t\t\t\t\t\t\t<video class=\"elementor-background-video-hosted\" role=\"presentation\" autoplay muted playsinline loop><\/video>\n\t\t\t\t\t<\/div>\t\t<\/div>\n\t\t<div class=\"elementor-element elementor-element-2828a16 e-flex e-con-boxed e-con e-parent\" data-id=\"2828a16\" data-element_type=\"container\" data-e-type=\"container\" data-settings=\"{&quot;background_background&quot;:&quot;classic&quot;}\">\n\t\t\t\t\t<div class=\"e-con-inner\">\n\t\t<div class=\"elementor-element elementor-element-7b43d58 e-con-full e-flex e-con e-child\" data-id=\"7b43d58\" data-element_type=\"container\" data-e-type=\"container\">\n\t\t\t\t<div class=\"elementor-element elementor-element-4c76ca3 elementor-widget elementor-widget-heading\" data-id=\"4c76ca3\" data-element_type=\"widget\" data-e-type=\"widget\" data-widget_type=\"heading.default\">\n\t\t\t\t\t<h2 class=\"elementor-heading-title elementor-size-default\">G\u0259l\u0259c\u0259yinizi Proqram T\u0259minat\u0131 \u0130l\u0259 Formala\u015fd\u0131r\u0131n<\/h2>\t\t\t\t<\/div>\n\t\t\t\t<div class=\"elementor-element elementor-element-534d40c elementor-widget__width-initial elementor-widget elementor-widget-text-editor\" data-id=\"534d40c\" data-element_type=\"widget\" data-e-type=\"widget\" data-widget_type=\"text-editor.default\">\n\t\t\t\t\t\t\t\t\t<p>U\u011furlu proqram t\u0259minat\u0131 layih\u0259si brendinizi yaln\u0131z bu g\u00fcn \u00fc\u00e7\u00fcn deyil, h\u0259m d\u0259 g\u0259l\u0259c\u0259k \u00fc\u00e7\u00fcn haz\u0131rlay\u0131r. CodeAd t\u0259r\u0259find\u0259n t\u0259klif olunan veb v\u0259 mobil proqram t\u0259minat\u0131 h\u0259ll\u0259ri il\u0259 brendiniz r\u0259q\u0259msal d\u00fcnyada silinm\u0259z iz burax\u0131r. \u0130stifad\u0259\u00e7i dostu interfeysl\u0259r, y\u00fcks\u0259k performansl\u0131 infrastrukturlar v\u0259 davaml\u0131 proqram t\u0259minat\u0131 h\u0259ll\u0259ri il\u0259 h\u0259r add\u0131mda biznesinizi inki\u015faf etdirm\u0259y\u0259 davam edirsiniz.  <\/p><p>CodeAd yaln\u0131z proqram t\u0259minat\u0131 haz\u0131rlamaqla kifay\u0259tl\u0259nmir; o, brendinizi r\u0259q\u0259msal m\u00fcst\u0259vid\u0259 g\u00fccl\u0259ndir\u0259n v\u0259 istifad\u0259\u00e7il\u0259riniz\u0259 unudulmaz t\u0259cr\u00fcb\u0259l\u0259r t\u0259qdim ed\u0259n h\u0259ll\u0259r yarad\u0131r. Veb sayt\u0131n\u0131z v\u0259 mobil t\u0259tbiql\u0259riniz \u00fc\u00e7\u00fcn t\u0259klif etdiyimiz proqram t\u0259minat\u0131 h\u0259ll\u0259ri brendinizi f\u0259rql\u0259ndirir v\u0259 s\u0259nayed\u0259 r\u0259qab\u0259t \u00fcst\u00fcnl\u00fcy\u00fcn\u00fcz\u00fc art\u0131r\u0131r. Biz g\u0259l\u0259c\u0259yinizi formala\u015fd\u0131rmaq v\u0259 r\u0259q\u0259msal d\u00fcnyada davaml\u0131 u\u011fur qazanmaq \u00fc\u00e7\u00fcn siz\u0259 uy\u011fun proqram t\u0259minat\u0131 h\u0259ll\u0259ri il\u0259 d\u0259st\u0259k olmaq m\u0259qs\u0259dil\u0259 buraday\u0131q.  <\/p>\t\t\t\t\t\t\t\t<\/div>\n\t\t\t\t<\/div>\n\t\t<div class=\"elementor-element elementor-element-9730a11 e-con-full e-flex e-con e-child\" data-id=\"9730a11\" data-element_type=\"container\" data-e-type=\"container\">\n\t\t\t\t<div class=\"elementor-element elementor-element-02b3078 elementor-widget elementor-widget-heading\" data-id=\"02b3078\" data-element_type=\"widget\" data-e-type=\"widget\" data-widget_type=\"heading.default\">\n\t\t\t\t\t<h2 class=\"elementor-heading-title elementor-size-default\">Veb v\u0259 Mobil \u00dc\u00e7\u00fcn \u018fla Performans<\/h2>\t\t\t\t<\/div>\n\t\t\t\t<\/div>\n\t\t\t\t\t<\/div>\n\t\t\t\t<\/div>\n\t\t\t\t<\/div>\n\t\t","protected":false},"excerpt":{"rendered":"<p>Proqram T\u0259minat\u0131Veb &#8211; T\u0259tbiq R\u0259q\u0259msal d\u00fcnyada r\u0259qab\u0259t \u00fcst\u00fcnl\u00fcy\u00fcn\u00fcz\u00fc nec\u0259 art\u0131rmaq olar H\u0259r \u015fey istifad\u0259\u00e7i dostu v\u0259 funksional proqram t\u0259minat\u0131 il\u0259 ba\u011fl\u0131d\u0131r. CodeAd-d\u0259 biz brendinizin ehtiyaclar\u0131na uy\u011fun y\u00fcks\u0259k performansl\u0131 veb v\u0259 mobil t\u0259tbiql\u0259r haz\u0131rlay\u0131r\u0131q. Siz\u0259 h\u0259d\u0259f auditoriyan\u0131za \u0259n effektiv \u015f\u0259kild\u0259 \u00e7atma\u011f\u0131n\u0131za k\u00f6m\u0259k ed\u0259c\u0259k m\u00fcasir v\u0259 innovativ proqram t\u0259minat\u0131 h\u0259ll\u0259ri t\u0259klif edirik. H\u0259r bir layih\u0259d\u0259 biz biznesiniz\u0259 [&hellip;]<\/p>\n","protected":false},"author":1,"featured_media":0,"parent":0,"menu_order":0,"comment_status":"closed","ping_status":"closed","template":"elementor_header_footer","meta":{"footnotes":""},"class_list":["post-10253","page","type-page","status-publish","hentry"],"_links":{"self":[{"href":"https:\/\/blog.codead.com.tr\/az\/wp-json\/wp\/v2\/pages\/10253","targetHints":{"allow":["GET"]}}],"collection":[{"href":"https:\/\/blog.codead.com.tr\/az\/wp-json\/wp\/v2\/pages"}],"about":[{"href":"https:\/\/blog.codead.com.tr\/az\/wp-json\/wp\/v2\/types\/page"}],"author":[{"embeddable":true,"href":"https:\/\/blog.codead.com.tr\/az\/wp-json\/wp\/v2\/users\/1"}],"replies":[{"embeddable":true,"href":"https:\/\/blog.codead.com.tr\/az\/wp-json\/wp\/v2\/comments?post=10253"}],"version-history":[{"count":0,"href":"https:\/\/blog.codead.com.tr\/az\/wp-json\/wp\/v2\/pages\/10253\/revisions"}],"wp:attachment":[{"href":"https:\/\/blog.codead.com.tr\/az\/wp-json\/wp\/v2\/media?parent=10253"}],"curies":[{"name":"wp","href":"https:\/\/api.w.org\/{rel}","templated":true}]}}