{"id":10256,"date":"2025-08-01T11:52:41","date_gmt":"2025-08-01T08:52:41","guid":{"rendered":"https:\/\/blog.codead.com.tr\/menecerl%c9%99rin-t%c9%99limati\/"},"modified":"2026-04-06T12:10:08","modified_gmt":"2026-04-06T09:10:08","slug":"menecerl%c9%99rin-t%c9%99limati","status":"publish","type":"page","link":"https:\/\/blog.codead.com.tr\/az\/menecerl%c9%99rin-t%c9%99limati\/","title":{"rendered":"Menecerl\u0259rin T\u0259limat\u0131"},"content":{"rendered":"\t\t<div data-elementor-type=\"wp-page\" data-elementor-id=\"10256\" class=\"elementor elementor-10256 elementor-166\" data-elementor-post-type=\"page\">\n\t\t\t\t<div class=\"elementor-element elementor-element-342a564 e-con-full e-flex e-con e-parent\" data-id=\"342a564\" data-element_type=\"container\" data-e-type=\"container\">\n\t\t<div class=\"elementor-element elementor-element-7207e64 e-con-full e-flex e-con e-child\" data-id=\"7207e64\" data-element_type=\"container\" data-e-type=\"container\" data-settings=\"{&quot;background_background&quot;:&quot;classic&quot;}\">\n\t\t\t\t<div class=\"elementor-element elementor-element-424b5c0 elementor-widget elementor-widget-heading\" data-id=\"424b5c0\" data-element_type=\"widget\" data-e-type=\"widget\" data-widget_type=\"heading.default\">\n\t\t\t\t\t<h2 class=\"elementor-heading-title elementor-size-default\">Menecer<br>T\u0259limi<\/h2>\t\t\t\t<\/div>\n\t\t\t\t<\/div>\n\t\t\t\t<\/div>\n\t\t<div class=\"elementor-element elementor-element-3050f26 elementor-hidden-desktop e-flex e-con-boxed e-con e-parent\" data-id=\"3050f26\" data-element_type=\"container\" data-e-type=\"container\">\n\t\t\t\t\t<div class=\"e-con-inner\">\n\t\t<div class=\"elementor-element elementor-element-c271664 e-con-full e-flex e-con e-child\" data-id=\"c271664\" data-element_type=\"container\" data-e-type=\"container\">\n\t\t\t\t<div class=\"elementor-element elementor-element-6634c92 elementor-widget elementor-widget-heading\" data-id=\"6634c92\" data-element_type=\"widget\" data-e-type=\"widget\" data-widget_type=\"heading.default\">\n\t\t\t\t\t<h2 class=\"elementor-heading-title elementor-size-default\">Biz markan\u0131n n\u0259 etdiyi il\u0259 yox, niy\u0259 etdiyi il\u0259 maraqlan\u0131r\u0131q.<\/h2>\t\t\t\t<\/div>\n\t\t\t\t<div class=\"elementor-element elementor-element-6668dd8 elementor-widget elementor-widget-text-editor\" data-id=\"6668dd8\" data-element_type=\"widget\" data-e-type=\"widget\" data-widget_type=\"text-editor.default\">\n\t\t\t\t\t\t\t\t\t\u018fg\u0259r menecersinizs\u0259, bilm\u0259li oldu\u011funuz budur:\n\nBrendinq kommunikasiya tap\u015f\u0131r\u0131\u011f\u0131 deyil. Bu, sistem tap\u015f\u0131r\u0131\u011f\u0131d\u0131r. \n\nN\u0259 dediyini, kim\u0259 dediyini v\u0259 niy\u0259 dediyini bilm\u0259y\u0259n he\u00e7 bir struktur uzunm\u00fcdd\u0259tli m\u00f6vcudlu\u011funu davam etdir\u0259 bilm\u0259z.\t\t\t\t\t\t\t\t<\/div>\n\t\t<div class=\"elementor-element elementor-element-93a66d2 e-con-full e-flex e-con e-child\" data-id=\"93a66d2\" data-element_type=\"container\" data-e-type=\"container\" data-settings=\"{&quot;background_background&quot;:&quot;classic&quot;}\">\n\t\t\t\t<\/div>\n\t\t\t\t<\/div>\n\t\t\t\t\t<\/div>\n\t\t\t\t<\/div>\n\t\t<div class=\"elementor-element elementor-element-f7cc73f elementor-hidden-tablet elementor-hidden-mobile e-flex e-con-boxed e-con e-parent\" data-id=\"f7cc73f\" data-element_type=\"container\" data-e-type=\"container\">\n\t\t\t\t\t<div class=\"e-con-inner\">\n\t\t<div class=\"elementor-element elementor-element-51cc114 e-con-full cool-split e-flex e-con e-child\" data-id=\"51cc114\" data-element_type=\"container\" data-e-type=\"container\">\n\t\t\t\t<div class=\"elementor-element elementor-element-744045a elementor-widget elementor-widget-heading\" data-id=\"744045a\" data-element_type=\"widget\" data-e-type=\"widget\" data-widget_type=\"heading.default\">\n\t\t\t\t\t<h2 class=\"elementor-heading-title elementor-size-default\">Biz markan\u0131n n\u0259 etdiyi il\u0259 maraqlanm\u0131r\u0131q, amma niy\u0259 etdiyi il\u0259 maraqlan\u0131r\u0131q.<\/h2>\t\t\t\t<\/div>\n\t\t\t\t<div class=\"elementor-element elementor-element-8625c74 elementor-widget elementor-widget-html\" data-id=\"8625c74\" data-element_type=\"widget\" data-e-type=\"widget\" data-widget_type=\"html.default\">\n\t\t\t\t\t<script src=\"https:\/\/cdnjs.cloudflare.com\/ajax\/libs\/gsap\/3.12.5\/gsap.min.js\"><\/script><script src=\"https:\/\/unpkg.com\/gsap@3\/dist\/ScrollTrigger.min.js\"><\/script><script src=\"https:\/\/cdn.jsdelivr.net\/npm\/split-type@0.3.4\/umd\/index.min.js\"><\/script><script>gsap.registerPlugin(ScrollTrigger);\r\n\r\nconst split = new SplitType(\".cool-split h2\", {\r\n  types: \"words, chars\",\r\n});\r\n\r\nconst tl = gsap\r\n  .timeline({\r\n    scrollTrigger: {\r\n      trigger: \".about\",\r\n      start: \"top 5%\",\r\n      end: \"+=100%\",\r\n      scrub: 0.5,\r\n    },\r\n  })\r\n  .set(\r\n    split.chars,\r\n    {\r\n      duration: 0.3,\r\n      color: \"black\",\r\n      stagger: 0.1,\r\n    },\r\n    0.1\r\n  );\r\n<\/script>\t\t\t\t<\/div>\n\t\t<div class=\"elementor-element elementor-element-d4394a4 e-con-full e-flex e-con e-child\" data-id=\"d4394a4\" data-element_type=\"container\" data-e-type=\"container\">\n\t\t<div class=\"elementor-element elementor-element-9f32719 e-con-full e-flex e-con e-child\" data-id=\"9f32719\" data-element_type=\"container\" data-e-type=\"container\">\n\t\t\t\t<div class=\"elementor-element elementor-element-f76a697 elementor-widget elementor-widget-text-editor\" data-id=\"f76a697\" data-element_type=\"widget\" data-e-type=\"widget\" data-widget_type=\"text-editor.default\">\n\t\t\t\t\t\t\t\t\t<p>\u018fg\u0259r menecersinizs\u0259, bilm\u0259li oldu\u011funuz budur:<\/p><p>Brendinq kommunikasiya tap\u015f\u0131r\u0131\u011f\u0131 deyil. Bu, sistem tap\u015f\u0131r\u0131\u011f\u0131d\u0131r. <\/p><p>N\u0259 dediyini, kim\u0259 dediyini v\u0259 niy\u0259 dediyini bilm\u0259y\u0259n he\u00e7 bir struktur uzunm\u00fcdd\u0259tli m\u00f6vcudlu\u011funu davam etdir\u0259 bilm\u0259z.<\/p>\t\t\t\t\t\t\t\t<\/div>\n\t\t\t\t<\/div>\n\t\t\t\t<\/div>\n\t\t\t\t<\/div>\n\t\t<div class=\"elementor-element elementor-element-bf4e3fa e-con-full e-flex e-con e-child\" data-id=\"bf4e3fa\" data-element_type=\"container\" data-e-type=\"container\">\n\t\t<div class=\"elementor-element elementor-element-8f4feb8 e-con-full e-flex e-con e-child\" data-id=\"8f4feb8\" data-element_type=\"container\" data-e-type=\"container\" data-settings=\"{&quot;background_background&quot;:&quot;classic&quot;}\">\n\t\t\t\t<\/div>\n\t\t\t\t<\/div>\n\t\t\t\t\t<\/div>\n\t\t\t\t<\/div>\n\t\t<div class=\"elementor-element elementor-element-00af440 e-flex e-con-boxed e-con e-parent\" data-id=\"00af440\" data-element_type=\"container\" data-e-type=\"container\" data-settings=\"{&quot;background_background&quot;:&quot;classic&quot;,&quot;shape_divider_top&quot;:&quot;tilt&quot;}\">\n\t\t\t\t\t<div class=\"e-con-inner\">\n\t\t\t\t<div class=\"elementor-shape elementor-shape-top\" aria-hidden=\"true\" data-negative=\"false\">\n\t\t\t<svg xmlns=\"http:\/\/www.w3.org\/2000\/svg\" viewBox=\"0 0 1000 100\" preserveAspectRatio=\"none\">\n\t<path class=\"elementor-shape-fill\" d=\"M0,6V0h1000v100L0,6z\"\/>\n<\/svg>\t\t<\/div>\n\t\t<div class=\"elementor-element elementor-element-fc24f41 e-con-full e-flex e-con e-child\" data-id=\"fc24f41\" data-element_type=\"container\" data-e-type=\"container\">\n\t\t\t\t<div class=\"elementor-element elementor-element-5cf1cf3 elementor-widget elementor-widget-heading\" data-id=\"5cf1cf3\" data-element_type=\"widget\" data-e-type=\"widget\" data-widget_type=\"heading.default\">\n\t\t\t\t\t<h2 class=\"elementor-heading-title elementor-size-default\">Siz strategiyalar haz\u0131rlama\u011f\u0131 \u00f6yr\u0259n\u0259c\u0259ksiniz.<\/h2>\t\t\t\t<\/div>\n\t\t\t\t<\/div>\n\t\t<div class=\"elementor-element elementor-element-571b140 e-con-full e-flex e-con e-child\" data-id=\"571b140\" data-element_type=\"container\" data-e-type=\"container\">\n\t\t\t\t<div class=\"elementor-element elementor-element-10849c0 elementor-widget elementor-widget-heading\" data-id=\"10849c0\" data-element_type=\"widget\" data-e-type=\"widget\" data-widget_type=\"heading.default\">\n\t\t\t\t\t<h2 class=\"elementor-heading-title elementor-size-default\">H\u0259d\u0259f auditoriyan\u0131, r\u0259qibi v\u0259 bazar\u0131 nec\u0259 oxuma\u011f\u0131 g\u00f6r\u0259c\u0259ksiniz.<\/h2>\t\t\t\t<\/div>\n\t\t\t\t<\/div>\n\t\t<div class=\"elementor-element elementor-element-3eb4848 e-con-full e-flex e-con e-child\" data-id=\"3eb4848\" data-element_type=\"container\" data-e-type=\"container\">\n\t\t\t\t<div class=\"elementor-element elementor-element-ef168c1 elementor-widget elementor-widget-heading\" data-id=\"ef168c1\" data-element_type=\"widget\" data-e-type=\"widget\" data-widget_type=\"heading.default\">\n\t\t\t\t\t<h2 class=\"elementor-heading-title elementor-size-default\">Brend xarakterinin nec\u0259 formala\u015fd\u0131r\u0131ld\u0131\u011f\u0131, h\u0259min xarakterin sistem boyunca nec\u0259 yay\u0131lmas\u0131; biz bu i\u015fl\u0259ri praktik \u015f\u0259kild\u0259 h\u0259yata ke\u00e7iririk.<\/h2>\t\t\t\t<\/div>\n\t\t\t\t<\/div>\n\t\t\t\t\t<\/div>\n\t\t\t\t<\/div>\n\t\t<div class=\"elementor-element elementor-element-a71fd58 e-flex e-con-boxed e-con e-parent\" data-id=\"a71fd58\" data-element_type=\"container\" data-e-type=\"container\">\n\t\t\t\t\t<div class=\"e-con-inner\">\n\t\t<div class=\"elementor-element elementor-element-fe3a495 e-con-full e-flex e-con e-child\" data-id=\"fe3a495\" data-element_type=\"container\" data-e-type=\"container\">\n\t\t<div class=\"elementor-element elementor-element-17d48c9 e-con-full e-flex e-con e-child\" data-id=\"17d48c9\" data-element_type=\"container\" data-e-type=\"container\">\n\t\t\t\t<div class=\"elementor-element elementor-element-5fbdf16 elementor-widget elementor-widget-heading\" data-id=\"5fbdf16\" data-element_type=\"widget\" data-e-type=\"widget\" data-widget_type=\"heading.default\">\n\t\t\t\t\t<h2 class=\"elementor-heading-title elementor-size-default\">Biz t\u0259qdimatlar\u0131 g\u00f6st\u0259rmirik.\n Biz bir t\u0259tbiq haz\u0131rlat\u0131r\u0131q.<\/h2>\t\t\t\t<\/div>\n\t\t\t\t<\/div>\n\t\t\t\t<\/div>\n\t\t<div class=\"elementor-element elementor-element-a82cafc e-con-full e-flex e-con e-child\" data-id=\"a82cafc\" data-element_type=\"container\" data-e-type=\"container\" data-settings=\"{&quot;background_background&quot;:&quot;classic&quot;}\">\n\t\t<div class=\"elementor-element elementor-element-5fd2555 e-con-full e-flex e-con e-child\" data-id=\"5fd2555\" data-element_type=\"container\" data-e-type=\"container\">\n\t\t\t\t<div class=\"elementor-element elementor-element-0fd193f elementor-widget elementor-widget-text-editor\" data-id=\"0fd193f\" data-element_type=\"widget\" data-e-type=\"widget\" data-widget_type=\"text-editor.default\">\n\t\t\t\t\t\t\t\t\t<p>Orada \u00f6z brend strategiyan\u0131z\u0131 m\u00fc\u0259yy\u0259n edirsiniz.<\/p><p>Q\u0131z\u0131l Dair\u0259, Brand Key, Strategy House v\u0259 OGSM kimi al\u0259tl\u0259rd\u0259n istifad\u0259 ed\u0259r\u0259k s\u0259p\u0259l\u0259nmi\u015f fikirl\u0259ri bir dam alt\u0131nda birl\u0259\u015fdiririk.<\/p>\t\t\t\t\t\t\t\t<\/div>\n\t\t\t\t<\/div>\n\t\t<div class=\"elementor-element elementor-element-2e7f56f e-con-full e-flex e-con e-child\" data-id=\"2e7f56f\" data-element_type=\"container\" data-e-type=\"container\" data-settings=\"{&quot;background_background&quot;:&quot;classic&quot;}\">\n\t\t\t\t<div class=\"elementor-element elementor-element-c767a1c elementor-widget elementor-widget-image\" data-id=\"c767a1c\" data-element_type=\"widget\" data-e-type=\"widget\" data-widget_type=\"image.default\">\n\t\t\t\t\t\t\t\t\t\t\t\t\t\t\t<img fetchpriority=\"high\" decoding=\"async\" width=\"1000\" height=\"560\" src=\"https:\/\/blog.codead.com.tr\/wp-content\/uploads\/codead-v2-growth-yonetici-egitimi-003.jpg\" class=\"attachment-full size-full wp-image-10259\" alt=\"\" srcset=\"https:\/\/blog.codead.com.tr\/wp-content\/uploads\/codead-v2-growth-yonetici-egitimi-003.jpg 1000w, https:\/\/blog.codead.com.tr\/wp-content\/uploads\/codead-v2-growth-yonetici-egitimi-003-300x168.jpg 300w, https:\/\/blog.codead.com.tr\/wp-content\/uploads\/codead-v2-growth-yonetici-egitimi-003-768x430.jpg 768w\" sizes=\"(max-width: 1000px) 100vw, 1000px\" title=\"\">\t\t\t\t\t\t\t\t\t\t\t\t\t\t\t<\/div>\n\t\t\t\t<\/div>\n\t\t\t\t<\/div>\n\t\t\t\t\t<\/div>\n\t\t\t\t<\/div>\n\t\t<div class=\"elementor-element elementor-element-e56097f e-con-full elementor-hidden-tablet elementor-hidden-mobile e-flex e-con e-parent\" data-id=\"e56097f\" data-element_type=\"container\" data-e-type=\"container\" data-settings=\"{&quot;background_background&quot;:&quot;video&quot;,&quot;background_video_link&quot;:&quot;https:\\\/\\\/blog.codead.com.tr\\\/wp-content\\\/uploads\\\/codead-v2-growth-yonetici-egitimi-004.mp4&quot;,&quot;background_play_on_mobile&quot;:&quot;yes&quot;}\">\n\t\t<div class=\"elementor-background-video-container\">\n\t\t\t\t\t\t\t<video class=\"elementor-background-video-hosted\" role=\"presentation\" autoplay muted playsinline loop><\/video>\n\t\t\t\t\t<\/div>\t\t<\/div>\n\t\t<div class=\"elementor-element elementor-element-e25fc26 e-flex e-con-boxed e-con e-parent\" data-id=\"e25fc26\" data-element_type=\"container\" data-e-type=\"container\" data-settings=\"{&quot;background_background&quot;:&quot;classic&quot;}\">\n\t\t\t\t\t<div class=\"e-con-inner\">\n\t\t<div class=\"elementor-element elementor-element-92f19e9 e-con-full e-flex e-con e-child\" data-id=\"92f19e9\" data-element_type=\"container\" data-e-type=\"container\">\n\t\t\t\t<div class=\"elementor-element elementor-element-fe0a031 elementor-widget elementor-widget-heading\" data-id=\"fe0a031\" data-element_type=\"widget\" data-e-type=\"widget\" data-widget_type=\"heading.default\">\n\t\t\t\t\t<h2 class=\"elementor-heading-title elementor-size-default\">Ax\u0131rda n\u0259 ba\u015f verir?<\/h2>\t\t\t\t<\/div>\n\t\t\t\t<div class=\"elementor-element elementor-element-6b1b260 elementor-widget__width-initial elementor-widget elementor-widget-text-editor\" data-id=\"6b1b260\" data-element_type=\"widget\" data-e-type=\"widget\" data-widget_type=\"text-editor.default\">\n\t\t\t\t\t\t\t\t\t<p>Markan\u0131n marketinqi s\u0259hv notda deyil.<\/p><p>Sat\u0131\u015f, istehsal v\u0259 idar\u0259etm\u0259 eyni dild\u0259 dan\u0131\u015f\u0131r.<br><br>Ne yapt\u0131\u011f\u0131n\u0131z\u0131 de\u011fil, neden yapt\u0131\u011f\u0131n\u0131z\u0131 bilen bir yap\u0131ya d\u00f6n\u00fc\u015f\u00fcrs\u00fcn\u00fcz.<\/p>\t\t\t\t\t\t\t\t<\/div>\n\t\t\t\t<\/div>\n\t\t<div class=\"elementor-element elementor-element-053e412 e-con-full e-flex e-con e-child\" data-id=\"053e412\" data-element_type=\"container\" data-e-type=\"container\">\n\t\t\t\t<div class=\"elementor-element elementor-element-5a44f46 elementor-widget elementor-widget-heading\" data-id=\"5a44f46\" data-element_type=\"widget\" data-e-type=\"widget\" data-widget_type=\"heading.default\">\n\t\t\t\t\t<h2 class=\"elementor-heading-title elementor-size-default\">Bu yaln\u0131z t\u0259lim deyil; bu bir sistem qurmaqd\u0131r.<\/h2>\t\t\t\t<\/div>\n\t\t\t\t<\/div>\n\t\t\t\t\t<\/div>\n\t\t\t\t<\/div>\n\t\t\t\t<\/div>\n\t\t","protected":false},"excerpt":{"rendered":"<p>MenecerT\u0259limi Biz markan\u0131n n\u0259 etdiyi il\u0259 yox, niy\u0259 etdiyi il\u0259 maraqlan\u0131r\u0131q. \u018fg\u0259r menecersinizs\u0259, bilm\u0259li oldu\u011funuz budur: Brendinq kommunikasiya tap\u015f\u0131r\u0131\u011f\u0131 deyil. Bu, sistem tap\u015f\u0131r\u0131\u011f\u0131d\u0131r. N\u0259 dediyini, kim\u0259 dediyini v\u0259 niy\u0259 dediyini bilm\u0259y\u0259n he\u00e7 bir struktur uzunm\u00fcdd\u0259tli m\u00f6vcudlu\u011funu davam etdir\u0259 bilm\u0259z. Biz markan\u0131n n\u0259 etdiyi il\u0259 maraqlanm\u0131r\u0131q, amma niy\u0259 etdiyi il\u0259 maraqlan\u0131r\u0131q. \u018fg\u0259r menecersinizs\u0259, bilm\u0259li oldu\u011funuz budur: [&hellip;]<\/p>\n","protected":false},"author":1,"featured_media":0,"parent":0,"menu_order":0,"comment_status":"closed","ping_status":"closed","template":"elementor_header_footer","meta":{"footnotes":""},"class_list":["post-10256","page","type-page","status-publish","hentry"],"_links":{"self":[{"href":"https:\/\/blog.codead.com.tr\/az\/wp-json\/wp\/v2\/pages\/10256","targetHints":{"allow":["GET"]}}],"collection":[{"href":"https:\/\/blog.codead.com.tr\/az\/wp-json\/wp\/v2\/pages"}],"about":[{"href":"https:\/\/blog.codead.com.tr\/az\/wp-json\/wp\/v2\/types\/page"}],"author":[{"embeddable":true,"href":"https:\/\/blog.codead.com.tr\/az\/wp-json\/wp\/v2\/users\/1"}],"replies":[{"embeddable":true,"href":"https:\/\/blog.codead.com.tr\/az\/wp-json\/wp\/v2\/comments?post=10256"}],"version-history":[{"count":0,"href":"https:\/\/blog.codead.com.tr\/az\/wp-json\/wp\/v2\/pages\/10256\/revisions"}],"wp:attachment":[{"href":"https:\/\/blog.codead.com.tr\/az\/wp-json\/wp\/v2\/media?parent=10256"}],"curies":[{"name":"wp","href":"https:\/\/api.w.org\/{rel}","templated":true}]}}